{"id":1576,"date":"2026-01-16T09:22:39","date_gmt":"2026-01-16T08:22:39","guid":{"rendered":"https:\/\/www.xave-vtc.com\/?page_id=1576"},"modified":"2026-02-11T10:23:09","modified_gmt":"2026-02-11T09:23:09","slug":"navette-aeroport","status":"publish","type":"page","link":"https:\/\/www.xave-vtc.com\/index.php\/navette-aeroport\/","title":{"rendered":"Navette a\u00e9roport"},"content":{"rendered":"\t\t<div data-elementor-type=\"wp-page\" data-elementor-id=\"1576\" class=\"elementor elementor-1576\">\n\t\t\t\t<div class=\"elementor-element elementor-element-9b83c9b e-flex e-con-boxed e-con e-parent\" data-id=\"9b83c9b\" data-element_type=\"container\" data-settings=\"{&quot;background_background&quot;:&quot;classic&quot;}\">\n\t\t\t\t\t<div class=\"e-con-inner\">\n\t\t<div class=\"elementor-element elementor-element-01aa0e1 e-con-full e-flex e-con e-child\" data-id=\"01aa0e1\" data-element_type=\"container\">\n\t\t\t\t<div class=\"elementor-element elementor-element-c1a4feb elementor-widget elementor-widget-text-editor\" data-id=\"c1a4feb\" data-element_type=\"widget\" data-widget_type=\"text-editor.default\">\n\t\t\t\t<div class=\"elementor-widget-container\">\n\t\t\t\t\t\t\t<h2><span style=\"color: #ffffff;\">Votre navette a\u00e9roport fiable, confortable et professionnelle<\/span><\/h2><h3><span style=\"color: #ffffff;\">Transport priv\u00e9 \u2013 France \u2022 Belgique<\/span><\/h3><p>Xave&rsquo;VTC vous accompagne pour tous vos transferts vers et depuis les a\u00e9roports , en France comme \u00e0 l&rsquo;international. <br \/>Voyagez en toute s\u00e9r\u00e9nit\u00e9 gr\u00e2ce \u00e0 un service haut de gamme, ponctuel et enti\u00e8rement personnalis\u00e9.<\/p><p>Nous desservons notamment :<\/p><h3><span style=\"color: #ffffff;\">\u00a0A\u00e9roports en France<\/span><\/h3><ul><li>Paris Charles-de-Gaulle (CDG)<\/li><li>Paris Orly (ORY)<\/li><li>Beauvais-Till\u00e9 (BVA)<\/li><li>Lesquin<\/li><\/ul><h3><span style=\"color: #ffffff;\">\u00a0A\u00e9roports en Belgique<\/span><\/h3><ul><li>Bruxelles Zaventem (BRU)<\/li><li>Bruxelles-Charleroi (CRL)<\/li><\/ul><h3><span style=\"color: #ffffff;\">\u00a0Un service VTC professionnel et r\u00e9glement\u00e9<\/span><\/h3><p>Avec Xave&rsquo;VTC, vous b\u00e9n\u00e9ficiez d&rsquo;un service s\u00e9rieux, l\u00e9gal et s\u00e9curis\u00e9 :<\/p><ul><li>Chauffeur VTC d\u00e9clar\u00e9 et exp\u00e9riment\u00e9<\/li><li>Badge a\u00e9roport officiel (acc\u00e8s zones professionnelles)<\/li><li>Parking professionnel a\u00e9roportuaire<\/li><li>V\u00e9hicule confortable, propre et climatis\u00e9<\/li><li>Assurance transport de personnes<\/li><li>Ponctualit\u00e9, discr\u00e9tion et professionnalisme<\/li><\/ul>\t\t\t\t\t\t<\/div>\n\t\t\t\t<\/div>\n\t\t\t\t<\/div>\n\t\t<div class=\"elementor-element elementor-element-832434b e-con-full e-flex e-con e-child\" data-id=\"832434b\" data-element_type=\"container\">\n\t\t\t\t<div class=\"elementor-element elementor-element-493e29a elementor-widget__width-initial elementor-widget elementor-widget-image\" data-id=\"493e29a\" data-element_type=\"widget\" data-widget_type=\"image.default\">\n\t\t\t\t<div class=\"elementor-widget-container\">\n\t\t\t\t\t\t\t\t\t\t\t\t\t<img fetchpriority=\"high\" decoding=\"async\" width=\"534\" height=\"736\" src=\"https:\/\/www.xave-vtc.com\/wp-content\/uploads\/2026\/01\/Capture-decran-2026-01-16-a-09.43.20.png\" class=\"attachment-large size-large wp-image-1579\" alt=\"\" srcset=\"https:\/\/www.xave-vtc.com\/wp-content\/uploads\/2026\/01\/Capture-decran-2026-01-16-a-09.43.20.png 534w, https:\/\/www.xave-vtc.com\/wp-content\/uploads\/2026\/01\/Capture-decran-2026-01-16-a-09.43.20-218x300.png 218w\" sizes=\"(max-width: 534px) 100vw, 534px\" \/>\t\t\t\t\t\t\t\t\t\t\t\t\t<\/div>\n\t\t\t\t<\/div>\n\t\t\t\t<\/div>\n\t\t\t\t\t<\/div>\n\t\t\t\t<\/div>\n\t\t<div class=\"elementor-element elementor-element-9848d9d e-flex e-con-boxed e-con e-parent\" data-id=\"9848d9d\" data-element_type=\"container\" data-settings=\"{&quot;background_background&quot;:&quot;gradient&quot;}\">\n\t\t\t\t\t<div class=\"e-con-inner\">\n\t\t\t\t<div class=\"elementor-element elementor-element-ef5973d elementor-widget elementor-widget-text-editor\" data-id=\"ef5973d\" data-element_type=\"widget\" data-widget_type=\"text-editor.default\">\n\t\t\t\t<div class=\"elementor-widget-container\">\n\t\t\t\t\t\t\t<h2><span style=\"color: #ffffff;\">Acc\u00e8s parking professionnel a\u00e9roport<\/span><\/h2><p class=\"Textbody\">Gr\u00e2ce \u00e0 notre <span class=\"StrongEmphasis\">autorisation officielle<\/span> , nous contr\u00f4lons :<\/p><p class=\"Textbody\">\u2714\ufe0f Prise en charge directe au terminal <br \/>\u2714\ufe0f Aide avec les bagages <br \/>\u2714\ufe0f Accueil personnalis\u00e9 (pancarte sur demande) <br \/>\u2714\ufe0f Gain de temps \u00e0 l&rsquo;arriv\u00e9e comme au d\u00e9part<\/p>\t\t\t\t\t\t<\/div>\n\t\t\t\t<\/div>\n\t\t\t\t\t<\/div>\n\t\t\t\t<\/div>\n\t\t<div class=\"elementor-element elementor-element-b8ef279 e-flex e-con-boxed e-con e-parent\" data-id=\"b8ef279\" data-element_type=\"container\" data-settings=\"{&quot;background_background&quot;:&quot;classic&quot;}\">\n\t\t\t\t\t<div class=\"e-con-inner\">\n\t\t\t\t<div class=\"elementor-element elementor-element-cb68f2f elementor-widget elementor-widget-text-editor\" data-id=\"cb68f2f\" data-element_type=\"widget\" data-widget_type=\"text-editor.default\">\n\t\t\t\t<div class=\"elementor-widget-container\">\n\t\t\t\t\t\t\t<h2><span style=\"color: #343b55;\">Trajets longue distance \u2013 France \u2022 Belgique<\/span><\/h2><p><span style=\"color: #343b55;\">Xave&rsquo;VTC est sp\u00e9cialis\u00e9 dans les voyages longue distance internationaux, notamment :<\/span><\/p><p><span style=\"color: #343b55;\"><strong>France &gt; Belgique<\/strong><\/span><\/p><p><span style=\"color: #343b55;\"><strong>Belgique &gt; France<\/strong><\/span><\/p><p><span style=\"color: #343b55;\">Id\u00e9al pour :<\/span><\/p><ul><li><span style=\"color: #343b55;\">professionnels des d\u00e9placements<\/span><\/li><li><span style=\"color: #343b55;\">voyages d&rsquo;affaires<\/span><\/li><li><span style=\"color: #343b55;\">rendez-vous internationaux<\/span><\/li><li><span style=\"color: #343b55;\">familles et groupes<\/span><\/li><li><span style=\"color: #343b55;\">transferts confortables sans stress<\/span><\/li><\/ul>\t\t\t\t\t\t<\/div>\n\t\t\t\t<\/div>\n\t\t\t\t\t<\/div>\n\t\t\t\t<\/div>\n\t\t\t\t<section class=\"elementor-section elementor-top-section elementor-element elementor-element-3fd6cef elementor-section-boxed elementor-section-height-default elementor-section-height-default\" data-id=\"3fd6cef\" data-element_type=\"section\" data-settings=\"{&quot;background_background&quot;:&quot;classic&quot;}\">\n\t\t\t\t\t\t<div class=\"elementor-container elementor-column-gap-default\">\n\t\t\t\t\t<div class=\"elementor-column elementor-col-50 elementor-top-column elementor-element elementor-element-993ba72\" data-id=\"993ba72\" data-element_type=\"column\">\n\t\t\t<div class=\"elementor-widget-wrap elementor-element-populated\">\n\t\t\t\t\t\t<div class=\"elementor-element elementor-element-d02c438 elementor-widget elementor-widget-heading\" data-id=\"d02c438\" data-element_type=\"widget\" data-widget_type=\"heading.default\">\n\t\t\t\t<div class=\"elementor-widget-container\">\n\t\t\t<h2 class=\"elementor-heading-title elementor-size-default\">Particuliers &amp; professionnels<\/h2>\t\t<\/div>\n\t\t\t\t<\/div>\n\t\t\t\t<div class=\"elementor-element elementor-element-5fcc619 elementor-widget elementor-widget-text-editor\" data-id=\"5fcc619\" data-element_type=\"widget\" data-widget_type=\"text-editor.default\">\n\t\t\t\t<div class=\"elementor-widget-container\">\n\t\t\t\t\t\t\t<div class=\"page\" title=\"Page 2\"><div class=\"section\"><div class=\"layoutArea\"><div class=\"column\"><p>Nous travaillons avec :<\/p><ul><li>entreprises<\/li><li>h\u00f4tels<\/li><li>agences de voyage<\/li><li>organisateurs d&rsquo;\u00e9v\u00e9nements<\/li><li>clients priv\u00e9s<\/li><\/ul><p>\u27a1\ufe0f Solutions sur mesure disponibles <br \/>\u27a1\ufe0f Facturation professionnelle possible <br \/>\u27a1\ufe0f Mise \u00e0 disposition avec chauffeur<\/p><p>\u00a0<\/p><\/div><\/div><\/div><\/div>\t\t\t\t\t\t<\/div>\n\t\t\t\t<\/div>\n\t\t\t\t\t<\/div>\n\t\t<\/div>\n\t\t\t\t<div class=\"elementor-column elementor-col-50 elementor-top-column elementor-element elementor-element-cbce562\" data-id=\"cbce562\" data-element_type=\"column\">\n\t\t\t<div class=\"elementor-widget-wrap elementor-element-populated\">\n\t\t\t\t\t\t<div class=\"elementor-element elementor-element-18963bb elementor-widget elementor-widget-heading\" data-id=\"18963bb\" data-element_type=\"widget\" data-widget_type=\"heading.default\">\n\t\t\t\t<div class=\"elementor-widget-container\">\n\t\t\t<h2 class=\"elementor-heading-title elementor-size-default\">Tarifs clairs et r\u00e9servation simple<\/h2>\t\t<\/div>\n\t\t\t\t<\/div>\n\t\t\t\t<div class=\"elementor-element elementor-element-6555e0e elementor-widget elementor-widget-text-editor\" data-id=\"6555e0e\" data-element_type=\"widget\" data-widget_type=\"text-editor.default\">\n\t\t\t\t<div class=\"elementor-widget-container\">\n\t\t\t\t\t\t\t<div class=\"page\" title=\"Page 2\"><div class=\"section\"><div class=\"layoutArea\"><div class=\"column\"><ul><li><p class=\"Textbody\">\u00a0Tarifs transparents <\/p><\/li><li><p class=\"Textbody\">\u00a0Aucun frais cach\u00e9 <\/p><\/li><li><p class=\"Textbody\">\u00a0Paiement s\u00e9curis\u00e9 <\/p><\/li><li><p class=\"Textbody\">\u00a0R\u00e9servation simple et rapide<\/p><\/li><\/ul><\/div><\/div><\/div><\/div>\t\t\t\t\t\t<\/div>\n\t\t\t\t<\/div>\n\t\t\t\t<div class=\"elementor-element elementor-element-0382c38 elementor-widget elementor-widget-heading\" data-id=\"0382c38\" data-element_type=\"widget\" data-widget_type=\"heading.default\">\n\t\t\t\t<div class=\"elementor-widget-container\">\n\t\t\t<h2 class=\"elementor-heading-title elementor-size-default\">Disponibilit\u00e9 &amp; suivi des vols<\/h2>\t\t<\/div>\n\t\t\t\t<\/div>\n\t\t\t\t<div class=\"elementor-element elementor-element-3132c9b elementor-widget elementor-widget-text-editor\" data-id=\"3132c9b\" data-element_type=\"widget\" data-widget_type=\"text-editor.default\">\n\t\t\t\t<div class=\"elementor-widget-container\">\n\t\t\t\t\t\t\t<div class=\"page\" title=\"Page 3\"><div class=\"section\"><div class=\"layoutArea\"><div class=\"column\"><ul><li><p class=\"Textbody\">Service <span class=\"StrongEmphasis\">24h\/24 \u2013 7j\/7<\/span><br \/>\u2708\ufe0fSuivi en temps r\u00e9el des vols <br \/>Ajustement automatique en cas de retard ou d&rsquo;avance<\/p><p class=\"Textbody\">Votre chauffeur vous attend, m\u00eame en cas d&rsquo;impr\u00e9vu.<\/p><\/li><\/ul><p>\u00a0<\/p><\/div><\/div><\/div><\/div>\t\t\t\t\t\t<\/div>\n\t\t\t\t<\/div>\n\t\t\t\t\t<\/div>\n\t\t<\/div>\n\t\t\t\t\t<\/div>\n\t\t<\/section>\n\t\t<div class=\"elementor-element elementor-element-f076d81 e-flex e-con-boxed e-con e-parent\" data-id=\"f076d81\" data-element_type=\"container\" data-settings=\"{&quot;background_background&quot;:&quot;gradient&quot;}\">\n\t\t\t\t\t<div class=\"e-con-inner\">\n\t\t\t\t<div class=\"elementor-element elementor-element-e9dfbf4 elementor-widget elementor-widget-text-editor\" data-id=\"e9dfbf4\" data-element_type=\"widget\" data-widget_type=\"text-editor.default\">\n\t\t\t\t<div class=\"elementor-widget-container\">\n\t\t\t\t\t\t\t<h2><span style=\"color: #ffffff;\">Pourquoi choisir Xave&rsquo;VTC ?<\/span><\/h2><p class=\"Textbody\">\u2714\ufe0f Expertise a\u00e9roportuaire reconnue <br \/>\u2714\ufe0f Service premium et personnalis\u00e9 <br \/>\u2714\ufe0f V\u00e9hicule haut de gamme <br \/>\u2714\ufe0f Chauffeur discret et ponctuel <br \/>\u2714\ufe0f Liaisons France \u2013 Belgique \u2013 Angleterre<\/p>\t\t\t\t\t\t<\/div>\n\t\t\t\t<\/div>\n\t\t\t\t<div class=\"elementor-element elementor-element-a77e391 elementor-widget elementor-widget-text-editor\" data-id=\"a77e391\" data-element_type=\"widget\" data-widget_type=\"text-editor.default\">\n\t\t\t\t<div class=\"elementor-widget-container\">\n\t\t\t\t\t\t\t<h2><span style=\"color: #ffffff;\">Xave&rsquo;VTC \u2013 Votre partenaire mobilit\u00e9 internationale<\/span><\/h2><p class=\"Textbody\"><span class=\"StrongEmphasis\">Navette a\u00e9roport \u2022 Transferts longue distance \u2022 Transport priv\u00e9 premium<\/span><\/p><p class=\"Textbody\">R\u00e9servez d\u00e8s maintenant avec <span class=\"StrongEmphasis\">Xave&rsquo;VTC<\/span> et voyagez l&rsquo;esprit libre.<\/p>\t\t\t\t\t\t<\/div>\n\t\t\t\t<\/div>\n\t\t\t\t\t<\/div>\n\t\t\t\t<\/div>\n\t\t\t\t<\/div>\n\t\t","protected":false},"excerpt":{"rendered":"<p>Votre navette a\u00e9roport fiable, confortable et professionnelle Transport priv\u00e9 \u2013 France \u2022 Belgique Xave&rsquo;VTC vous accompagne pour tous vos transferts vers et depuis les a\u00e9roports , en France comme \u00e0 l&rsquo;international. Voyagez en toute s\u00e9r\u00e9nit\u00e9 gr\u00e2ce \u00e0 un service haut de gamme, ponctuel et enti\u00e8rement personnalis\u00e9. Nous desservons notamment : \u00a0A\u00e9roports en France Paris Charles-de-Gaulle<br \/><a class=\"moretag\" href=\"https:\/\/www.xave-vtc.com\/index.php\/navette-aeroport\/\">+ Read More<\/a><\/p>\n","protected":false},"author":1,"featured_media":0,"parent":0,"menu_order":0,"comment_status":"closed","ping_status":"closed","template":"templates\/page-builder.php","meta":{"footnotes":""},"class_list":["post-1576","page","type-page","status-publish","hentry"],"_links":{"self":[{"href":"https:\/\/www.xave-vtc.com\/index.php\/wp-json\/wp\/v2\/pages\/1576","targetHints":{"allow":["GET"]}}],"collection":[{"href":"https:\/\/www.xave-vtc.com\/index.php\/wp-json\/wp\/v2\/pages"}],"about":[{"href":"https:\/\/www.xave-vtc.com\/index.php\/wp-json\/wp\/v2\/types\/page"}],"author":[{"embeddable":true,"href":"https:\/\/www.xave-vtc.com\/index.php\/wp-json\/wp\/v2\/users\/1"}],"replies":[{"embeddable":true,"href":"https:\/\/www.xave-vtc.com\/index.php\/wp-json\/wp\/v2\/comments?post=1576"}],"version-history":[{"count":19,"href":"https:\/\/www.xave-vtc.com\/index.php\/wp-json\/wp\/v2\/pages\/1576\/revisions"}],"predecessor-version":[{"id":1809,"href":"https:\/\/www.xave-vtc.com\/index.php\/wp-json\/wp\/v2\/pages\/1576\/revisions\/1809"}],"wp:attachment":[{"href":"https:\/\/www.xave-vtc.com\/index.php\/wp-json\/wp\/v2\/media?parent=1576"}],"curies":[{"name":"wp","href":"https:\/\/api.w.org\/{rel}","templated":true}]}}