{"id":1596,"date":"2026-01-16T14:16:54","date_gmt":"2026-01-16T13:16:54","guid":{"rendered":"https:\/\/www.xave-vtc.com\/?page_id=1596"},"modified":"2026-02-11T10:01:32","modified_gmt":"2026-02-11T09:01:32","slug":"vtc-lens","status":"publish","type":"page","link":"https:\/\/www.xave-vtc.com\/index.php\/vtc-lens\/","title":{"rendered":"VTC Lens-B\u00e9thune"},"content":{"rendered":"\t\t<div data-elementor-type=\"wp-page\" data-elementor-id=\"1596\" class=\"elementor elementor-1596\">\n\t\t\t\t<div class=\"elementor-element elementor-element-310b60b e-flex e-con-boxed e-con e-parent\" data-id=\"310b60b\" data-element_type=\"container\" data-settings=\"{&quot;background_background&quot;:&quot;classic&quot;}\">\n\t\t\t\t\t<div class=\"e-con-inner\">\n\t\t<div class=\"elementor-element elementor-element-c9c1f48 e-con-full e-flex e-con e-child\" data-id=\"c9c1f48\" data-element_type=\"container\">\n\t\t\t\t<div class=\"elementor-element elementor-element-ee2d539 elementor-widget__width-initial elementor-widget elementor-widget-image\" data-id=\"ee2d539\" data-element_type=\"widget\" data-widget_type=\"image.default\">\n\t\t\t\t<div class=\"elementor-widget-container\">\n\t\t\t\t\t\t\t\t\t\t\t\t\t<img fetchpriority=\"high\" decoding=\"async\" width=\"690\" height=\"493\" src=\"https:\/\/www.xave-vtc.com\/wp-content\/uploads\/2026\/01\/Capture-decran-2026-01-16-a-11.58.20.png\" class=\"attachment-large size-large wp-image-1592\" alt=\"\" srcset=\"https:\/\/www.xave-vtc.com\/wp-content\/uploads\/2026\/01\/Capture-decran-2026-01-16-a-11.58.20.png 812w, https:\/\/www.xave-vtc.com\/wp-content\/uploads\/2026\/01\/Capture-decran-2026-01-16-a-11.58.20-300x214.png 300w, https:\/\/www.xave-vtc.com\/wp-content\/uploads\/2026\/01\/Capture-decran-2026-01-16-a-11.58.20-768x549.png 768w\" sizes=\"(max-width: 690px) 100vw, 690px\" \/>\t\t\t\t\t\t\t\t\t\t\t\t\t<\/div>\n\t\t\t\t<\/div>\n\t\t\t\t<\/div>\n\t\t\t\t<div class=\"elementor-element elementor-element-698914d elementor-widget elementor-widget-text-editor\" data-id=\"698914d\" data-element_type=\"widget\" data-widget_type=\"text-editor.default\">\n\t\t\t\t<div class=\"elementor-widget-container\">\n\t\t\t\t\t\t\t<h2><span style=\"color: #ffffff;\">Votre chauffeur VTC local \u00e0 B\u00e9thune, Lens et alentours<\/span><\/h2><p data-start=\"165\" data-end=\"388\">Bienvenue chez Xave\u2019VTC, votre chauffeur priv\u00e9 professionnel \u00e0 Lens, sp\u00e9cialis\u00e9 dans les navettes a\u00e9roport, les d\u00e9placements professionnels et les trajets priv\u00e9s.<\/p><p data-start=\"390\" data-end=\"510\">Bas\u00e9 localement, Xave\u2019VTC vous garantit un service ponctuel, confortable et fiable, reconnu sur Google Business Profile.<\/p><p>\u00a0<\/p>\t\t\t\t\t\t<\/div>\n\t\t\t\t<\/div>\n\t\t\t\t\t<\/div>\n\t\t\t\t<\/div>\n\t\t<div class=\"elementor-element elementor-element-fa6f67a e-flex e-con-boxed e-con e-parent\" data-id=\"fa6f67a\" data-element_type=\"container\" data-settings=\"{&quot;background_background&quot;:&quot;gradient&quot;}\">\n\t\t\t\t\t<div class=\"e-con-inner\">\n\t\t\t\t<div class=\"elementor-element elementor-element-a98e0d3 elementor-widget__width-initial elementor-widget elementor-widget-spacer\" data-id=\"a98e0d3\" data-element_type=\"widget\" data-widget_type=\"spacer.default\">\n\t\t\t\t<div class=\"elementor-widget-container\">\n\t\t\t\t\t<div class=\"elementor-spacer\">\n\t\t\t<div class=\"elementor-spacer-inner\"><\/div>\n\t\t<\/div>\n\t\t\t\t<\/div>\n\t\t\t\t<\/div>\n\t\t\t\t<div class=\"elementor-element elementor-element-52668b8 elementor-widget elementor-widget-text-editor\" data-id=\"52668b8\" data-element_type=\"widget\" data-widget_type=\"text-editor.default\">\n\t\t\t\t<div class=\"elementor-widget-container\">\n\t\t\t\t\t\t\t<div class=\"page\" title=\"Page 2\"><h2><span style=\"color: #ffffff;\">VTC local \u00e0 B\u00e9thune<\/span><\/h2>Chez Xave\u2019VTC, nous mettons en avant un service de VTC local \u00e0 B\u00e9thune, pens\u00e9 pour les habitants, professionnels et visiteurs de la r\u00e9gion.<br data-start=\"921\" data-end=\"924\" \/>Choisir un chauffeur VTC local \u00e0 B\u00e9thune, c\u2019est b\u00e9n\u00e9ficier :<\/div><ul><li class=\"page\" title=\"Page 2\">d\u2019une parfaite connaissance du secteur<\/li><li class=\"page\" title=\"Page 2\">d\u2019itin\u00e9raires optimis\u00e9s pour \u00e9viter les retards<\/li><li class=\"page\" title=\"Page 2\">d\u2019un service humain, fiable et de proximit\u00e9<\/li><\/ul><div class=\"page\" title=\"Page 2\"><br data-start=\"1127\" data-end=\"1130\" \/>Que ce soit pour un trajet court, une navette a\u00e9roport ou un d\u00e9placement professionnel, Xave\u2019VTC est votre r\u00e9f\u00e9rence locale \u00e0 B\u00e9thune.<\/div>\t\t\t\t\t\t<\/div>\n\t\t\t\t<\/div>\n\t\t\t\t\t<\/div>\n\t\t\t\t<\/div>\n\t\t<div class=\"elementor-element elementor-element-cdec9d5 e-flex e-con-boxed e-con e-parent\" data-id=\"cdec9d5\" data-element_type=\"container\" data-settings=\"{&quot;background_background&quot;:&quot;classic&quot;}\">\n\t\t\t\t\t<div class=\"e-con-inner\">\n\t\t\t\t<div class=\"elementor-element elementor-element-be9e969 elementor-widget__width-initial elementor-widget elementor-widget-spacer\" data-id=\"be9e969\" data-element_type=\"widget\" data-widget_type=\"spacer.default\">\n\t\t\t\t<div class=\"elementor-widget-container\">\n\t\t\t\t\t<div class=\"elementor-spacer\">\n\t\t\t<div class=\"elementor-spacer-inner\"><\/div>\n\t\t<\/div>\n\t\t\t\t<\/div>\n\t\t\t\t<\/div>\n\t\t\t\t<div class=\"elementor-element elementor-element-c7d866d elementor-widget elementor-widget-text-editor\" data-id=\"c7d866d\" data-element_type=\"widget\" data-widget_type=\"text-editor.default\">\n\t\t\t\t<div class=\"elementor-widget-container\">\n\t\t\t\t\t\t\t<div class=\"page\" title=\"Page 2\"><h2>VTC local \u00e0 Lens<\/h2><p data-start=\"1266\" data-end=\"1651\">Xave\u2019VTC propose \u00e9galement un service de VTC local \u00e0 Lens, adapt\u00e9 aux besoins des particuliers comme des professionnels.<br data-start=\"1409\" data-end=\"1412\" \/>Faire appel \u00e0 un chauffeur VTC local \u00e0 Lens, c\u2019est profiter :<\/p><ul><li data-start=\"1266\" data-end=\"1651\">d\u2019une excellente connaissance de la ville et de ses axes<\/li><li data-start=\"1266\" data-end=\"1651\">d\u2019une prise en charge rapide et ponctuelle<\/li><li data-start=\"1266\" data-end=\"1651\">d\u2019un service fiable pour vos trajets quotidiens ou occasionnels<\/li><\/ul><p data-start=\"1653\" data-end=\"1774\">Que vous soyez \u00e0 Lens centre, Li\u00e9vin, Loos-en-Gohelle ou aux alentours, Xave\u2019VTC vous accompagne avec s\u00e9rieux et confort.<\/p><\/div>\t\t\t\t\t\t<\/div>\n\t\t\t\t<\/div>\n\t\t\t\t\t<\/div>\n\t\t\t\t<\/div>\n\t\t<div class=\"elementor-element elementor-element-528311d e-flex e-con-boxed e-con e-parent\" data-id=\"528311d\" data-element_type=\"container\" data-settings=\"{&quot;background_background&quot;:&quot;classic&quot;}\">\n\t\t\t\t\t<div class=\"e-con-inner\">\n\t\t\t\t<div class=\"elementor-element elementor-element-dd5a1c7 elementor-widget elementor-widget-text-editor\" data-id=\"dd5a1c7\" data-element_type=\"widget\" data-widget_type=\"text-editor.default\">\n\t\t\t\t<div class=\"elementor-widget-container\">\n\t\t\t\t\t\t\t<h2><span style=\"color: #ffffff;\">Nos services VTC \u00e0 B\u00e9thune &amp; Lens<\/span><\/h2><h3>\u00a0<span style=\"color: #ffffff;\">Navettes a\u00e9roport<\/span><\/h3><ul><li>A\u00e9roport de Lille-Lesquin<\/li><li>Paris Charles-de-Gaulle<\/li><li>Paris Orly<\/li><li>Bruxelles<\/li><\/ul><p>Suivi des vols, ponctualit\u00e9 garantie et prise en charge personnalis\u00e9e.<\/p><h3>\u00a0<span style=\"color: #ffffff;\">Chauffeur priv\u00e9 &amp; d\u00e9placements professionnels<\/span><\/h3><ul><li>Rendez-vous d\u2019affaires<\/li><li>Mise \u00e0 disposition<\/li><li>Transport confortable et discret<\/li><\/ul><h3>\u00a0<span style=\"color: #ffffff;\">Transport priv\u00e9 &amp; \u00e9v\u00e9nements<\/span><\/h3><ul><li>Mariages<\/li><li>Soir\u00e9es et \u00e9v\u00e9nements<\/li><li>Longues distances<\/li><\/ul>\t\t\t\t\t\t<\/div>\n\t\t\t\t<\/div>\n\t\t\t\t<div class=\"elementor-element elementor-element-73f38a7 elementor-widget__width-initial elementor-widget elementor-widget-spacer\" data-id=\"73f38a7\" data-element_type=\"widget\" data-widget_type=\"spacer.default\">\n\t\t\t\t<div class=\"elementor-widget-container\">\n\t\t\t\t\t<div class=\"elementor-spacer\">\n\t\t\t<div class=\"elementor-spacer-inner\"><\/div>\n\t\t<\/div>\n\t\t\t\t<\/div>\n\t\t\t\t<\/div>\n\t\t<div class=\"elementor-element elementor-element-6ca63d8 e-con-full e-flex e-con e-child\" data-id=\"6ca63d8\" data-element_type=\"container\">\n\t\t\t\t<div class=\"elementor-element elementor-element-08bbde6 elementor-widget__width-initial elementor-widget elementor-widget-image\" data-id=\"08bbde6\" data-element_type=\"widget\" data-widget_type=\"image.default\">\n\t\t\t\t<div class=\"elementor-widget-container\">\n\t\t\t\t\t\t\t\t\t\t\t\t\t<img decoding=\"async\" width=\"690\" height=\"460\" src=\"https:\/\/www.xave-vtc.com\/wp-content\/uploads\/2024\/12\/453595967_122106069344429833_6403674007390988939_n-1024x683.jpg\" class=\"attachment-large size-large wp-image-814\" alt=\"\" srcset=\"https:\/\/www.xave-vtc.com\/wp-content\/uploads\/2024\/12\/453595967_122106069344429833_6403674007390988939_n-1024x683.jpg 1024w, https:\/\/www.xave-vtc.com\/wp-content\/uploads\/2024\/12\/453595967_122106069344429833_6403674007390988939_n-300x200.jpg 300w, https:\/\/www.xave-vtc.com\/wp-content\/uploads\/2024\/12\/453595967_122106069344429833_6403674007390988939_n-768x512.jpg 768w, https:\/\/www.xave-vtc.com\/wp-content\/uploads\/2024\/12\/453595967_122106069344429833_6403674007390988939_n-1536x1025.jpg 1536w, https:\/\/www.xave-vtc.com\/wp-content\/uploads\/2024\/12\/453595967_122106069344429833_6403674007390988939_n.jpg 2048w\" sizes=\"(max-width: 690px) 100vw, 690px\" \/>\t\t\t\t\t\t\t\t\t\t\t\t\t<\/div>\n\t\t\t\t<\/div>\n\t\t\t\t<\/div>\n\t\t\t\t\t<\/div>\n\t\t\t\t<\/div>\n\t\t<div class=\"elementor-element elementor-element-1e9a773 e-flex e-con-boxed e-con e-parent\" data-id=\"1e9a773\" data-element_type=\"container\" data-settings=\"{&quot;background_background&quot;:&quot;gradient&quot;}\">\n\t\t\t\t\t<div class=\"e-con-inner\">\n\t\t\t\t<div class=\"elementor-element elementor-element-ed2ab57 elementor-widget__width-initial elementor-widget elementor-widget-text-editor\" data-id=\"ed2ab57\" data-element_type=\"widget\" data-widget_type=\"text-editor.default\">\n\t\t\t\t<div class=\"elementor-widget-container\">\n\t\t\t\t\t\t\t<div class=\"page\" title=\"Page 2\"><h2 style=\"text-align: left;\"><span style=\"color: #ffffff;\">\u00a0Pourquoi choisir Xave\u2019VTC ?<\/span><\/h2><ul><li>Chauffeur VTC professionnel et exp\u00e9riment\u00e9<\/li><li>Service local \u00e0 B\u00e9thune et Lens<\/li><li>V\u00e9hicule confortable, propre et climatis\u00e9<\/li><li>Tarifs transparents, sans surprise<\/li><li>Excellents avis clients sur Google<\/li><\/ul><\/div>\t\t\t\t\t\t<\/div>\n\t\t\t\t<\/div>\n\t\t\t\t\t<\/div>\n\t\t\t\t<\/div>\n\t\t\t\t<section class=\"elementor-section elementor-top-section elementor-element elementor-element-8a81fb7 elementor-section-boxed elementor-section-height-default elementor-section-height-default\" data-id=\"8a81fb7\" data-element_type=\"section\" data-settings=\"{&quot;background_background&quot;:&quot;classic&quot;}\">\n\t\t\t\t\t\t<div class=\"elementor-container elementor-column-gap-default\">\n\t\t\t\t\t<div class=\"elementor-column elementor-col-50 elementor-top-column elementor-element elementor-element-840220a\" data-id=\"840220a\" data-element_type=\"column\" data-settings=\"{&quot;background_background&quot;:&quot;classic&quot;}\">\n\t\t\t<div class=\"elementor-widget-wrap elementor-element-populated\">\n\t\t\t\t\t\t<div class=\"elementor-element elementor-element-362c3c7 elementor-widget elementor-widget-heading\" data-id=\"362c3c7\" data-element_type=\"widget\" data-widget_type=\"heading.default\">\n\t\t\t\t<div class=\"elementor-widget-container\">\n\t\t\t<h2 class=\"elementor-heading-title elementor-size-default\">Zone d\u2019intervention<\/h2>\t\t<\/div>\n\t\t\t\t<\/div>\n\t\t\t\t<div class=\"elementor-element elementor-element-5cff53a elementor-widget elementor-widget-text-editor\" data-id=\"5cff53a\" data-element_type=\"widget\" data-widget_type=\"text-editor.default\">\n\t\t\t\t<div class=\"elementor-widget-container\">\n\t\t\t\t\t\t\t<div class=\"page\" title=\"Page 3\"><div class=\"section\"><div class=\"layoutArea\"><div class=\"column\">Nous intervenons principalement \u00e0 :<br data-start=\"2535\" data-end=\"2538\" \/>B\u00e9thune, Lens, Bruay-la-Buissi\u00e8re, Noeux-les-Mines, Li\u00e9vin, Arras et dans toute la r\u00e9gion Hauts-de-France.<\/div><div class=\"column\"><br data-start=\"2644\" data-end=\"2647\" \/>Les trajets longue distance sont \u00e9galement possibles partout en France et en Belgique.<\/div><\/div><\/div><\/div>\t\t\t\t\t\t<\/div>\n\t\t\t\t<\/div>\n\t\t\t\t\t<\/div>\n\t\t<\/div>\n\t\t\t\t<div class=\"elementor-column elementor-col-50 elementor-top-column elementor-element elementor-element-6578563\" data-id=\"6578563\" data-element_type=\"column\">\n\t\t\t<div class=\"elementor-widget-wrap elementor-element-populated\">\n\t\t\t\t\t\t<div class=\"elementor-element elementor-element-b86f02a elementor-widget elementor-widget-heading\" data-id=\"b86f02a\" data-element_type=\"widget\" data-widget_type=\"heading.default\">\n\t\t\t\t<div class=\"elementor-widget-container\">\n\t\t\t<h2 class=\"elementor-heading-title elementor-size-default\">R\u00e9server votre VTC \u00e0 B\u00e9thune ou Lens<\/h2>\t\t<\/div>\n\t\t\t\t<\/div>\n\t\t\t\t<div class=\"elementor-element elementor-element-65ec1dc elementor-widget elementor-widget-text-editor\" data-id=\"65ec1dc\" data-element_type=\"widget\" data-widget_type=\"text-editor.default\">\n\t\t\t\t<div class=\"elementor-widget-container\">\n\t\t\t\t\t\t\t<div class=\"page\" title=\"Page 3\"><div class=\"section\"><div class=\"layoutArea\"><div class=\"column\"><p class=\"Textbody\">R\u00e9servation conseill\u00e9e \u00e0 l\u2019avance<br \/>Disponible 7j\/7 sur r\u00e9servation<\/p><\/div><\/div><\/div><\/div>\t\t\t\t\t\t<\/div>\n\t\t\t\t<\/div>\n\t\t\t\t\t<\/div>\n\t\t<\/div>\n\t\t\t\t\t<\/div>\n\t\t<\/section>\n\t\t\t\t<section class=\"elementor-section elementor-top-section elementor-element elementor-element-ff0598f elementor-section-full_width elementor-section-height-default elementor-section-height-default\" data-id=\"ff0598f\" data-element_type=\"section\" data-settings=\"{&quot;background_background&quot;:&quot;gradient&quot;}\">\n\t\t\t\t\t\t<div class=\"elementor-container elementor-column-gap-default\">\n\t\t\t\t\t<div class=\"elementor-column elementor-col-100 elementor-top-column elementor-element elementor-element-f722af4\" data-id=\"f722af4\" data-element_type=\"column\">\n\t\t\t<div class=\"elementor-widget-wrap elementor-element-populated\">\n\t\t\t\t\t\t<section class=\"elementor-section elementor-inner-section elementor-element elementor-element-82a2a36 elementor-section-boxed elementor-section-height-default elementor-section-height-default\" data-id=\"82a2a36\" data-element_type=\"section\">\n\t\t\t\t\t\t<div class=\"elementor-container elementor-column-gap-default\">\n\t\t\t\t\t<div class=\"elementor-column elementor-col-100 elementor-inner-column elementor-element elementor-element-e8d7dc7\" data-id=\"e8d7dc7\" data-element_type=\"column\">\n\t\t\t<div class=\"elementor-widget-wrap elementor-element-populated\">\n\t\t\t\t\t\t<div class=\"elementor-element elementor-element-a4c48f8 elementor-widget elementor-widget-heading\" data-id=\"a4c48f8\" data-element_type=\"widget\" data-widget_type=\"heading.default\">\n\t\t\t\t<div class=\"elementor-widget-container\">\n\t\t\t<h2 class=\"elementor-heading-title elementor-size-default\">FAQ \u2013 VTC B\u00e9thune &amp; Lens<\/h2>\t\t<\/div>\n\t\t\t\t<\/div>\n\t\t\t\t<div class=\"elementor-element elementor-element-fc5afdb elementor-widget elementor-widget-n-accordion\" data-id=\"fc5afdb\" data-element_type=\"widget\" data-settings=\"{&quot;default_state&quot;:&quot;expanded&quot;,&quot;max_items_expended&quot;:&quot;one&quot;,&quot;n_accordion_animation_duration&quot;:{&quot;unit&quot;:&quot;ms&quot;,&quot;size&quot;:400,&quot;sizes&quot;:[]}}\" data-widget_type=\"nested-accordion.default\">\n\t\t\t\t<div class=\"elementor-widget-container\">\n\t\t\t\t\t<div class=\"e-n-accordion\" aria-label=\"Accordion. Open links with Enter or Space, close with Escape, and navigate with Arrow Keys\">\n\t\t\t\t\t\t<details id=\"e-n-accordion-item-2640\" class=\"e-n-accordion-item\" open>\n\t\t\t\t<summary class=\"e-n-accordion-item-title\" data-accordion-index=\"1\" tabindex=\"0\" aria-expanded=\"true\" aria-controls=\"e-n-accordion-item-2640\" >\n\t\t\t\t\t<span class='e-n-accordion-item-title-header'><div class=\"e-n-accordion-item-title-text\"> Combien co\u00fbte un chauffeur VTC ? <\/div><\/span>\n\t\t\t\t\t\t\t<span class='e-n-accordion-item-title-icon'>\n\t\t\t<span class='e-opened' ><svg aria-hidden=\"true\" class=\"e-font-icon-svg e-fas-minus\" viewBox=\"0 0 448 512\" xmlns=\"http:\/\/www.w3.org\/2000\/svg\"><path d=\"M416 208H32c-17.67 0-32 14.33-32 32v32c0 17.67 14.33 32 32 32h384c17.67 0 32-14.33 32-32v-32c0-17.67-14.33-32-32-32z\"><\/path><\/svg><\/span>\n\t\t\t<span class='e-closed'><svg aria-hidden=\"true\" class=\"e-font-icon-svg e-fas-plus\" viewBox=\"0 0 448 512\" xmlns=\"http:\/\/www.w3.org\/2000\/svg\"><path d=\"M416 208H272V64c0-17.67-14.33-32-32-32h-32c-17.67 0-32 14.33-32 32v144H32c-17.67 0-32 14.33-32 32v32c0 17.67 14.33 32 32 32h144v144c0 17.67 14.33 32 32 32h32c17.67 0 32-14.33 32-32V304h144c17.67 0 32-14.33 32-32v-32c0-17.67-14.33-32-32-32z\"><\/path><\/svg><\/span>\n\t\t<\/span>\n\n\t\t\t\t\t\t<\/summary>\n\t\t\t\t<div role=\"region\" aria-labelledby=\"e-n-accordion-item-2640\" class=\"elementor-element elementor-element-99acec8 e-con-full e-flex e-con e-child\" data-id=\"99acec8\" data-element_type=\"container\">\n\t\t\t\t<div class=\"elementor-element elementor-element-753a3b6 elementor-widget elementor-widget-text-editor\" data-id=\"753a3b6\" data-element_type=\"widget\" data-widget_type=\"text-editor.default\">\n\t\t\t\t<div class=\"elementor-widget-container\">\n\t\t\t\t\t\t\t<p class=\"Textbody\" style=\"text-align: left;\">Les tarifs varient selon la distance et le type de trajet. Un prix clair est annonc\u00e9 avant chaque course.<\/p>\t\t\t\t\t\t<\/div>\n\t\t\t\t<\/div>\n\t\t\t\t<\/div>\n\t\t\t\t\t<\/details>\n\t\t\t\t\t\t<details id=\"e-n-accordion-item-2641\" class=\"e-n-accordion-item\" >\n\t\t\t\t<summary class=\"e-n-accordion-item-title\" data-accordion-index=\"2\" tabindex=\"-1\" aria-expanded=\"false\" aria-controls=\"e-n-accordion-item-2641\" >\n\t\t\t\t\t<span class='e-n-accordion-item-title-header'><div class=\"e-n-accordion-item-title-text\"> Peut-on r\u00e9server \u00e0 l\u2019avance ? <\/div><\/span>\n\t\t\t\t\t\t\t<span class='e-n-accordion-item-title-icon'>\n\t\t\t<span class='e-opened' ><svg aria-hidden=\"true\" class=\"e-font-icon-svg e-fas-minus\" viewBox=\"0 0 448 512\" xmlns=\"http:\/\/www.w3.org\/2000\/svg\"><path d=\"M416 208H32c-17.67 0-32 14.33-32 32v32c0 17.67 14.33 32 32 32h384c17.67 0 32-14.33 32-32v-32c0-17.67-14.33-32-32-32z\"><\/path><\/svg><\/span>\n\t\t\t<span class='e-closed'><svg aria-hidden=\"true\" class=\"e-font-icon-svg e-fas-plus\" viewBox=\"0 0 448 512\" xmlns=\"http:\/\/www.w3.org\/2000\/svg\"><path d=\"M416 208H272V64c0-17.67-14.33-32-32-32h-32c-17.67 0-32 14.33-32 32v144H32c-17.67 0-32 14.33-32 32v32c0 17.67 14.33 32 32 32h144v144c0 17.67 14.33 32 32 32h32c17.67 0 32-14.33 32-32V304h144c17.67 0 32-14.33 32-32v-32c0-17.67-14.33-32-32-32z\"><\/path><\/svg><\/span>\n\t\t<\/span>\n\n\t\t\t\t\t\t<\/summary>\n\t\t\t\t<div role=\"region\" aria-labelledby=\"e-n-accordion-item-2641\" class=\"elementor-element elementor-element-8845b1d e-con-full e-flex e-con e-child\" data-id=\"8845b1d\" data-element_type=\"container\">\n\t\t\t\t<div class=\"elementor-element elementor-element-4baef5c elementor-widget elementor-widget-text-editor\" data-id=\"4baef5c\" data-element_type=\"widget\" data-widget_type=\"text-editor.default\">\n\t\t\t\t<div class=\"elementor-widget-container\">\n\t\t\t\t\t\t\t<p class=\"Textbody\" style=\"text-align: left;\">Oui, la r\u00e9servation \u00e0 l\u2019avance est fortement recommand\u00e9e pour garantir la disponibilit\u00e9.<\/p>\t\t\t\t\t\t<\/div>\n\t\t\t\t<\/div>\n\t\t\t\t<\/div>\n\t\t\t\t\t<\/details>\n\t\t\t\t\t\t<details id=\"e-n-accordion-item-2642\" class=\"e-n-accordion-item\" >\n\t\t\t\t<summary class=\"e-n-accordion-item-title\" data-accordion-index=\"3\" tabindex=\"-1\" aria-expanded=\"false\" aria-controls=\"e-n-accordion-item-2642\" >\n\t\t\t\t\t<span class='e-n-accordion-item-title-header'><div class=\"e-n-accordion-item-title-text\"> Proposez-vous les trajets de nuit ? <\/div><\/span>\n\t\t\t\t\t\t\t<span class='e-n-accordion-item-title-icon'>\n\t\t\t<span class='e-opened' ><svg aria-hidden=\"true\" class=\"e-font-icon-svg e-fas-minus\" viewBox=\"0 0 448 512\" xmlns=\"http:\/\/www.w3.org\/2000\/svg\"><path d=\"M416 208H32c-17.67 0-32 14.33-32 32v32c0 17.67 14.33 32 32 32h384c17.67 0 32-14.33 32-32v-32c0-17.67-14.33-32-32-32z\"><\/path><\/svg><\/span>\n\t\t\t<span class='e-closed'><svg aria-hidden=\"true\" class=\"e-font-icon-svg e-fas-plus\" viewBox=\"0 0 448 512\" xmlns=\"http:\/\/www.w3.org\/2000\/svg\"><path d=\"M416 208H272V64c0-17.67-14.33-32-32-32h-32c-17.67 0-32 14.33-32 32v144H32c-17.67 0-32 14.33-32 32v32c0 17.67 14.33 32 32 32h144v144c0 17.67 14.33 32 32 32h32c17.67 0 32-14.33 32-32V304h144c17.67 0 32-14.33 32-32v-32c0-17.67-14.33-32-32-32z\"><\/path><\/svg><\/span>\n\t\t<\/span>\n\n\t\t\t\t\t\t<\/summary>\n\t\t\t\t<div role=\"region\" aria-labelledby=\"e-n-accordion-item-2642\" class=\"elementor-element elementor-element-6712682 e-con-full e-flex e-con e-child\" data-id=\"6712682\" data-element_type=\"container\">\n\t\t\t\t<div class=\"elementor-element elementor-element-83d234b elementor-widget elementor-widget-text-editor\" data-id=\"83d234b\" data-element_type=\"widget\" data-widget_type=\"text-editor.default\">\n\t\t\t\t<div class=\"elementor-widget-container\">\n\t\t\t\t\t\t\t<p class=\"Textbody\">Oui, les trajets de jour comme de nuit sont assur\u00e9s sur r\u00e9servation.<\/p>\t\t\t\t\t\t<\/div>\n\t\t\t\t<\/div>\n\t\t\t\t<\/div>\n\t\t\t\t\t<\/details>\n\t\t\t\t\t<\/div>\n\t\t\t\t<\/div>\n\t\t\t\t<\/div>\n\t\t\t\t<div class=\"elementor-element elementor-element-f22b67e taxi-banner-button elementor-mobile-align-center elementor-align-center elementor-widget elementor-widget-button\" data-id=\"f22b67e\" data-element_type=\"widget\" data-widget_type=\"button.default\">\n\t\t\t\t<div class=\"elementor-widget-container\">\n\t\t\t\t\t\t\t<div class=\"elementor-button-wrapper\">\n\t\t\t\t\t<a class=\"elementor-button elementor-button-link elementor-size-sm\" href=\"https:\/\/www.xave-vtc.com\/index.php\/contact\/\">\n\t\t\t\t\t\t<span class=\"elementor-button-content-wrapper\">\n\t\t\t\t\t\t\t\t\t<span class=\"elementor-button-text\">Demander une r\u00e9servation<\/span>\n\t\t\t\t\t<\/span>\n\t\t\t\t\t<\/a>\n\t\t\t\t<\/div>\n\t\t\t\t\t\t<\/div>\n\t\t\t\t<\/div>\n\t\t\t\t<div class=\"elementor-element elementor-element-106c9f3 elementor-widget elementor-widget-heading\" data-id=\"106c9f3\" data-element_type=\"widget\" data-widget_type=\"heading.default\">\n\t\t\t\t<div class=\"elementor-widget-container\">\n\t\t\t<h2 class=\"elementor-heading-title elementor-size-default\">Xave\u2019VTC \u2013 Votre chauffeur priv\u00e9 de confiance \u00e0 B\u00e9thune &amp; Lens<\/h2>\t\t<\/div>\n\t\t\t\t<\/div>\n\t\t\t\t<div class=\"elementor-element elementor-element-0d0bde4 elementor-widget elementor-widget-text-editor\" data-id=\"0d0bde4\" data-element_type=\"widget\" data-widget_type=\"text-editor.default\">\n\t\t\t\t<div class=\"elementor-widget-container\">\n\t\t\t\t\t\t\t<div class=\"page\" title=\"Page 2\"><div class=\"section\"><div class=\"layoutArea\"><div class=\"column\"><p class=\"Textbody\" style=\"text-align: center;\">Professionnalisme, confort et ponctualit\u00e9 au service de vos d\u00e9placements.<\/p><\/div><\/div><\/div><\/div>\t\t\t\t\t\t<\/div>\n\t\t\t\t<\/div>\n\t\t\t\t\t<\/div>\n\t\t<\/div>\n\t\t\t\t\t<\/div>\n\t\t<\/section>\n\t\t\t\t\t<\/div>\n\t\t<\/div>\n\t\t\t\t\t<\/div>\n\t\t<\/section>\n\t\t\t\t<\/div>\n\t\t","protected":false},"excerpt":{"rendered":"<p>Votre chauffeur VTC local \u00e0 B\u00e9thune, Lens et alentours Bienvenue chez Xave\u2019VTC, votre chauffeur priv\u00e9 professionnel \u00e0 Lens, sp\u00e9cialis\u00e9 dans les navettes a\u00e9roport, les d\u00e9placements professionnels et les trajets priv\u00e9s. Bas\u00e9 localement, Xave\u2019VTC vous garantit un service ponctuel, confortable et fiable, reconnu sur Google Business Profile. \u00a0 VTC local \u00e0 B\u00e9thune Chez Xave\u2019VTC, nous mettons<br \/><a class=\"moretag\" href=\"https:\/\/www.xave-vtc.com\/index.php\/vtc-lens\/\">+ Read More<\/a><\/p>\n","protected":false},"author":1,"featured_media":0,"parent":0,"menu_order":0,"comment_status":"closed","ping_status":"closed","template":"templates\/page-builder.php","meta":{"footnotes":""},"class_list":["post-1596","page","type-page","status-publish","hentry"],"_links":{"self":[{"href":"https:\/\/www.xave-vtc.com\/index.php\/wp-json\/wp\/v2\/pages\/1596","targetHints":{"allow":["GET"]}}],"collection":[{"href":"https:\/\/www.xave-vtc.com\/index.php\/wp-json\/wp\/v2\/pages"}],"about":[{"href":"https:\/\/www.xave-vtc.com\/index.php\/wp-json\/wp\/v2\/types\/page"}],"author":[{"embeddable":true,"href":"https:\/\/www.xave-vtc.com\/index.php\/wp-json\/wp\/v2\/users\/1"}],"replies":[{"embeddable":true,"href":"https:\/\/www.xave-vtc.com\/index.php\/wp-json\/wp\/v2\/comments?post=1596"}],"version-history":[{"count":20,"href":"https:\/\/www.xave-vtc.com\/index.php\/wp-json\/wp\/v2\/pages\/1596\/revisions"}],"predecessor-version":[{"id":1805,"href":"https:\/\/www.xave-vtc.com\/index.php\/wp-json\/wp\/v2\/pages\/1596\/revisions\/1805"}],"wp:attachment":[{"href":"https:\/\/www.xave-vtc.com\/index.php\/wp-json\/wp\/v2\/media?parent=1596"}],"curies":[{"name":"wp","href":"https:\/\/api.w.org\/{rel}","templated":true}]}}