{"id":1602,"date":"2026-01-16T15:12:16","date_gmt":"2026-01-16T14:12:16","guid":{"rendered":"https:\/\/www.xave-vtc.com\/?page_id=1602"},"modified":"2026-02-10T16:25:14","modified_gmt":"2026-02-10T15:25:14","slug":"vtc-arras","status":"publish","type":"page","link":"https:\/\/www.xave-vtc.com\/index.php\/vtc-arras\/","title":{"rendered":"VTC Arras"},"content":{"rendered":"\t\t<div data-elementor-type=\"wp-page\" data-elementor-id=\"1602\" class=\"elementor elementor-1602\">\n\t\t\t\t<div class=\"elementor-element elementor-element-e7e1ffc e-flex e-con-boxed e-con e-parent\" data-id=\"e7e1ffc\" data-element_type=\"container\" data-settings=\"{&quot;background_background&quot;:&quot;gradient&quot;}\">\n\t\t\t\t\t<div class=\"e-con-inner\">\n\t\t<div class=\"elementor-element elementor-element-d1ef372 e-con-full e-flex e-con e-child\" data-id=\"d1ef372\" data-element_type=\"container\">\n\t\t\t\t<div class=\"elementor-element elementor-element-af61ce9 elementor-widget elementor-widget-text-editor\" data-id=\"af61ce9\" data-element_type=\"widget\" data-widget_type=\"text-editor.default\">\n\t\t\t\t<div class=\"elementor-widget-container\">\n\t\t\t\t\t\t\t<h2><span style=\"color: #ffffff;\">Votre chauffeur priv\u00e9 local \u00e0 Arras<\/span><\/h2><p class=\"Textbody\">Vous recherchez un <span class=\"StrongEmphasis\">chauffeur VTC \u00e0 Arras<\/span> fiable, ponctuel et professionnel ? <span class=\"StrongEmphasis\">Xave\u2019VTC<\/span> vous propose un service de <span class=\"StrongEmphasis\">transport priv\u00e9 local \u00e0 Arras<\/span>, adapt\u00e9 aussi bien aux particuliers qu\u2019aux professionnels.<\/p><p class=\"Textbody\">Bas\u00e9 dans la r\u00e9gion, Xave\u2019VTC conna\u00eet parfaitement <span class=\"StrongEmphasis\">Arras et ses alentours<\/span>, garantissant des trajets fluides, confortables et sans stress.<\/p>\t\t\t\t\t\t<\/div>\n\t\t\t\t<\/div>\n\t\t\t\t<\/div>\n\t\t\t\t<div class=\"elementor-element elementor-element-16d9038 elementor-widget elementor-widget-image\" data-id=\"16d9038\" data-element_type=\"widget\" data-widget_type=\"image.default\">\n\t\t\t\t<div class=\"elementor-widget-container\">\n\t\t\t\t\t\t\t\t\t\t\t\t\t<img fetchpriority=\"high\" decoding=\"async\" width=\"690\" height=\"380\" src=\"https:\/\/www.xave-vtc.com\/wp-content\/uploads\/2025\/10\/Capture-decran-2025-10-24-a-15.24.02-1024x564.png\" class=\"attachment-large size-large wp-image-1519\" alt=\"\" srcset=\"https:\/\/www.xave-vtc.com\/wp-content\/uploads\/2025\/10\/Capture-decran-2025-10-24-a-15.24.02-1024x564.png 1024w, https:\/\/www.xave-vtc.com\/wp-content\/uploads\/2025\/10\/Capture-decran-2025-10-24-a-15.24.02-300x165.png 300w, https:\/\/www.xave-vtc.com\/wp-content\/uploads\/2025\/10\/Capture-decran-2025-10-24-a-15.24.02-768x423.png 768w, https:\/\/www.xave-vtc.com\/wp-content\/uploads\/2025\/10\/Capture-decran-2025-10-24-a-15.24.02-1536x846.png 1536w, https:\/\/www.xave-vtc.com\/wp-content\/uploads\/2025\/10\/Capture-decran-2025-10-24-a-15.24.02.png 1626w\" sizes=\"(max-width: 690px) 100vw, 690px\" \/>\t\t\t\t\t\t\t\t\t\t\t\t\t<\/div>\n\t\t\t\t<\/div>\n\t\t\t\t\t<\/div>\n\t\t\t\t<\/div>\n\t\t\t\t<section class=\"elementor-section elementor-top-section elementor-element elementor-element-95c6e1f elementor-section-boxed elementor-section-height-default elementor-section-height-default\" data-id=\"95c6e1f\" data-element_type=\"section\" data-settings=\"{&quot;background_background&quot;:&quot;classic&quot;}\">\n\t\t\t\t\t\t<div class=\"elementor-container elementor-column-gap-default\">\n\t\t\t\t\t<div class=\"elementor-column elementor-col-50 elementor-top-column elementor-element elementor-element-66798f3\" data-id=\"66798f3\" data-element_type=\"column\">\n\t\t\t<div class=\"elementor-widget-wrap elementor-element-populated\">\n\t\t\t\t\t\t<div class=\"elementor-element elementor-element-cc7e826 elementor-widget elementor-widget-heading\" data-id=\"cc7e826\" data-element_type=\"widget\" data-widget_type=\"heading.default\">\n\t\t\t\t<div class=\"elementor-widget-container\">\n\t\t\t<h2 class=\"elementor-heading-title elementor-size-default\">VTC local \u00e0 Arras : un service de proximit\u00e9<\/h2>\t\t<\/div>\n\t\t\t\t<\/div>\n\t\t\t\t<div class=\"elementor-element elementor-element-0d185f9 elementor-widget elementor-widget-text-editor\" data-id=\"0d185f9\" data-element_type=\"widget\" data-widget_type=\"text-editor.default\">\n\t\t\t\t<div class=\"elementor-widget-container\">\n\t\t\t\t\t\t\t<div class=\"page\" title=\"Page 2\"><div class=\"section\"><div class=\"layoutArea\"><div class=\"column\"><p>Faire appel \u00e0 un VTC local \u00e0 Arras, c\u2019est b\u00e9n\u00e9ficier :<\/p><ul><li>d\u2019une excellente connaissance du centre-ville et des axes routiers<\/li><li>d\u2019une grande ponctualit\u00e9<\/li><li>d\u2019un service humain, professionnel et discret<\/li><\/ul><p>Que ce soit pour un trajet court, un rendez-vous important ou une sortie priv\u00e9e, Xave\u2019VTC est votre partenaire de confiance \u00e0 Arras.<\/p><\/div><\/div><\/div><\/div>\t\t\t\t\t\t<\/div>\n\t\t\t\t<\/div>\n\t\t\t\t\t<\/div>\n\t\t<\/div>\n\t\t\t\t<div class=\"elementor-column elementor-col-50 elementor-top-column elementor-element elementor-element-ef79cf4\" data-id=\"ef79cf4\" data-element_type=\"column\">\n\t\t\t<div class=\"elementor-widget-wrap elementor-element-populated\">\n\t\t\t\t\t\t<div class=\"elementor-element elementor-element-1420ef2 elementor-widget elementor-widget-heading\" data-id=\"1420ef2\" data-element_type=\"widget\" data-widget_type=\"heading.default\">\n\t\t\t\t<div class=\"elementor-widget-container\">\n\t\t\t<h2 class=\"elementor-heading-title elementor-size-default\">Navettes a\u00e9roport depuis Arras<\/h2>\t\t<\/div>\n\t\t\t\t<\/div>\n\t\t\t\t<div class=\"elementor-element elementor-element-c2d65f4 elementor-widget elementor-widget-text-editor\" data-id=\"c2d65f4\" data-element_type=\"widget\" data-widget_type=\"text-editor.default\">\n\t\t\t\t<div class=\"elementor-widget-container\">\n\t\t\t\t\t\t\t<div class=\"page\" title=\"Page 2\"><p>Xave\u2019VTC assure vos navettes a\u00e9roport depuis et vers Arras :<\/p><ul><li>A\u00e9roport de Lille-Lesquin<\/li><li>Paris Charles-de-Gaulle<\/li><li>Paris Orly<\/li><li>Bruxelles<\/li><\/ul><p>&#8211; Suivi des vols<br \/>&#8211; Prise en charge ponctuelle<br \/>&#8211; Confort et s\u00e9r\u00e9nit\u00e9 garantis<\/p><\/div>\t\t\t\t\t\t<\/div>\n\t\t\t\t<\/div>\n\t\t\t\t<div class=\"elementor-element elementor-element-009a6c7 elementor-widget elementor-widget-heading\" data-id=\"009a6c7\" data-element_type=\"widget\" data-widget_type=\"heading.default\">\n\t\t\t\t<div class=\"elementor-widget-container\">\n\t\t\t<h2 class=\"elementor-heading-title elementor-size-default\">D\u00e9placements professionnels &amp; priv\u00e9s<\/h2>\t\t<\/div>\n\t\t\t\t<\/div>\n\t\t\t\t<div class=\"elementor-element elementor-element-96770dd elementor-widget elementor-widget-text-editor\" data-id=\"96770dd\" data-element_type=\"widget\" data-widget_type=\"text-editor.default\">\n\t\t\t\t<div class=\"elementor-widget-container\">\n\t\t\t\t\t\t\t<div class=\"page\" title=\"Page 3\"><div class=\"section\"><div class=\"layoutArea\"><div class=\"column\"><ul><li><ul><li>Rendez-vous professionnels<\/li><li>Mise \u00e0 disposition chauffeur<\/li><li>\u00c9v\u00e9nements, mariages, soir\u00e9es<\/li><li>Longues distances en France et en Belgique<\/li><\/ul><p>Chaque trajet est r\u00e9alis\u00e9 avec s\u00e9rieux, discr\u00e9tion et confort.<\/p><\/li><\/ul><p>\u00a0<\/p><\/div><\/div><\/div><\/div>\t\t\t\t\t\t<\/div>\n\t\t\t\t<\/div>\n\t\t\t\t\t<\/div>\n\t\t<\/div>\n\t\t\t\t\t<\/div>\n\t\t<\/section>\n\t\t<div class=\"elementor-element elementor-element-16bc57c e-flex e-con-boxed e-con e-parent\" data-id=\"16bc57c\" data-element_type=\"container\" data-settings=\"{&quot;background_background&quot;:&quot;classic&quot;}\">\n\t\t\t\t\t<div class=\"e-con-inner\">\n\t\t<div class=\"elementor-element elementor-element-1346b5f e-con-full e-flex e-con e-child\" data-id=\"1346b5f\" data-element_type=\"container\">\n\t\t\t\t<div class=\"elementor-element elementor-element-cf1eb37 elementor-widget__width-initial elementor-widget elementor-widget-image\" data-id=\"cf1eb37\" data-element_type=\"widget\" data-widget_type=\"image.default\">\n\t\t\t\t<div class=\"elementor-widget-container\">\n\t\t\t\t\t\t\t\t\t\t\t\t\t<img decoding=\"async\" width=\"654\" height=\"454\" src=\"https:\/\/www.xave-vtc.com\/wp-content\/uploads\/2025\/02\/Fichier-2.png\" class=\"attachment-large size-large wp-image-1350\" alt=\"\" srcset=\"https:\/\/www.xave-vtc.com\/wp-content\/uploads\/2025\/02\/Fichier-2.png 654w, https:\/\/www.xave-vtc.com\/wp-content\/uploads\/2025\/02\/Fichier-2-300x208.png 300w\" sizes=\"(max-width: 654px) 100vw, 654px\" \/>\t\t\t\t\t\t\t\t\t\t\t\t\t<\/div>\n\t\t\t\t<\/div>\n\t\t\t\t<\/div>\n\t\t\t\t<div class=\"elementor-element elementor-element-020cce4 elementor-widget__width-initial elementor-widget elementor-widget-spacer\" data-id=\"020cce4\" data-element_type=\"widget\" data-widget_type=\"spacer.default\">\n\t\t\t\t<div class=\"elementor-widget-container\">\n\t\t\t\t\t<div class=\"elementor-spacer\">\n\t\t\t<div class=\"elementor-spacer-inner\"><\/div>\n\t\t<\/div>\n\t\t\t\t<\/div>\n\t\t\t\t<\/div>\n\t\t\t\t<div class=\"elementor-element elementor-element-b5fc39e elementor-widget__width-initial elementor-widget elementor-widget-text-editor\" data-id=\"b5fc39e\" data-element_type=\"widget\" data-widget_type=\"text-editor.default\">\n\t\t\t\t<div class=\"elementor-widget-container\">\n\t\t\t\t\t\t\t<h2>Pourquoi choisir Xave\u2019VTC \u00e0 Arras ?<\/h2><ul><li>Chauffeur VTC exp\u00e9riment\u00e9<\/li><li>V\u00e9hicule confortable, propre et climatis\u00e9<\/li><li>Tarifs clairs et sans surprise<\/li><li>Service disponible 7j\/7 sur r\u00e9servation<\/li><li>Excellents avis clients sur Google<\/li><\/ul>\t\t\t\t\t\t<\/div>\n\t\t\t\t<\/div>\n\t\t\t\t<div class=\"elementor-element elementor-element-3d9f94d elementor-widget__width-initial elementor-widget elementor-widget-spacer\" data-id=\"3d9f94d\" data-element_type=\"widget\" data-widget_type=\"spacer.default\">\n\t\t\t\t<div class=\"elementor-widget-container\">\n\t\t\t\t\t<div class=\"elementor-spacer\">\n\t\t\t<div class=\"elementor-spacer-inner\"><\/div>\n\t\t<\/div>\n\t\t\t\t<\/div>\n\t\t\t\t<\/div>\n\t\t<div class=\"elementor-element elementor-element-9114066 e-con-full e-flex e-con e-child\" data-id=\"9114066\" data-element_type=\"container\">\n\t\t\t\t<div class=\"elementor-element elementor-element-c61cdc7 elementor-widget__width-initial elementor-widget elementor-widget-image\" data-id=\"c61cdc7\" data-element_type=\"widget\" data-widget_type=\"image.default\">\n\t\t\t\t<div class=\"elementor-widget-container\">\n\t\t\t\t\t\t\t\t\t\t\t\t\t<img decoding=\"async\" width=\"690\" height=\"376\" src=\"https:\/\/www.xave-vtc.com\/wp-content\/uploads\/2025\/01\/GUID-B5641257-9E85-404B-9667-4DA5FDF6D2E7-online-en-US-1024x558.png\" class=\"attachment-large size-large wp-image-990\" alt=\"\" srcset=\"https:\/\/www.xave-vtc.com\/wp-content\/uploads\/2025\/01\/GUID-B5641257-9E85-404B-9667-4DA5FDF6D2E7-online-en-US-1024x558.png 1024w, https:\/\/www.xave-vtc.com\/wp-content\/uploads\/2025\/01\/GUID-B5641257-9E85-404B-9667-4DA5FDF6D2E7-online-en-US-300x164.png 300w, https:\/\/www.xave-vtc.com\/wp-content\/uploads\/2025\/01\/GUID-B5641257-9E85-404B-9667-4DA5FDF6D2E7-online-en-US-768x419.png 768w, https:\/\/www.xave-vtc.com\/wp-content\/uploads\/2025\/01\/GUID-B5641257-9E85-404B-9667-4DA5FDF6D2E7-online-en-US.png 1500w\" sizes=\"(max-width: 690px) 100vw, 690px\" \/>\t\t\t\t\t\t\t\t\t\t\t\t\t<\/div>\n\t\t\t\t<\/div>\n\t\t\t\t<\/div>\n\t\t\t\t\t<\/div>\n\t\t\t\t<\/div>\n\t\t\t\t<section class=\"elementor-section elementor-top-section elementor-element elementor-element-03a537e elementor-section-boxed elementor-section-height-default elementor-section-height-default\" data-id=\"03a537e\" data-element_type=\"section\" data-settings=\"{&quot;background_background&quot;:&quot;classic&quot;}\">\n\t\t\t\t\t\t<div class=\"elementor-container elementor-column-gap-default\">\n\t\t\t\t\t<div class=\"elementor-column elementor-col-50 elementor-top-column elementor-element elementor-element-75cd63e\" data-id=\"75cd63e\" data-element_type=\"column\">\n\t\t\t<div class=\"elementor-widget-wrap elementor-element-populated\">\n\t\t\t\t\t\t<div class=\"elementor-element elementor-element-646182b elementor-widget elementor-widget-heading\" data-id=\"646182b\" data-element_type=\"widget\" data-widget_type=\"heading.default\">\n\t\t\t\t<div class=\"elementor-widget-container\">\n\t\t\t<h2 class=\"elementor-heading-title elementor-size-default\">Zone desservie autour d\u2019Arras<\/h2>\t\t<\/div>\n\t\t\t\t<\/div>\n\t\t\t\t<div class=\"elementor-element elementor-element-e5a97a7 elementor-widget elementor-widget-text-editor\" data-id=\"e5a97a7\" data-element_type=\"widget\" data-widget_type=\"text-editor.default\">\n\t\t\t\t<div class=\"elementor-widget-container\">\n\t\t\t\t\t\t\t<div class=\"page\" title=\"Page 2\"><div class=\"section\"><div class=\"layoutArea\"><div class=\"column\"><p class=\"Textbody\">Arras, Saint-Laurent-Blangy, Beaurains, Achicourt, Dainville et communes voisines.<\/p><p class=\"Textbody\">Des trajets longue distance sont \u00e9galement possibles partout en France et en Belgique.<\/p><p>\u00a0<\/p><\/div><\/div><\/div><\/div>\t\t\t\t\t\t<\/div>\n\t\t\t\t<\/div>\n\t\t\t\t\t<\/div>\n\t\t<\/div>\n\t\t\t\t<div class=\"elementor-column elementor-col-50 elementor-top-column elementor-element elementor-element-18b7484\" data-id=\"18b7484\" data-element_type=\"column\">\n\t\t\t<div class=\"elementor-widget-wrap elementor-element-populated\">\n\t\t\t\t\t\t<div class=\"elementor-element elementor-element-e6949a6 elementor-widget elementor-widget-heading\" data-id=\"e6949a6\" data-element_type=\"widget\" data-widget_type=\"heading.default\">\n\t\t\t\t<div class=\"elementor-widget-container\">\n\t\t\t<h2 class=\"elementor-heading-title elementor-size-default\">R\u00e9server votre VTC \u00e0 Arras<\/h2>\t\t<\/div>\n\t\t\t\t<\/div>\n\t\t\t\t<div class=\"elementor-element elementor-element-ea38fbd elementor-widget elementor-widget-text-editor\" data-id=\"ea38fbd\" data-element_type=\"widget\" data-widget_type=\"text-editor.default\">\n\t\t\t\t<div class=\"elementor-widget-container\">\n\t\t\t\t\t\t\t<div class=\"page\" title=\"Page 2\">Disponible 7j\/7 sur r\u00e9servation<\/div>\t\t\t\t\t\t<\/div>\n\t\t\t\t<\/div>\n\t\t\t\t\t<\/div>\n\t\t<\/div>\n\t\t\t\t\t<\/div>\n\t\t<\/section>\n\t\t\t\t<section class=\"elementor-section elementor-top-section elementor-element elementor-element-455ca01 elementor-section-full_width elementor-section-height-default elementor-section-height-default\" data-id=\"455ca01\" data-element_type=\"section\" data-settings=\"{&quot;background_background&quot;:&quot;gradient&quot;}\">\n\t\t\t\t\t\t<div class=\"elementor-container elementor-column-gap-default\">\n\t\t\t\t\t<div class=\"elementor-column elementor-col-100 elementor-top-column elementor-element elementor-element-6a5603a\" data-id=\"6a5603a\" data-element_type=\"column\">\n\t\t\t<div class=\"elementor-widget-wrap elementor-element-populated\">\n\t\t\t\t\t\t<section class=\"elementor-section elementor-inner-section elementor-element elementor-element-30c5242 elementor-section-boxed elementor-section-height-default elementor-section-height-default\" data-id=\"30c5242\" data-element_type=\"section\">\n\t\t\t\t\t\t<div class=\"elementor-container elementor-column-gap-default\">\n\t\t\t\t\t<div class=\"elementor-column elementor-col-100 elementor-inner-column elementor-element elementor-element-db5e23b\" data-id=\"db5e23b\" data-element_type=\"column\">\n\t\t\t<div class=\"elementor-widget-wrap elementor-element-populated\">\n\t\t\t\t\t\t<div class=\"elementor-element elementor-element-be39e89 elementor-widget elementor-widget-heading\" data-id=\"be39e89\" data-element_type=\"widget\" data-widget_type=\"heading.default\">\n\t\t\t\t<div class=\"elementor-widget-container\">\n\t\t\t<h2 class=\"elementor-heading-title elementor-size-default\">FAQ \u2013 VTC Arras<\/h2>\t\t<\/div>\n\t\t\t\t<\/div>\n\t\t\t\t<div class=\"elementor-element elementor-element-ff27959 elementor-widget elementor-widget-n-accordion\" data-id=\"ff27959\" data-element_type=\"widget\" data-settings=\"{&quot;default_state&quot;:&quot;expanded&quot;,&quot;max_items_expended&quot;:&quot;one&quot;,&quot;n_accordion_animation_duration&quot;:{&quot;unit&quot;:&quot;ms&quot;,&quot;size&quot;:400,&quot;sizes&quot;:[]}}\" data-widget_type=\"nested-accordion.default\">\n\t\t\t\t<div class=\"elementor-widget-container\">\n\t\t\t\t\t<div class=\"e-n-accordion\" aria-label=\"Accordion. Open links with Enter or Space, close with Escape, and navigate with Arrow Keys\">\n\t\t\t\t\t\t<details id=\"e-n-accordion-item-2670\" class=\"e-n-accordion-item\" open>\n\t\t\t\t<summary class=\"e-n-accordion-item-title\" data-accordion-index=\"1\" tabindex=\"0\" aria-expanded=\"true\" aria-controls=\"e-n-accordion-item-2670\" >\n\t\t\t\t\t<span class='e-n-accordion-item-title-header'><div class=\"e-n-accordion-item-title-text\"> Quel est le prix d\u2019un VTC \u00e0 Arras ? <\/div><\/span>\n\t\t\t\t\t\t\t<span class='e-n-accordion-item-title-icon'>\n\t\t\t<span class='e-opened' ><svg aria-hidden=\"true\" class=\"e-font-icon-svg e-fas-minus\" viewBox=\"0 0 448 512\" xmlns=\"http:\/\/www.w3.org\/2000\/svg\"><path d=\"M416 208H32c-17.67 0-32 14.33-32 32v32c0 17.67 14.33 32 32 32h384c17.67 0 32-14.33 32-32v-32c0-17.67-14.33-32-32-32z\"><\/path><\/svg><\/span>\n\t\t\t<span class='e-closed'><svg aria-hidden=\"true\" class=\"e-font-icon-svg e-fas-plus\" viewBox=\"0 0 448 512\" xmlns=\"http:\/\/www.w3.org\/2000\/svg\"><path d=\"M416 208H272V64c0-17.67-14.33-32-32-32h-32c-17.67 0-32 14.33-32 32v144H32c-17.67 0-32 14.33-32 32v32c0 17.67 14.33 32 32 32h144v144c0 17.67 14.33 32 32 32h32c17.67 0 32-14.33 32-32V304h144c17.67 0 32-14.33 32-32v-32c0-17.67-14.33-32-32-32z\"><\/path><\/svg><\/span>\n\t\t<\/span>\n\n\t\t\t\t\t\t<\/summary>\n\t\t\t\t<div role=\"region\" aria-labelledby=\"e-n-accordion-item-2670\" class=\"elementor-element elementor-element-0945220 e-con-full e-flex e-con e-child\" data-id=\"0945220\" data-element_type=\"container\">\n\t\t\t\t<div class=\"elementor-element elementor-element-53162b8 elementor-widget elementor-widget-text-editor\" data-id=\"53162b8\" data-element_type=\"widget\" data-widget_type=\"text-editor.default\">\n\t\t\t\t<div class=\"elementor-widget-container\">\n\t\t\t\t\t\t\t<p class=\"Textbody\" style=\"text-align: left;\">Le tarif d\u00e9pend de la distance et du type de trajet. Un prix clair est annonc\u00e9 avant chaque course.<\/p>\t\t\t\t\t\t<\/div>\n\t\t\t\t<\/div>\n\t\t\t\t<\/div>\n\t\t\t\t\t<\/details>\n\t\t\t\t\t\t<details id=\"e-n-accordion-item-2671\" class=\"e-n-accordion-item\" >\n\t\t\t\t<summary class=\"e-n-accordion-item-title\" data-accordion-index=\"2\" tabindex=\"-1\" aria-expanded=\"false\" aria-controls=\"e-n-accordion-item-2671\" >\n\t\t\t\t\t<span class='e-n-accordion-item-title-header'><div class=\"e-n-accordion-item-title-text\"> Peut-on r\u00e9server \u00e0 l\u2019avance ? <\/div><\/span>\n\t\t\t\t\t\t\t<span class='e-n-accordion-item-title-icon'>\n\t\t\t<span class='e-opened' ><svg aria-hidden=\"true\" class=\"e-font-icon-svg e-fas-minus\" viewBox=\"0 0 448 512\" xmlns=\"http:\/\/www.w3.org\/2000\/svg\"><path d=\"M416 208H32c-17.67 0-32 14.33-32 32v32c0 17.67 14.33 32 32 32h384c17.67 0 32-14.33 32-32v-32c0-17.67-14.33-32-32-32z\"><\/path><\/svg><\/span>\n\t\t\t<span class='e-closed'><svg aria-hidden=\"true\" class=\"e-font-icon-svg e-fas-plus\" viewBox=\"0 0 448 512\" xmlns=\"http:\/\/www.w3.org\/2000\/svg\"><path d=\"M416 208H272V64c0-17.67-14.33-32-32-32h-32c-17.67 0-32 14.33-32 32v144H32c-17.67 0-32 14.33-32 32v32c0 17.67 14.33 32 32 32h144v144c0 17.67 14.33 32 32 32h32c17.67 0 32-14.33 32-32V304h144c17.67 0 32-14.33 32-32v-32c0-17.67-14.33-32-32-32z\"><\/path><\/svg><\/span>\n\t\t<\/span>\n\n\t\t\t\t\t\t<\/summary>\n\t\t\t\t<div role=\"region\" aria-labelledby=\"e-n-accordion-item-2671\" class=\"elementor-element elementor-element-4e917ac e-con-full e-flex e-con e-child\" data-id=\"4e917ac\" data-element_type=\"container\">\n\t\t\t\t<div class=\"elementor-element elementor-element-d1877c0 elementor-widget elementor-widget-text-editor\" data-id=\"d1877c0\" data-element_type=\"widget\" data-widget_type=\"text-editor.default\">\n\t\t\t\t<div class=\"elementor-widget-container\">\n\t\t\t\t\t\t\t<p class=\"Textbody\" style=\"text-align: left;\">Oui, la r\u00e9servation \u00e0 l\u2019avance est fortement conseill\u00e9e.<\/p>\t\t\t\t\t\t<\/div>\n\t\t\t\t<\/div>\n\t\t\t\t<\/div>\n\t\t\t\t\t<\/details>\n\t\t\t\t\t\t<details id=\"e-n-accordion-item-2672\" class=\"e-n-accordion-item\" >\n\t\t\t\t<summary class=\"e-n-accordion-item-title\" data-accordion-index=\"3\" tabindex=\"-1\" aria-expanded=\"false\" aria-controls=\"e-n-accordion-item-2672\" >\n\t\t\t\t\t<span class='e-n-accordion-item-title-header'><div class=\"e-n-accordion-item-title-text\"> Proposez-vous des trajets de nuit ? <\/div><\/span>\n\t\t\t\t\t\t\t<span class='e-n-accordion-item-title-icon'>\n\t\t\t<span class='e-opened' ><svg aria-hidden=\"true\" class=\"e-font-icon-svg e-fas-minus\" viewBox=\"0 0 448 512\" xmlns=\"http:\/\/www.w3.org\/2000\/svg\"><path d=\"M416 208H32c-17.67 0-32 14.33-32 32v32c0 17.67 14.33 32 32 32h384c17.67 0 32-14.33 32-32v-32c0-17.67-14.33-32-32-32z\"><\/path><\/svg><\/span>\n\t\t\t<span class='e-closed'><svg aria-hidden=\"true\" class=\"e-font-icon-svg e-fas-plus\" viewBox=\"0 0 448 512\" xmlns=\"http:\/\/www.w3.org\/2000\/svg\"><path d=\"M416 208H272V64c0-17.67-14.33-32-32-32h-32c-17.67 0-32 14.33-32 32v144H32c-17.67 0-32 14.33-32 32v32c0 17.67 14.33 32 32 32h144v144c0 17.67 14.33 32 32 32h32c17.67 0 32-14.33 32-32V304h144c17.67 0 32-14.33 32-32v-32c0-17.67-14.33-32-32-32z\"><\/path><\/svg><\/span>\n\t\t<\/span>\n\n\t\t\t\t\t\t<\/summary>\n\t\t\t\t<div role=\"region\" aria-labelledby=\"e-n-accordion-item-2672\" class=\"elementor-element elementor-element-3571411 e-con-full e-flex e-con e-child\" data-id=\"3571411\" data-element_type=\"container\">\n\t\t\t\t<div class=\"elementor-element elementor-element-6be09df elementor-widget elementor-widget-text-editor\" data-id=\"6be09df\" data-element_type=\"widget\" data-widget_type=\"text-editor.default\">\n\t\t\t\t<div class=\"elementor-widget-container\">\n\t\t\t\t\t\t\t<p class=\"Textbody\" style=\"text-align: left;\">Oui, les trajets de jour comme de nuit sont possibles sur r\u00e9servation<\/p>\t\t\t\t\t\t<\/div>\n\t\t\t\t<\/div>\n\t\t\t\t<\/div>\n\t\t\t\t\t<\/details>\n\t\t\t\t\t<\/div>\n\t\t\t\t<\/div>\n\t\t\t\t<\/div>\n\t\t\t\t<div class=\"elementor-element elementor-element-c624d70 taxi-banner-button elementor-mobile-align-center elementor-align-center elementor-widget elementor-widget-button\" data-id=\"c624d70\" data-element_type=\"widget\" data-widget_type=\"button.default\">\n\t\t\t\t<div class=\"elementor-widget-container\">\n\t\t\t\t\t\t\t<div class=\"elementor-button-wrapper\">\n\t\t\t\t\t<a class=\"elementor-button elementor-button-link elementor-size-sm\" href=\"https:\/\/www.xave-vtc.com\/index.php\/contact\/\">\n\t\t\t\t\t\t<span class=\"elementor-button-content-wrapper\">\n\t\t\t\t\t\t\t\t\t<span class=\"elementor-button-text\">Demander une r\u00e9servation<\/span>\n\t\t\t\t\t<\/span>\n\t\t\t\t\t<\/a>\n\t\t\t\t<\/div>\n\t\t\t\t\t\t<\/div>\n\t\t\t\t<\/div>\n\t\t\t\t<div class=\"elementor-element elementor-element-56d616d elementor-widget elementor-widget-heading\" data-id=\"56d616d\" data-element_type=\"widget\" data-widget_type=\"heading.default\">\n\t\t\t\t<div class=\"elementor-widget-container\">\n\t\t\t<h2 class=\"elementor-heading-title elementor-size-default\">Xave\u2019VTC \u2013 Votre chauffeur priv\u00e9 \u00e0 Arras<\/h2>\t\t<\/div>\n\t\t\t\t<\/div>\n\t\t\t\t<div class=\"elementor-element elementor-element-397bcf9 elementor-widget elementor-widget-text-editor\" data-id=\"397bcf9\" data-element_type=\"widget\" data-widget_type=\"text-editor.default\">\n\t\t\t\t<div class=\"elementor-widget-container\">\n\t\t\t\t\t\t\t<div class=\"page\" title=\"Page 2\"><div class=\"section\"><div class=\"layoutArea\"><div class=\"column\"><p class=\"Textbody\" style=\"text-align: center;\">Ponctualit\u00e9, confort et professionnalisme pour tous vos d\u00e9placements.<\/p><\/div><\/div><\/div><\/div>\t\t\t\t\t\t<\/div>\n\t\t\t\t<\/div>\n\t\t\t\t\t<\/div>\n\t\t<\/div>\n\t\t\t\t\t<\/div>\n\t\t<\/section>\n\t\t\t\t\t<\/div>\n\t\t<\/div>\n\t\t\t\t\t<\/div>\n\t\t<\/section>\n\t\t\t\t<\/div>\n\t\t","protected":false},"excerpt":{"rendered":"<p>Votre chauffeur priv\u00e9 local \u00e0 Arras Vous recherchez un chauffeur VTC \u00e0 Arras fiable, ponctuel et professionnel ? Xave\u2019VTC vous propose un service de transport priv\u00e9 local \u00e0 Arras, adapt\u00e9 aussi bien aux particuliers qu\u2019aux professionnels. Bas\u00e9 dans la r\u00e9gion, Xave\u2019VTC conna\u00eet parfaitement Arras et ses alentours, garantissant des trajets fluides, confortables et sans stress.<br \/><a class=\"moretag\" href=\"https:\/\/www.xave-vtc.com\/index.php\/vtc-arras\/\">+ Read More<\/a><\/p>\n","protected":false},"author":1,"featured_media":0,"parent":0,"menu_order":0,"comment_status":"closed","ping_status":"closed","template":"templates\/page-builder.php","meta":{"footnotes":""},"class_list":["post-1602","page","type-page","status-publish","hentry"],"_links":{"self":[{"href":"https:\/\/www.xave-vtc.com\/index.php\/wp-json\/wp\/v2\/pages\/1602","targetHints":{"allow":["GET"]}}],"collection":[{"href":"https:\/\/www.xave-vtc.com\/index.php\/wp-json\/wp\/v2\/pages"}],"about":[{"href":"https:\/\/www.xave-vtc.com\/index.php\/wp-json\/wp\/v2\/types\/page"}],"author":[{"embeddable":true,"href":"https:\/\/www.xave-vtc.com\/index.php\/wp-json\/wp\/v2\/users\/1"}],"replies":[{"embeddable":true,"href":"https:\/\/www.xave-vtc.com\/index.php\/wp-json\/wp\/v2\/comments?post=1602"}],"version-history":[{"count":13,"href":"https:\/\/www.xave-vtc.com\/index.php\/wp-json\/wp\/v2\/pages\/1602\/revisions"}],"predecessor-version":[{"id":1731,"href":"https:\/\/www.xave-vtc.com\/index.php\/wp-json\/wp\/v2\/pages\/1602\/revisions\/1731"}],"wp:attachment":[{"href":"https:\/\/www.xave-vtc.com\/index.php\/wp-json\/wp\/v2\/media?parent=1602"}],"curies":[{"name":"wp","href":"https:\/\/api.w.org\/{rel}","templated":true}]}}