{"id":1607,"date":"2026-01-16T15:18:52","date_gmt":"2026-01-16T14:18:52","guid":{"rendered":"https:\/\/www.xave-vtc.com\/?page_id=1607"},"modified":"2026-02-10T16:23:16","modified_gmt":"2026-02-10T15:23:16","slug":"vtc-saint-pol-sur-ternoise","status":"publish","type":"page","link":"https:\/\/www.xave-vtc.com\/index.php\/vtc-saint-pol-sur-ternoise\/","title":{"rendered":"VTC Saint-Pol sur Ternoise"},"content":{"rendered":"\t\t<div data-elementor-type=\"wp-page\" data-elementor-id=\"1607\" class=\"elementor elementor-1607\">\n\t\t\t\t<div class=\"elementor-element elementor-element-2603223 e-flex e-con-boxed e-con e-parent\" data-id=\"2603223\" data-element_type=\"container\" data-settings=\"{&quot;background_background&quot;:&quot;classic&quot;}\">\n\t\t\t\t\t<div class=\"e-con-inner\">\n\t\t<div class=\"elementor-element elementor-element-7f742fe e-con-full e-flex e-con e-child\" data-id=\"7f742fe\" data-element_type=\"container\">\n\t\t\t\t<div class=\"elementor-element elementor-element-d57ab9c elementor-widget elementor-widget-text-editor\" data-id=\"d57ab9c\" data-element_type=\"widget\" data-widget_type=\"text-editor.default\">\n\t\t\t\t<div class=\"elementor-widget-container\">\n\t\t\t\t\t\t\t<h2><span style=\"color: #ffffff;\">Votre chauffeur priv\u00e9 local \u00e0 Saint-Pol-sur-Ternoise<\/span><\/h2><p>Vous recherchez un chauffeur VTC \u00e0 Saint-Pol-sur-Ternoise fiable, ponctuel et professionnel ? Xave\u2019VTC vous propose un service de transport priv\u00e9 local, adapt\u00e9 aussi bien aux particuliers qu\u2019aux professionnels.<\/p><p>Implant\u00e9 dans la r\u00e9gion, Xave\u2019VTC conna\u00eet parfaitement Saint-Pol-sur-Ternoise et ses environs, garantissant des trajets fluides, confortables et sans stress.<\/p><h2><span style=\"color: #ffffff;\">VTC local \u00e0 Saint-Pol-sur-Ternoise : un service de proximit\u00e9<\/span><\/h2><p>Faire appel \u00e0 un VTC local \u00e0 Saint-Pol-sur-Ternoise, c\u2019est b\u00e9n\u00e9ficier :<\/p><ul><li>d\u2019une excellente connaissance du secteur<\/li><li>d\u2019itin\u00e9raires optimis\u00e9s selon le trafic<\/li><li>d\u2019une grande ponctualit\u00e9<\/li><li>d\u2019un service humain, professionnel et discret<\/li><\/ul><p>Que ce soit pour un trajet quotidien, un rendez-vous important ou un d\u00e9placement priv\u00e9, Xave\u2019VTC est votre partenaire de confiance \u00e0 Saint-Pol-sur-Ternoise.<\/p>\t\t\t\t\t\t<\/div>\n\t\t\t\t<\/div>\n\t\t\t\t<\/div>\n\t\t\t\t<div class=\"elementor-element elementor-element-32867ef elementor-widget elementor-widget-spacer\" data-id=\"32867ef\" data-element_type=\"widget\" data-widget_type=\"spacer.default\">\n\t\t\t\t<div class=\"elementor-widget-container\">\n\t\t\t\t\t<div class=\"elementor-spacer\">\n\t\t\t<div class=\"elementor-spacer-inner\"><\/div>\n\t\t<\/div>\n\t\t\t\t<\/div>\n\t\t\t\t<\/div>\n\t\t\t\t<div class=\"elementor-element elementor-element-37231f8 elementor-widget__width-initial elementor-widget elementor-widget-image\" data-id=\"37231f8\" data-element_type=\"widget\" data-widget_type=\"image.default\">\n\t\t\t\t<div class=\"elementor-widget-container\">\n\t\t\t\t\t\t\t\t\t\t\t\t\t<img fetchpriority=\"high\" decoding=\"async\" width=\"576\" height=\"1024\" src=\"https:\/\/www.xave-vtc.com\/wp-content\/uploads\/2024\/12\/455847374_122110307504429833_5045844053303053744_n-576x1024.jpg\" class=\"attachment-large size-large wp-image-815\" alt=\"\" srcset=\"https:\/\/www.xave-vtc.com\/wp-content\/uploads\/2024\/12\/455847374_122110307504429833_5045844053303053744_n-576x1024.jpg 576w, https:\/\/www.xave-vtc.com\/wp-content\/uploads\/2024\/12\/455847374_122110307504429833_5045844053303053744_n-169x300.jpg 169w, https:\/\/www.xave-vtc.com\/wp-content\/uploads\/2024\/12\/455847374_122110307504429833_5045844053303053744_n.jpg 720w\" sizes=\"(max-width: 576px) 100vw, 576px\" \/>\t\t\t\t\t\t\t\t\t\t\t\t\t<\/div>\n\t\t\t\t<\/div>\n\t\t\t\t\t<\/div>\n\t\t\t\t<\/div>\n\t\t<div class=\"elementor-element elementor-element-8f24d46 e-flex e-con-boxed e-con e-parent\" data-id=\"8f24d46\" data-element_type=\"container\" data-settings=\"{&quot;background_background&quot;:&quot;gradient&quot;}\">\n\t\t\t\t\t<div class=\"e-con-inner\">\n\t\t\t\t<div class=\"elementor-element elementor-element-d1fc0b9 elementor-widget__width-initial elementor-widget elementor-widget-image\" data-id=\"d1fc0b9\" data-element_type=\"widget\" data-widget_type=\"image.default\">\n\t\t\t\t<div class=\"elementor-widget-container\">\n\t\t\t\t\t\t\t\t\t\t\t\t\t<img decoding=\"async\" width=\"690\" height=\"459\" src=\"https:\/\/www.xave-vtc.com\/wp-content\/uploads\/2025\/01\/Gares-1024x681.jpeg\" class=\"attachment-large size-large wp-image-1043\" alt=\"\" srcset=\"https:\/\/www.xave-vtc.com\/wp-content\/uploads\/2025\/01\/Gares-1024x681.jpeg 1024w, https:\/\/www.xave-vtc.com\/wp-content\/uploads\/2025\/01\/Gares-300x200.jpeg 300w, https:\/\/www.xave-vtc.com\/wp-content\/uploads\/2025\/01\/Gares-768x511.jpeg 768w, https:\/\/www.xave-vtc.com\/wp-content\/uploads\/2025\/01\/Gares-1536x1021.jpeg 1536w, https:\/\/www.xave-vtc.com\/wp-content\/uploads\/2025\/01\/Gares-2048x1362.jpeg 2048w\" sizes=\"(max-width: 690px) 100vw, 690px\" \/>\t\t\t\t\t\t\t\t\t\t\t\t\t<\/div>\n\t\t\t\t<\/div>\n\t\t\t\t<div class=\"elementor-element elementor-element-bb4d325 elementor-widget elementor-widget-text-editor\" data-id=\"bb4d325\" data-element_type=\"widget\" data-widget_type=\"text-editor.default\">\n\t\t\t\t<div class=\"elementor-widget-container\">\n\t\t\t\t\t\t\t<div class=\"page\" title=\"Page 2\"><div class=\"layoutArea\"><div class=\"column\"><h2><span style=\"color: #ffffff;\">Navettes gares &amp; a\u00e9roports<\/span><\/h2><p>Xave\u2019VTC assure vos navettes depuis et vers Saint-Pol-sur-Ternoise :<\/p><ul><li>Gare de Saint-Pol-sur-Ternoise<\/li><li>A\u00e9roport de Lille-Lesquin<\/li><li>Paris Charles-de-Gaulle<\/li><li>Paris Orly<\/li><li>Bruxelles<\/li><\/ul><p>\u2714 Suivi des horaires et des vols<br \/>\u2714 Prise en charge ponctuelle<br \/>\u2714 Confort et s\u00e9r\u00e9nit\u00e9 garantis<\/p><\/div><\/div><\/div>\t\t\t\t\t\t<\/div>\n\t\t\t\t<\/div>\n\t\t\t\t\t<\/div>\n\t\t\t\t<\/div>\n\t\t<div class=\"elementor-element elementor-element-f70422e e-flex e-con-boxed e-con e-parent\" data-id=\"f70422e\" data-element_type=\"container\" data-settings=\"{&quot;background_background&quot;:&quot;classic&quot;}\">\n\t\t\t\t\t<div class=\"e-con-inner\">\n\t\t\t\t<div class=\"elementor-element elementor-element-b8902bb elementor-widget__width-initial elementor-widget elementor-widget-spacer\" data-id=\"b8902bb\" data-element_type=\"widget\" data-widget_type=\"spacer.default\">\n\t\t\t\t<div class=\"elementor-widget-container\">\n\t\t\t\t\t<div class=\"elementor-spacer\">\n\t\t\t<div class=\"elementor-spacer-inner\"><\/div>\n\t\t<\/div>\n\t\t\t\t<\/div>\n\t\t\t\t<\/div>\n\t\t\t\t<div class=\"elementor-element elementor-element-325e24a elementor-widget elementor-widget-text-editor\" data-id=\"325e24a\" data-element_type=\"widget\" data-widget_type=\"text-editor.default\">\n\t\t\t\t<div class=\"elementor-widget-container\">\n\t\t\t\t\t\t\t<p>\u00a0<\/p><p>\u00a0<\/p><div class=\"page\" title=\"Page 2\"><div class=\"layoutArea\"><div class=\"column\"><h2><span style=\"color: #ffffff;\">D\u00e9placements professionnels &amp; priv\u00e9s<\/span><\/h2><ul><li>Rendez-vous professionnels<\/li><li>Mise \u00e0 disposition avec chauffeur<\/li><li>\u00c9v\u00e9nements, mariages, soir\u00e9es<\/li><li>Longues distances en France et en Belgique<\/li><\/ul><p>Chaque trajet est assur\u00e9 avec s\u00e9rieux, discr\u00e9tion et confort.<\/p><\/div><\/div><\/div>\t\t\t\t\t\t<\/div>\n\t\t\t\t<\/div>\n\t\t\t\t<div class=\"elementor-element elementor-element-b6438d7 elementor-widget__width-initial elementor-widget elementor-widget-image\" data-id=\"b6438d7\" data-element_type=\"widget\" data-widget_type=\"image.default\">\n\t\t\t\t<div class=\"elementor-widget-container\">\n\t\t\t\t\t\t\t\t\t\t\t\t\t<img decoding=\"async\" width=\"576\" height=\"1024\" src=\"https:\/\/www.xave-vtc.com\/wp-content\/uploads\/2025\/01\/456112407_122110307426429833_2427597326558039099_n-576x1024.jpg\" class=\"attachment-large size-large wp-image-1131\" alt=\"\" srcset=\"https:\/\/www.xave-vtc.com\/wp-content\/uploads\/2025\/01\/456112407_122110307426429833_2427597326558039099_n-576x1024.jpg 576w, https:\/\/www.xave-vtc.com\/wp-content\/uploads\/2025\/01\/456112407_122110307426429833_2427597326558039099_n-169x300.jpg 169w, https:\/\/www.xave-vtc.com\/wp-content\/uploads\/2025\/01\/456112407_122110307426429833_2427597326558039099_n.jpg 720w\" sizes=\"(max-width: 576px) 100vw, 576px\" \/>\t\t\t\t\t\t\t\t\t\t\t\t\t<\/div>\n\t\t\t\t<\/div>\n\t\t\t\t<div class=\"elementor-element elementor-element-7e20eaf elementor-widget__width-initial elementor-widget elementor-widget-spacer\" data-id=\"7e20eaf\" data-element_type=\"widget\" data-widget_type=\"spacer.default\">\n\t\t\t\t<div class=\"elementor-widget-container\">\n\t\t\t\t\t<div class=\"elementor-spacer\">\n\t\t\t<div class=\"elementor-spacer-inner\"><\/div>\n\t\t<\/div>\n\t\t\t\t<\/div>\n\t\t\t\t<\/div>\n\t\t\t\t\t<\/div>\n\t\t\t\t<\/div>\n\t\t\t\t<section class=\"elementor-section elementor-top-section elementor-element elementor-element-7d4632f elementor-section-boxed elementor-section-height-default elementor-section-height-default\" data-id=\"7d4632f\" data-element_type=\"section\" data-settings=\"{&quot;background_background&quot;:&quot;classic&quot;}\">\n\t\t\t\t\t\t<div class=\"elementor-container elementor-column-gap-default\">\n\t\t\t\t\t<div class=\"elementor-column elementor-col-50 elementor-top-column elementor-element elementor-element-bcca478\" data-id=\"bcca478\" data-element_type=\"column\">\n\t\t\t<div class=\"elementor-widget-wrap elementor-element-populated\">\n\t\t\t\t\t\t<div class=\"elementor-element elementor-element-396a6d8 elementor-widget__width-initial elementor-widget elementor-widget-heading\" data-id=\"396a6d8\" data-element_type=\"widget\" data-widget_type=\"heading.default\">\n\t\t\t\t<div class=\"elementor-widget-container\">\n\t\t\t<h2 class=\"elementor-heading-title elementor-size-default\">Pourquoi choisir Xave\u2019VTC \u00e0 Saint-Pol-sur-Ternoise ?<\/h2>\t\t<\/div>\n\t\t\t\t<\/div>\n\t\t\t\t<div class=\"elementor-element elementor-element-ca73463 elementor-widget elementor-widget-text-editor\" data-id=\"ca73463\" data-element_type=\"widget\" data-widget_type=\"text-editor.default\">\n\t\t\t\t<div class=\"elementor-widget-container\">\n\t\t\t\t\t\t\t<div class=\"page\" title=\"Page 2\"><div class=\"section\"><div class=\"layoutArea\"><div class=\"column\"><ul><li>Chauffeur VTC exp\u00e9riment\u00e9<\/li><li>V\u00e9hicule confortable, propre et climatis\u00e9<\/li><li>Tarifs clairs et sans surprise<\/li><li>Service disponible 7j\/7 sur r\u00e9servation<\/li><li>Excellents avis clients sur Google<\/li><\/ul><\/div><\/div><\/div><\/div>\t\t\t\t\t\t<\/div>\n\t\t\t\t<\/div>\n\t\t\t\t\t<\/div>\n\t\t<\/div>\n\t\t\t\t<div class=\"elementor-column elementor-col-50 elementor-top-column elementor-element elementor-element-5c0b887\" data-id=\"5c0b887\" data-element_type=\"column\">\n\t\t\t<div class=\"elementor-widget-wrap elementor-element-populated\">\n\t\t\t\t\t\t<div class=\"elementor-element elementor-element-ab91cd4 elementor-widget elementor-widget-heading\" data-id=\"ab91cd4\" data-element_type=\"widget\" data-widget_type=\"heading.default\">\n\t\t\t\t<div class=\"elementor-widget-container\">\n\t\t\t<h2 class=\"elementor-heading-title elementor-size-default\">Zones desservies \u2013 VTC local<\/h2>\t\t<\/div>\n\t\t\t\t<\/div>\n\t\t\t\t<div class=\"elementor-element elementor-element-6a425af elementor-widget elementor-widget-text-editor\" data-id=\"6a425af\" data-element_type=\"widget\" data-widget_type=\"text-editor.default\">\n\t\t\t\t<div class=\"elementor-widget-container\">\n\t\t\t\t\t\t\t<div class=\"page\" title=\"Page 2\"><p>Saint-Pol-sur-Ternoise et communes voisines :<\/p><ul><li>Anvin<\/li><li>Heuchin<\/li><li>Fruges<\/li><li>Auxi-le-Ch\u00e2teau<\/li><li>Pernes<\/li><li>\u00c9rin<\/li><li>Brias<\/li><li>Croisette<\/li><li>Blangy-sur-Ternoise<\/li><\/ul><p>Xave\u2019VTC assure \u00e9galement les trajets longue distance, ainsi que les navettes gares et a\u00e9roports.<\/p><\/div>\t\t\t\t\t\t<\/div>\n\t\t\t\t<\/div>\n\t\t\t\t\t<\/div>\n\t\t<\/div>\n\t\t\t\t\t<\/div>\n\t\t<\/section>\n\t\t<div class=\"elementor-element elementor-element-e8c8595 e-flex e-con-boxed e-con e-parent\" data-id=\"e8c8595\" data-element_type=\"container\" data-settings=\"{&quot;background_background&quot;:&quot;classic&quot;}\">\n\t\t\t\t\t<div class=\"e-con-inner\">\n\t\t\t\t<div class=\"elementor-element elementor-element-8838aeb elementor-widget__width-initial elementor-widget elementor-widget-spacer\" data-id=\"8838aeb\" data-element_type=\"widget\" data-widget_type=\"spacer.default\">\n\t\t\t\t<div class=\"elementor-widget-container\">\n\t\t\t\t\t<div class=\"elementor-spacer\">\n\t\t\t<div class=\"elementor-spacer-inner\"><\/div>\n\t\t<\/div>\n\t\t\t\t<\/div>\n\t\t\t\t<\/div>\n\t\t\t\t<div class=\"elementor-element elementor-element-4ba7384 elementor-widget elementor-widget-text-editor\" data-id=\"4ba7384\" data-element_type=\"widget\" data-widget_type=\"text-editor.default\">\n\t\t\t\t<div class=\"elementor-widget-container\">\n\t\t\t\t\t\t\t<div class=\"page\" title=\"Page 2\"><div class=\"layoutArea\"><div class=\"column\"><h2 style=\"text-align: center;\"><span style=\"color: #ffffff;\">R\u00e9server votre VTC \u00e0 Saint-Pol-sur-Ternoise<\/span><\/h2><p class=\"Textbody\" style=\"text-align: center;\">Disponible <span class=\"StrongEmphasis\">7j\/7 sur r\u00e9servation<\/span><\/p><\/div><\/div><\/div>\t\t\t\t\t\t<\/div>\n\t\t\t\t<\/div>\n\t\t\t\t<div class=\"elementor-element elementor-element-e566462 elementor-widget__width-initial elementor-widget elementor-widget-spacer\" data-id=\"e566462\" data-element_type=\"widget\" data-widget_type=\"spacer.default\">\n\t\t\t\t<div class=\"elementor-widget-container\">\n\t\t\t\t\t<div class=\"elementor-spacer\">\n\t\t\t<div class=\"elementor-spacer-inner\"><\/div>\n\t\t<\/div>\n\t\t\t\t<\/div>\n\t\t\t\t<\/div>\n\t\t\t\t\t<\/div>\n\t\t\t\t<\/div>\n\t\t\t\t<section class=\"elementor-section elementor-top-section elementor-element elementor-element-922ef63 elementor-section-full_width elementor-section-height-default elementor-section-height-default\" data-id=\"922ef63\" data-element_type=\"section\" data-settings=\"{&quot;background_background&quot;:&quot;gradient&quot;}\">\n\t\t\t\t\t\t<div class=\"elementor-container elementor-column-gap-default\">\n\t\t\t\t\t<div class=\"elementor-column elementor-col-100 elementor-top-column elementor-element elementor-element-63970c1\" data-id=\"63970c1\" data-element_type=\"column\">\n\t\t\t<div class=\"elementor-widget-wrap elementor-element-populated\">\n\t\t\t\t\t\t<section class=\"elementor-section elementor-inner-section elementor-element elementor-element-bd7c131 elementor-section-boxed elementor-section-height-default elementor-section-height-default\" data-id=\"bd7c131\" data-element_type=\"section\">\n\t\t\t\t\t\t<div class=\"elementor-container elementor-column-gap-default\">\n\t\t\t\t\t<div class=\"elementor-column elementor-col-100 elementor-inner-column elementor-element elementor-element-6274fc3\" data-id=\"6274fc3\" data-element_type=\"column\">\n\t\t\t<div class=\"elementor-widget-wrap elementor-element-populated\">\n\t\t\t\t\t\t<div class=\"elementor-element elementor-element-1bf26cd elementor-widget elementor-widget-heading\" data-id=\"1bf26cd\" data-element_type=\"widget\" data-widget_type=\"heading.default\">\n\t\t\t\t<div class=\"elementor-widget-container\">\n\t\t\t<h2 class=\"elementor-heading-title elementor-size-default\">FAQ \u2013 VTC Saint-Pol-sur-Ternoise<\/h2>\t\t<\/div>\n\t\t\t\t<\/div>\n\t\t\t\t<div class=\"elementor-element elementor-element-a4516f4 elementor-widget elementor-widget-n-accordion\" data-id=\"a4516f4\" data-element_type=\"widget\" data-settings=\"{&quot;default_state&quot;:&quot;expanded&quot;,&quot;max_items_expended&quot;:&quot;one&quot;,&quot;n_accordion_animation_duration&quot;:{&quot;unit&quot;:&quot;ms&quot;,&quot;size&quot;:400,&quot;sizes&quot;:[]}}\" data-widget_type=\"nested-accordion.default\">\n\t\t\t\t<div class=\"elementor-widget-container\">\n\t\t\t\t\t<div class=\"e-n-accordion\" aria-label=\"Accordion. Open links with Enter or Space, close with Escape, and navigate with Arrow Keys\">\n\t\t\t\t\t\t<details id=\"e-n-accordion-item-1720\" class=\"e-n-accordion-item\" open>\n\t\t\t\t<summary class=\"e-n-accordion-item-title\" data-accordion-index=\"1\" tabindex=\"0\" aria-expanded=\"true\" aria-controls=\"e-n-accordion-item-1720\" >\n\t\t\t\t\t<span class='e-n-accordion-item-title-header'><div class=\"e-n-accordion-item-title-text\"> Quel est le prix d\u2019un VTC \u00e0 Saint-Pol-sur-Ternoise ? <\/div><\/span>\n\t\t\t\t\t\t\t<span class='e-n-accordion-item-title-icon'>\n\t\t\t<span class='e-opened' ><svg aria-hidden=\"true\" class=\"e-font-icon-svg e-fas-minus\" viewBox=\"0 0 448 512\" xmlns=\"http:\/\/www.w3.org\/2000\/svg\"><path d=\"M416 208H32c-17.67 0-32 14.33-32 32v32c0 17.67 14.33 32 32 32h384c17.67 0 32-14.33 32-32v-32c0-17.67-14.33-32-32-32z\"><\/path><\/svg><\/span>\n\t\t\t<span class='e-closed'><svg aria-hidden=\"true\" class=\"e-font-icon-svg e-fas-plus\" viewBox=\"0 0 448 512\" xmlns=\"http:\/\/www.w3.org\/2000\/svg\"><path d=\"M416 208H272V64c0-17.67-14.33-32-32-32h-32c-17.67 0-32 14.33-32 32v144H32c-17.67 0-32 14.33-32 32v32c0 17.67 14.33 32 32 32h144v144c0 17.67 14.33 32 32 32h32c17.67 0 32-14.33 32-32V304h144c17.67 0 32-14.33 32-32v-32c0-17.67-14.33-32-32-32z\"><\/path><\/svg><\/span>\n\t\t<\/span>\n\n\t\t\t\t\t\t<\/summary>\n\t\t\t\t<div role=\"region\" aria-labelledby=\"e-n-accordion-item-1720\" class=\"elementor-element elementor-element-2d9eb32 e-con-full e-flex e-con e-child\" data-id=\"2d9eb32\" data-element_type=\"container\">\n\t\t\t\t<div class=\"elementor-element elementor-element-631c907 elementor-widget elementor-widget-text-editor\" data-id=\"631c907\" data-element_type=\"widget\" data-widget_type=\"text-editor.default\">\n\t\t\t\t<div class=\"elementor-widget-container\">\n\t\t\t\t\t\t\t<p class=\"Textbody\" style=\"text-align: left;\">Le tarif d\u00e9pend de la distance et du type de trajet. Un prix clair est annonc\u00e9 avant chaque course.<\/p>\t\t\t\t\t\t<\/div>\n\t\t\t\t<\/div>\n\t\t\t\t<\/div>\n\t\t\t\t\t<\/details>\n\t\t\t\t\t\t<details id=\"e-n-accordion-item-1721\" class=\"e-n-accordion-item\" >\n\t\t\t\t<summary class=\"e-n-accordion-item-title\" data-accordion-index=\"2\" tabindex=\"-1\" aria-expanded=\"false\" aria-controls=\"e-n-accordion-item-1721\" >\n\t\t\t\t\t<span class='e-n-accordion-item-title-header'><div class=\"e-n-accordion-item-title-text\"> Peut-on r\u00e9server \u00e0 l\u2019avance ? <\/div><\/span>\n\t\t\t\t\t\t\t<span class='e-n-accordion-item-title-icon'>\n\t\t\t<span class='e-opened' ><svg aria-hidden=\"true\" class=\"e-font-icon-svg e-fas-minus\" viewBox=\"0 0 448 512\" xmlns=\"http:\/\/www.w3.org\/2000\/svg\"><path d=\"M416 208H32c-17.67 0-32 14.33-32 32v32c0 17.67 14.33 32 32 32h384c17.67 0 32-14.33 32-32v-32c0-17.67-14.33-32-32-32z\"><\/path><\/svg><\/span>\n\t\t\t<span class='e-closed'><svg aria-hidden=\"true\" class=\"e-font-icon-svg e-fas-plus\" viewBox=\"0 0 448 512\" xmlns=\"http:\/\/www.w3.org\/2000\/svg\"><path d=\"M416 208H272V64c0-17.67-14.33-32-32-32h-32c-17.67 0-32 14.33-32 32v144H32c-17.67 0-32 14.33-32 32v32c0 17.67 14.33 32 32 32h144v144c0 17.67 14.33 32 32 32h32c17.67 0 32-14.33 32-32V304h144c17.67 0 32-14.33 32-32v-32c0-17.67-14.33-32-32-32z\"><\/path><\/svg><\/span>\n\t\t<\/span>\n\n\t\t\t\t\t\t<\/summary>\n\t\t\t\t<div role=\"region\" aria-labelledby=\"e-n-accordion-item-1721\" class=\"elementor-element elementor-element-a75b79e e-con-full e-flex e-con e-child\" data-id=\"a75b79e\" data-element_type=\"container\">\n\t\t\t\t<div class=\"elementor-element elementor-element-58b6f1c elementor-widget elementor-widget-text-editor\" data-id=\"58b6f1c\" data-element_type=\"widget\" data-widget_type=\"text-editor.default\">\n\t\t\t\t<div class=\"elementor-widget-container\">\n\t\t\t\t\t\t\t<p class=\"Textbody\" style=\"text-align: left;\">Oui, la r\u00e9servation \u00e0 l\u2019avance est fortement conseill\u00e9e.<\/p>\t\t\t\t\t\t<\/div>\n\t\t\t\t<\/div>\n\t\t\t\t<\/div>\n\t\t\t\t\t<\/details>\n\t\t\t\t\t\t<details id=\"e-n-accordion-item-1722\" class=\"e-n-accordion-item\" >\n\t\t\t\t<summary class=\"e-n-accordion-item-title\" data-accordion-index=\"3\" tabindex=\"-1\" aria-expanded=\"false\" aria-controls=\"e-n-accordion-item-1722\" >\n\t\t\t\t\t<span class='e-n-accordion-item-title-header'><div class=\"e-n-accordion-item-title-text\"> Proposez-vous des trajets de nuit ? <\/div><\/span>\n\t\t\t\t\t\t\t<span class='e-n-accordion-item-title-icon'>\n\t\t\t<span class='e-opened' ><svg aria-hidden=\"true\" class=\"e-font-icon-svg e-fas-minus\" viewBox=\"0 0 448 512\" xmlns=\"http:\/\/www.w3.org\/2000\/svg\"><path d=\"M416 208H32c-17.67 0-32 14.33-32 32v32c0 17.67 14.33 32 32 32h384c17.67 0 32-14.33 32-32v-32c0-17.67-14.33-32-32-32z\"><\/path><\/svg><\/span>\n\t\t\t<span class='e-closed'><svg aria-hidden=\"true\" class=\"e-font-icon-svg e-fas-plus\" viewBox=\"0 0 448 512\" xmlns=\"http:\/\/www.w3.org\/2000\/svg\"><path d=\"M416 208H272V64c0-17.67-14.33-32-32-32h-32c-17.67 0-32 14.33-32 32v144H32c-17.67 0-32 14.33-32 32v32c0 17.67 14.33 32 32 32h144v144c0 17.67 14.33 32 32 32h32c17.67 0 32-14.33 32-32V304h144c17.67 0 32-14.33 32-32v-32c0-17.67-14.33-32-32-32z\"><\/path><\/svg><\/span>\n\t\t<\/span>\n\n\t\t\t\t\t\t<\/summary>\n\t\t\t\t<div role=\"region\" aria-labelledby=\"e-n-accordion-item-1722\" class=\"elementor-element elementor-element-9e4a0a3 e-con-full e-flex e-con e-child\" data-id=\"9e4a0a3\" data-element_type=\"container\">\n\t\t\t\t<div class=\"elementor-element elementor-element-a9d7193 elementor-widget elementor-widget-text-editor\" data-id=\"a9d7193\" data-element_type=\"widget\" data-widget_type=\"text-editor.default\">\n\t\t\t\t<div class=\"elementor-widget-container\">\n\t\t\t\t\t\t\t<p class=\"Textbody\">Oui, les trajets de jour comme de nuit sont possibles sur r\u00e9servation.<\/p>\t\t\t\t\t\t<\/div>\n\t\t\t\t<\/div>\n\t\t\t\t<\/div>\n\t\t\t\t\t<\/details>\n\t\t\t\t\t<\/div>\n\t\t\t\t<\/div>\n\t\t\t\t<\/div>\n\t\t\t\t<div class=\"elementor-element elementor-element-1fc78e2 taxi-banner-button elementor-mobile-align-center elementor-align-center elementor-widget elementor-widget-button\" data-id=\"1fc78e2\" data-element_type=\"widget\" data-widget_type=\"button.default\">\n\t\t\t\t<div class=\"elementor-widget-container\">\n\t\t\t\t\t\t\t<div class=\"elementor-button-wrapper\">\n\t\t\t\t\t<a class=\"elementor-button elementor-button-link elementor-size-sm\" href=\"https:\/\/www.xave-vtc.com\/index.php\/contact\/\">\n\t\t\t\t\t\t<span class=\"elementor-button-content-wrapper\">\n\t\t\t\t\t\t\t\t\t<span class=\"elementor-button-text\">Demander une r\u00e9servation<\/span>\n\t\t\t\t\t<\/span>\n\t\t\t\t\t<\/a>\n\t\t\t\t<\/div>\n\t\t\t\t\t\t<\/div>\n\t\t\t\t<\/div>\n\t\t\t\t<div class=\"elementor-element elementor-element-1fa7164 elementor-widget elementor-widget-heading\" data-id=\"1fa7164\" data-element_type=\"widget\" data-widget_type=\"heading.default\">\n\t\t\t\t<div class=\"elementor-widget-container\">\n\t\t\t<h2 class=\"elementor-heading-title elementor-size-default\">Xave\u2019VTC \u2013 Votre chauffeur priv\u00e9 \u00e0 Saint-Pol-sur-Ternoise<\/h2>\t\t<\/div>\n\t\t\t\t<\/div>\n\t\t\t\t<div class=\"elementor-element elementor-element-30e7005 elementor-widget elementor-widget-text-editor\" data-id=\"30e7005\" data-element_type=\"widget\" data-widget_type=\"text-editor.default\">\n\t\t\t\t<div class=\"elementor-widget-container\">\n\t\t\t\t\t\t\t<div class=\"page\" title=\"Page 2\"><div class=\"section\"><div class=\"layoutArea\"><div class=\"column\"><p class=\"Textbody\" style=\"text-align: center;\">Ponctualit\u00e9, confort et professionnalisme pour tous vos d\u00e9placements.<\/p><\/div><\/div><\/div><\/div>\t\t\t\t\t\t<\/div>\n\t\t\t\t<\/div>\n\t\t\t\t\t<\/div>\n\t\t<\/div>\n\t\t\t\t\t<\/div>\n\t\t<\/section>\n\t\t\t\t\t<\/div>\n\t\t<\/div>\n\t\t\t\t\t<\/div>\n\t\t<\/section>\n\t\t\t\t<\/div>\n\t\t","protected":false},"excerpt":{"rendered":"<p>Votre chauffeur priv\u00e9 local \u00e0 Saint-Pol-sur-Ternoise Vous recherchez un chauffeur VTC \u00e0 Saint-Pol-sur-Ternoise fiable, ponctuel et professionnel ? Xave\u2019VTC vous propose un service de transport priv\u00e9 local, adapt\u00e9 aussi bien aux particuliers qu\u2019aux professionnels. Implant\u00e9 dans la r\u00e9gion, Xave\u2019VTC conna\u00eet parfaitement Saint-Pol-sur-Ternoise et ses environs, garantissant des trajets fluides, confortables et sans stress. VTC local<br \/><a class=\"moretag\" href=\"https:\/\/www.xave-vtc.com\/index.php\/vtc-saint-pol-sur-ternoise\/\">+ Read More<\/a><\/p>\n","protected":false},"author":1,"featured_media":0,"parent":0,"menu_order":0,"comment_status":"closed","ping_status":"closed","template":"templates\/page-builder.php","meta":{"footnotes":""},"class_list":["post-1607","page","type-page","status-publish","hentry"],"_links":{"self":[{"href":"https:\/\/www.xave-vtc.com\/index.php\/wp-json\/wp\/v2\/pages\/1607","targetHints":{"allow":["GET"]}}],"collection":[{"href":"https:\/\/www.xave-vtc.com\/index.php\/wp-json\/wp\/v2\/pages"}],"about":[{"href":"https:\/\/www.xave-vtc.com\/index.php\/wp-json\/wp\/v2\/types\/page"}],"author":[{"embeddable":true,"href":"https:\/\/www.xave-vtc.com\/index.php\/wp-json\/wp\/v2\/users\/1"}],"replies":[{"embeddable":true,"href":"https:\/\/www.xave-vtc.com\/index.php\/wp-json\/wp\/v2\/comments?post=1607"}],"version-history":[{"count":13,"href":"https:\/\/www.xave-vtc.com\/index.php\/wp-json\/wp\/v2\/pages\/1607\/revisions"}],"predecessor-version":[{"id":1719,"href":"https:\/\/www.xave-vtc.com\/index.php\/wp-json\/wp\/v2\/pages\/1607\/revisions\/1719"}],"wp:attachment":[{"href":"https:\/\/www.xave-vtc.com\/index.php\/wp-json\/wp\/v2\/media?parent=1607"}],"curies":[{"name":"wp","href":"https:\/\/api.w.org\/{rel}","templated":true}]}}