{"id":1612,"date":"2026-01-16T15:24:45","date_gmt":"2026-01-16T14:24:45","guid":{"rendered":"https:\/\/www.xave-vtc.com\/?page_id=1612"},"modified":"2026-02-11T09:54:12","modified_gmt":"2026-02-11T08:54:12","slug":"vtc-lille","status":"publish","type":"page","link":"https:\/\/www.xave-vtc.com\/index.php\/vtc-lille\/","title":{"rendered":"VTC Lille"},"content":{"rendered":"\t\t<div data-elementor-type=\"wp-page\" data-elementor-id=\"1612\" class=\"elementor elementor-1612\">\n\t\t\t\t<div class=\"elementor-element elementor-element-fd3cc71 e-flex e-con-boxed e-con e-parent\" data-id=\"fd3cc71\" data-element_type=\"container\" data-settings=\"{&quot;background_background&quot;:&quot;gradient&quot;}\">\n\t\t\t\t\t<div class=\"e-con-inner\">\n\t\t<div class=\"elementor-element elementor-element-5c2b1c8 e-con-full e-flex e-con e-child\" data-id=\"5c2b1c8\" data-element_type=\"container\">\n\t\t\t\t<div class=\"elementor-element elementor-element-30e9ebb elementor-widget elementor-widget-heading\" data-id=\"30e9ebb\" data-element_type=\"widget\" data-widget_type=\"heading.default\">\n\t\t\t\t<div class=\"elementor-widget-container\">\n\t\t\t<h2 class=\"elementor-heading-title elementor-size-default\">Votre chauffeur priv\u00e9 \n<br>\nlocal \u00e0 Lille<\/h2>\t\t<\/div>\n\t\t\t\t<\/div>\n\t\t\t\t<div class=\"elementor-element elementor-element-8f3cb0d elementor-widget elementor-widget-text-editor\" data-id=\"8f3cb0d\" data-element_type=\"widget\" data-widget_type=\"text-editor.default\">\n\t\t\t\t<div class=\"elementor-widget-container\">\n\t\t\t\t\t\t\t<p>Vous recherchez un chauffeur fiable, ponctuel et professionnel ?<br data-start=\"201\" data-end=\"204\" \/>Xave&rsquo;VTC vous propose un service de transport priv\u00e9 \u00e0 Lille, adapt\u00e9 aussi bien aux particuliers qu&rsquo;aux professionnels.<br data-start=\"322\" data-end=\"325\" \/>Bas\u00e9 dans la r\u00e9gion, Xave&rsquo;VTC conna\u00eet parfaitement Lille et sa m\u00e9tropole, garantissant des trajets fluides, confortables et sans stress, m\u00eame aux heures de pointe.<\/p>\t\t\t\t\t\t<\/div>\n\t\t\t\t<\/div>\n\t\t\t\t<\/div>\n\t\t\t\t<div class=\"elementor-element elementor-element-5e0c3b0 elementor-widget elementor-widget-image\" data-id=\"5e0c3b0\" data-element_type=\"widget\" data-widget_type=\"image.default\">\n\t\t\t\t<div class=\"elementor-widget-container\">\n\t\t\t\t\t\t\t\t\t\t\t\t\t<img fetchpriority=\"high\" decoding=\"async\" width=\"690\" height=\"567\" src=\"https:\/\/www.xave-vtc.com\/wp-content\/uploads\/2026\/01\/Capture-decran-2026-01-16-a-15.25.38.png\" class=\"attachment-large size-large wp-image-1614\" alt=\"\" srcset=\"https:\/\/www.xave-vtc.com\/wp-content\/uploads\/2026\/01\/Capture-decran-2026-01-16-a-15.25.38.png 832w, https:\/\/www.xave-vtc.com\/wp-content\/uploads\/2026\/01\/Capture-decran-2026-01-16-a-15.25.38-300x247.png 300w, https:\/\/www.xave-vtc.com\/wp-content\/uploads\/2026\/01\/Capture-decran-2026-01-16-a-15.25.38-768x631.png 768w\" sizes=\"(max-width: 690px) 100vw, 690px\" \/>\t\t\t\t\t\t\t\t\t\t\t\t\t<\/div>\n\t\t\t\t<\/div>\n\t\t\t\t\t<\/div>\n\t\t\t\t<\/div>\n\t\t\t\t<section class=\"elementor-section elementor-top-section elementor-element elementor-element-ad6e779 elementor-section-boxed elementor-section-height-default elementor-section-height-default\" data-id=\"ad6e779\" data-element_type=\"section\">\n\t\t\t\t\t\t<div class=\"elementor-container elementor-column-gap-default\">\n\t\t\t\t\t<div class=\"elementor-column elementor-col-50 elementor-top-column elementor-element elementor-element-c2eabee\" data-id=\"c2eabee\" data-element_type=\"column\">\n\t\t\t<div class=\"elementor-widget-wrap elementor-element-populated\">\n\t\t\t\t\t\t<div class=\"elementor-element elementor-element-ce95d16 elementor-widget elementor-widget-heading\" data-id=\"ce95d16\" data-element_type=\"widget\" data-widget_type=\"heading.default\">\n\t\t\t\t<div class=\"elementor-widget-container\">\n\t\t\t<h2 class=\"elementor-heading-title elementor-size-default\">VTC local \u00e0 Lille : un service de proximit\u00e9<\/h2>\t\t<\/div>\n\t\t\t\t<\/div>\n\t\t\t\t<div class=\"elementor-element elementor-element-97b01b9 elementor-widget elementor-widget-text-editor\" data-id=\"97b01b9\" data-element_type=\"widget\" data-widget_type=\"text-editor.default\">\n\t\t\t\t<div class=\"elementor-widget-container\">\n\t\t\t\t\t\t\t<div class=\"page\" title=\"Page 2\"><div class=\"section\"><div class=\"layoutArea\"><div class=\"column\">Faire appel \u00e0 un VTC local \u00e0 Lille, c&rsquo;est b\u00e9n\u00e9ficier :<\/div><div class=\"column\"><br data-start=\"594\" data-end=\"597\" \/>\u2022 d&rsquo;une parfaite connaissance de Lille centre et de la MEL<br data-start=\"655\" data-end=\"658\" \/>\u2022 d&rsquo;itin\u00e9raires optimis\u00e9s<br data-start=\"683\" data-end=\"686\" \/>\u2022 d&rsquo;un service professionnel, discret et humain<br data-start=\"733\" data-end=\"736\" \/>Que ce soit pour un d\u00e9placement urbain, professionnel ou priv\u00e9,<\/div><div>\u00a0<\/div><div class=\"column\">Xave&rsquo;VTC est votre partenaire de confiance \u00e0 Lille.<\/div><\/div><\/div><\/div>\t\t\t\t\t\t<\/div>\n\t\t\t\t<\/div>\n\t\t\t\t\t<\/div>\n\t\t<\/div>\n\t\t\t\t<div class=\"elementor-column elementor-col-50 elementor-top-column elementor-element elementor-element-028df73\" data-id=\"028df73\" data-element_type=\"column\">\n\t\t\t<div class=\"elementor-widget-wrap elementor-element-populated\">\n\t\t\t\t\t\t<div class=\"elementor-element elementor-element-a32e5b8 elementor-widget elementor-widget-heading\" data-id=\"a32e5b8\" data-element_type=\"widget\" data-widget_type=\"heading.default\">\n\t\t\t\t<div class=\"elementor-widget-container\">\n\t\t\t<h2 class=\"elementor-heading-title elementor-size-default\">Navettes a\u00e9roport depuis Lille<\/h2>\t\t<\/div>\n\t\t\t\t<\/div>\n\t\t\t\t<div class=\"elementor-element elementor-element-4c9aa6a elementor-widget elementor-widget-text-editor\" data-id=\"4c9aa6a\" data-element_type=\"widget\" data-widget_type=\"text-editor.default\">\n\t\t\t\t<div class=\"elementor-widget-container\">\n\t\t\t\t\t\t\t<div class=\"page\" title=\"Page 2\">Xave&rsquo;VTC assure vos navettes a\u00e9roport depuis et vers Lille :<\/div><div class=\"page\" title=\"Page 2\"><br data-start=\"952\" data-end=\"955\" \/>\u2022 A\u00e9roport de Lille-Lesquin<br data-start=\"982\" data-end=\"985\" \/>\u2022 Paris Charles-de-Gaulle<br data-start=\"1010\" data-end=\"1013\" \/>\u2022 Paris Orly<br data-start=\"1025\" data-end=\"1028\" \/>\u2022 Bruxelles<\/div><div title=\"Page 2\">\u00a0<\/div><div class=\"page\" title=\"Page 2\">\u2714 Suivi des vols en temps r\u00e9el<br data-start=\"1072\" data-end=\"1075\" \/>\u2714 Prise en charge ponctuelle<br data-start=\"1103\" data-end=\"1106\" \/>\u2714 Confort et s\u00e9r\u00e9nit\u00e9 garantis<\/div><div title=\"Page 2\">\u00a0<\/div>\t\t\t\t\t\t<\/div>\n\t\t\t\t<\/div>\n\t\t\t\t\t<\/div>\n\t\t<\/div>\n\t\t\t\t\t<\/div>\n\t\t<\/section>\n\t\t<div class=\"elementor-element elementor-element-335764b e-flex e-con-boxed e-con e-parent\" data-id=\"335764b\" data-element_type=\"container\" data-settings=\"{&quot;background_background&quot;:&quot;gradient&quot;}\">\n\t\t\t\t\t<div class=\"e-con-inner\">\n\t\t\t\t<div class=\"elementor-element elementor-element-7c47571 elementor-widget__width-initial elementor-widget elementor-widget-image\" data-id=\"7c47571\" data-element_type=\"widget\" data-widget_type=\"image.default\">\n\t\t\t\t<div class=\"elementor-widget-container\">\n\t\t\t\t\t\t\t\t\t\t\t\t\t<img decoding=\"async\" width=\"690\" height=\"459\" src=\"https:\/\/www.xave-vtc.com\/wp-content\/uploads\/2025\/01\/Gares-1024x681.jpeg\" class=\"attachment-large size-large wp-image-1043\" alt=\"\" srcset=\"https:\/\/www.xave-vtc.com\/wp-content\/uploads\/2025\/01\/Gares-1024x681.jpeg 1024w, https:\/\/www.xave-vtc.com\/wp-content\/uploads\/2025\/01\/Gares-300x200.jpeg 300w, https:\/\/www.xave-vtc.com\/wp-content\/uploads\/2025\/01\/Gares-768x511.jpeg 768w, https:\/\/www.xave-vtc.com\/wp-content\/uploads\/2025\/01\/Gares-1536x1021.jpeg 1536w, https:\/\/www.xave-vtc.com\/wp-content\/uploads\/2025\/01\/Gares-2048x1362.jpeg 2048w\" sizes=\"(max-width: 690px) 100vw, 690px\" \/>\t\t\t\t\t\t\t\t\t\t\t\t\t<\/div>\n\t\t\t\t<\/div>\n\t\t\t\t<div class=\"elementor-element elementor-element-a19b272 elementor-widget__width-initial elementor-widget elementor-widget-spacer\" data-id=\"a19b272\" data-element_type=\"widget\" data-widget_type=\"spacer.default\">\n\t\t\t\t<div class=\"elementor-widget-container\">\n\t\t\t\t\t<div class=\"elementor-spacer\">\n\t\t\t<div class=\"elementor-spacer-inner\"><\/div>\n\t\t<\/div>\n\t\t\t\t<\/div>\n\t\t\t\t<\/div>\n\t\t<div class=\"elementor-element elementor-element-d23c78a e-con-full e-flex e-con e-child\" data-id=\"d23c78a\" data-element_type=\"container\">\n\t\t\t\t<div class=\"elementor-element elementor-element-88c7eb5 elementor-widget elementor-widget-heading\" data-id=\"88c7eb5\" data-element_type=\"widget\" data-widget_type=\"heading.default\">\n\t\t\t\t<div class=\"elementor-widget-container\">\n\t\t\t<h2 class=\"elementor-heading-title elementor-size-default\">D\u00e9placements professionnels &amp; priv\u00e9s<\/h2>\t\t<\/div>\n\t\t\t\t<\/div>\n\t\t\t\t<div class=\"elementor-element elementor-element-4cd48d0 elementor-widget elementor-widget-text-editor\" data-id=\"4cd48d0\" data-element_type=\"widget\" data-widget_type=\"text-editor.default\">\n\t\t\t\t<div class=\"elementor-widget-container\">\n\t\t\t\t\t\t\t<ul><li>Rendez-vous professionnels<\/li><li>Mise \u00e0 disposition avec chauffeur<\/li><li>S\u00e9minaires, \u00e9v\u00e9nements, salons<\/li><li>Mariages, soir\u00e9es, sorties priv\u00e9es<\/li><li>Longues distances en France et en Belgique<\/li><\/ul><p>Chaque trajet est r\u00e9alis\u00e9 avec s\u00e9rieux, discr\u00e9tion et confort, dans le respect de vos exigences.<\/p>\t\t\t\t\t\t<\/div>\n\t\t\t\t<\/div>\n\t\t\t\t<\/div>\n\t\t\t\t\t<\/div>\n\t\t\t\t<\/div>\n\t\t\t\t<section class=\"elementor-section elementor-top-section elementor-element elementor-element-d498083 elementor-section-boxed elementor-section-height-default elementor-section-height-default\" data-id=\"d498083\" data-element_type=\"section\" data-settings=\"{&quot;background_background&quot;:&quot;classic&quot;}\">\n\t\t\t\t\t\t<div class=\"elementor-container elementor-column-gap-default\">\n\t\t\t\t\t<div class=\"elementor-column elementor-col-50 elementor-top-column elementor-element elementor-element-99c0d29\" data-id=\"99c0d29\" data-element_type=\"column\">\n\t\t\t<div class=\"elementor-widget-wrap elementor-element-populated\">\n\t\t\t\t\t\t<div class=\"elementor-element elementor-element-e4c01e5 elementor-widget elementor-widget-heading\" data-id=\"e4c01e5\" data-element_type=\"widget\" data-widget_type=\"heading.default\">\n\t\t\t\t<div class=\"elementor-widget-container\">\n\t\t\t<h2 class=\"elementor-heading-title elementor-size-default\">Pourquoi choisir Xave'VTC \u00e0 Lille ?<\/h2>\t\t<\/div>\n\t\t\t\t<\/div>\n\t\t\t\t<div class=\"elementor-element elementor-element-91eddcd elementor-widget elementor-widget-text-editor\" data-id=\"91eddcd\" data-element_type=\"widget\" data-widget_type=\"text-editor.default\">\n\t\t\t\t<div class=\"elementor-widget-container\">\n\t\t\t\t\t\t\t<div class=\"page\" title=\"Page 2\"><div class=\"section\"><div class=\"layoutArea\"><div class=\"column\"><ul><li>Chauffeur VTC exp\u00e9riment\u00e9<\/li><li>V\u00e9hicule confortable, propre et climatis\u00e9<\/li><li>Tarifs clairs et sans surprise<\/li><li>Service disponible 7j\/7 sur r\u00e9servation<\/li><li>Excellents avis clients sur Google<\/li><\/ul><\/div><\/div><\/div><\/div>\t\t\t\t\t\t<\/div>\n\t\t\t\t<\/div>\n\t\t\t\t\t<\/div>\n\t\t<\/div>\n\t\t\t\t<div class=\"elementor-column elementor-col-50 elementor-top-column elementor-element elementor-element-9731f84\" data-id=\"9731f84\" data-element_type=\"column\">\n\t\t\t<div class=\"elementor-widget-wrap elementor-element-populated\">\n\t\t\t\t\t\t<div class=\"elementor-element elementor-element-aceca01 elementor-widget elementor-widget-heading\" data-id=\"aceca01\" data-element_type=\"widget\" data-widget_type=\"heading.default\">\n\t\t\t\t<div class=\"elementor-widget-container\">\n\t\t\t<h2 class=\"elementor-heading-title elementor-size-default\">Zone desservie autour de Lille<\/h2>\t\t<\/div>\n\t\t\t\t<\/div>\n\t\t\t\t<div class=\"elementor-element elementor-element-b6d57b0 elementor-widget elementor-widget-text-editor\" data-id=\"b6d57b0\" data-element_type=\"widget\" data-widget_type=\"text-editor.default\">\n\t\t\t\t<div class=\"elementor-widget-container\">\n\t\t\t\t\t\t\t<div class=\"page\" title=\"Page 2\">Lille, Lille-Centre, Vieux-Lille, Euralille,<br data-start=\"1785\" data-end=\"1788\" \/>Roubaix et alentours&#8230;<\/div><div title=\"Page 2\">\u00a0<\/div><div class=\"page\" title=\"Page 2\">Des trajets longue distance sont possibles.<\/div>\t\t\t\t\t\t<\/div>\n\t\t\t\t<\/div>\n\t\t\t\t\t<\/div>\n\t\t<\/div>\n\t\t\t\t\t<\/div>\n\t\t<\/section>\n\t\t\t\t<section class=\"elementor-section elementor-top-section elementor-element elementor-element-cdfe098 elementor-section-full_width elementor-section-height-default elementor-section-height-default\" data-id=\"cdfe098\" data-element_type=\"section\" data-settings=\"{&quot;background_background&quot;:&quot;gradient&quot;}\">\n\t\t\t\t\t\t<div class=\"elementor-container elementor-column-gap-default\">\n\t\t\t\t\t<div class=\"elementor-column elementor-col-100 elementor-top-column elementor-element elementor-element-24a46c8\" data-id=\"24a46c8\" data-element_type=\"column\">\n\t\t\t<div class=\"elementor-widget-wrap elementor-element-populated\">\n\t\t\t\t\t\t<section class=\"elementor-section elementor-inner-section elementor-element elementor-element-9ce4321 elementor-section-boxed elementor-section-height-default elementor-section-height-default\" data-id=\"9ce4321\" data-element_type=\"section\">\n\t\t\t\t\t\t<div class=\"elementor-container elementor-column-gap-default\">\n\t\t\t\t\t<div class=\"elementor-column elementor-col-100 elementor-inner-column elementor-element elementor-element-3d0743c\" data-id=\"3d0743c\" data-element_type=\"column\">\n\t\t\t<div class=\"elementor-widget-wrap elementor-element-populated\">\n\t\t\t\t\t\t<div class=\"elementor-element elementor-element-a756e0c elementor-widget elementor-widget-heading\" data-id=\"a756e0c\" data-element_type=\"widget\" data-widget_type=\"heading.default\">\n\t\t\t\t<div class=\"elementor-widget-container\">\n\t\t\t<h2 class=\"elementor-heading-title elementor-size-default\">FAQ \u2013 VTC Lille<\/h2>\t\t<\/div>\n\t\t\t\t<\/div>\n\t\t\t\t<div class=\"elementor-element elementor-element-594d767 elementor-widget elementor-widget-n-accordion\" data-id=\"594d767\" data-element_type=\"widget\" data-settings=\"{&quot;default_state&quot;:&quot;expanded&quot;,&quot;max_items_expended&quot;:&quot;one&quot;,&quot;n_accordion_animation_duration&quot;:{&quot;unit&quot;:&quot;ms&quot;,&quot;size&quot;:400,&quot;sizes&quot;:[]}}\" data-widget_type=\"nested-accordion.default\">\n\t\t\t\t<div class=\"elementor-widget-container\">\n\t\t\t\t\t<div class=\"e-n-accordion\" aria-label=\"Accordion. Open links with Enter or Space, close with Escape, and navigate with Arrow Keys\">\n\t\t\t\t\t\t<details id=\"e-n-accordion-item-9360\" class=\"e-n-accordion-item\" open>\n\t\t\t\t<summary class=\"e-n-accordion-item-title\" data-accordion-index=\"1\" tabindex=\"0\" aria-expanded=\"true\" aria-controls=\"e-n-accordion-item-9360\" >\n\t\t\t\t\t<span class='e-n-accordion-item-title-header'><div class=\"e-n-accordion-item-title-text\"> Quel est le prix d'un VTC \u00e0 Lille ? <\/div><\/span>\n\t\t\t\t\t\t\t<span class='e-n-accordion-item-title-icon'>\n\t\t\t<span class='e-opened' ><svg aria-hidden=\"true\" class=\"e-font-icon-svg e-fas-minus\" viewBox=\"0 0 448 512\" xmlns=\"http:\/\/www.w3.org\/2000\/svg\"><path d=\"M416 208H32c-17.67 0-32 14.33-32 32v32c0 17.67 14.33 32 32 32h384c17.67 0 32-14.33 32-32v-32c0-17.67-14.33-32-32-32z\"><\/path><\/svg><\/span>\n\t\t\t<span class='e-closed'><svg aria-hidden=\"true\" class=\"e-font-icon-svg e-fas-plus\" viewBox=\"0 0 448 512\" xmlns=\"http:\/\/www.w3.org\/2000\/svg\"><path d=\"M416 208H272V64c0-17.67-14.33-32-32-32h-32c-17.67 0-32 14.33-32 32v144H32c-17.67 0-32 14.33-32 32v32c0 17.67 14.33 32 32 32h144v144c0 17.67 14.33 32 32 32h32c17.67 0 32-14.33 32-32V304h144c17.67 0 32-14.33 32-32v-32c0-17.67-14.33-32-32-32z\"><\/path><\/svg><\/span>\n\t\t<\/span>\n\n\t\t\t\t\t\t<\/summary>\n\t\t\t\t<div role=\"region\" aria-labelledby=\"e-n-accordion-item-9360\" class=\"elementor-element elementor-element-df3ba53 e-con-full e-flex e-con e-child\" data-id=\"df3ba53\" data-element_type=\"container\">\n\t\t\t\t<div class=\"elementor-element elementor-element-c1aa3cc elementor-widget elementor-widget-text-editor\" data-id=\"c1aa3cc\" data-element_type=\"widget\" data-widget_type=\"text-editor.default\">\n\t\t\t\t<div class=\"elementor-widget-container\">\n\t\t\t\t\t\t\t<p class=\"Textbody\" style=\"text-align: left;\">Le tarif d\u00e9pend de la distance, du temps et du type de trajet. Un prix clair est communiqu\u00e9 avant la prise en charge.<\/p>\t\t\t\t\t\t<\/div>\n\t\t\t\t<\/div>\n\t\t\t\t<\/div>\n\t\t\t\t\t<\/details>\n\t\t\t\t\t\t<details id=\"e-n-accordion-item-9361\" class=\"e-n-accordion-item\" >\n\t\t\t\t<summary class=\"e-n-accordion-item-title\" data-accordion-index=\"2\" tabindex=\"-1\" aria-expanded=\"false\" aria-controls=\"e-n-accordion-item-9361\" >\n\t\t\t\t\t<span class='e-n-accordion-item-title-header'><div class=\"e-n-accordion-item-title-text\"> Peut-on r\u00e9server \u00e0 l'avance ? <\/div><\/span>\n\t\t\t\t\t\t\t<span class='e-n-accordion-item-title-icon'>\n\t\t\t<span class='e-opened' ><svg aria-hidden=\"true\" class=\"e-font-icon-svg e-fas-minus\" viewBox=\"0 0 448 512\" xmlns=\"http:\/\/www.w3.org\/2000\/svg\"><path d=\"M416 208H32c-17.67 0-32 14.33-32 32v32c0 17.67 14.33 32 32 32h384c17.67 0 32-14.33 32-32v-32c0-17.67-14.33-32-32-32z\"><\/path><\/svg><\/span>\n\t\t\t<span class='e-closed'><svg aria-hidden=\"true\" class=\"e-font-icon-svg e-fas-plus\" viewBox=\"0 0 448 512\" xmlns=\"http:\/\/www.w3.org\/2000\/svg\"><path d=\"M416 208H272V64c0-17.67-14.33-32-32-32h-32c-17.67 0-32 14.33-32 32v144H32c-17.67 0-32 14.33-32 32v32c0 17.67 14.33 32 32 32h144v144c0 17.67 14.33 32 32 32h32c17.67 0 32-14.33 32-32V304h144c17.67 0 32-14.33 32-32v-32c0-17.67-14.33-32-32-32z\"><\/path><\/svg><\/span>\n\t\t<\/span>\n\n\t\t\t\t\t\t<\/summary>\n\t\t\t\t<div role=\"region\" aria-labelledby=\"e-n-accordion-item-9361\" class=\"elementor-element elementor-element-c3e824b e-con-full e-flex e-con e-child\" data-id=\"c3e824b\" data-element_type=\"container\">\n\t\t\t\t<div class=\"elementor-element elementor-element-66d92b9 elementor-widget elementor-widget-text-editor\" data-id=\"66d92b9\" data-element_type=\"widget\" data-widget_type=\"text-editor.default\">\n\t\t\t\t<div class=\"elementor-widget-container\">\n\t\t\t\t\t\t\t<p class=\"Textbody\" style=\"text-align: left;\">Oui, la r\u00e9servation \u00e0 l&rsquo;avance est fortement conseill\u00e9e, notamment aux heures de pointe<\/p>\t\t\t\t\t\t<\/div>\n\t\t\t\t<\/div>\n\t\t\t\t<\/div>\n\t\t\t\t\t<\/details>\n\t\t\t\t\t\t<details id=\"e-n-accordion-item-9362\" class=\"e-n-accordion-item\" >\n\t\t\t\t<summary class=\"e-n-accordion-item-title\" data-accordion-index=\"3\" tabindex=\"-1\" aria-expanded=\"false\" aria-controls=\"e-n-accordion-item-9362\" >\n\t\t\t\t\t<span class='e-n-accordion-item-title-header'><div class=\"e-n-accordion-item-title-text\"> Proposez-vous des voyages de nuit ? <\/div><\/span>\n\t\t\t\t\t\t\t<span class='e-n-accordion-item-title-icon'>\n\t\t\t<span class='e-opened' ><svg aria-hidden=\"true\" class=\"e-font-icon-svg e-fas-minus\" viewBox=\"0 0 448 512\" xmlns=\"http:\/\/www.w3.org\/2000\/svg\"><path d=\"M416 208H32c-17.67 0-32 14.33-32 32v32c0 17.67 14.33 32 32 32h384c17.67 0 32-14.33 32-32v-32c0-17.67-14.33-32-32-32z\"><\/path><\/svg><\/span>\n\t\t\t<span class='e-closed'><svg aria-hidden=\"true\" class=\"e-font-icon-svg e-fas-plus\" viewBox=\"0 0 448 512\" xmlns=\"http:\/\/www.w3.org\/2000\/svg\"><path d=\"M416 208H272V64c0-17.67-14.33-32-32-32h-32c-17.67 0-32 14.33-32 32v144H32c-17.67 0-32 14.33-32 32v32c0 17.67 14.33 32 32 32h144v144c0 17.67 14.33 32 32 32h32c17.67 0 32-14.33 32-32V304h144c17.67 0 32-14.33 32-32v-32c0-17.67-14.33-32-32-32z\"><\/path><\/svg><\/span>\n\t\t<\/span>\n\n\t\t\t\t\t\t<\/summary>\n\t\t\t\t<div role=\"region\" aria-labelledby=\"e-n-accordion-item-9362\" class=\"elementor-element elementor-element-412a4eb e-con-full e-flex e-con e-child\" data-id=\"412a4eb\" data-element_type=\"container\">\n\t\t\t\t<div class=\"elementor-element elementor-element-89cb1cd elementor-widget elementor-widget-text-editor\" data-id=\"89cb1cd\" data-element_type=\"widget\" data-widget_type=\"text-editor.default\">\n\t\t\t\t<div class=\"elementor-widget-container\">\n\t\t\t\t\t\t\t<p class=\"Textbody\">Oui, les trajets de jour comme de nuit sont possibles sur r\u00e9servation.<\/p>\t\t\t\t\t\t<\/div>\n\t\t\t\t<\/div>\n\t\t\t\t<\/div>\n\t\t\t\t\t<\/details>\n\t\t\t\t\t<\/div>\n\t\t\t\t<\/div>\n\t\t\t\t<\/div>\n\t\t\t\t<div class=\"elementor-element elementor-element-f085d3d taxi-banner-button elementor-mobile-align-center elementor-align-center elementor-widget elementor-widget-button\" data-id=\"f085d3d\" data-element_type=\"widget\" data-widget_type=\"button.default\">\n\t\t\t\t<div class=\"elementor-widget-container\">\n\t\t\t\t\t\t\t<div class=\"elementor-button-wrapper\">\n\t\t\t\t\t<a class=\"elementor-button elementor-button-link elementor-size-sm\" href=\"https:\/\/www.xave-vtc.com\/index.php\/contact\/\">\n\t\t\t\t\t\t<span class=\"elementor-button-content-wrapper\">\n\t\t\t\t\t\t\t\t\t<span class=\"elementor-button-text\">Demander une r\u00e9servation<\/span>\n\t\t\t\t\t<\/span>\n\t\t\t\t\t<\/a>\n\t\t\t\t<\/div>\n\t\t\t\t\t\t<\/div>\n\t\t\t\t<\/div>\n\t\t\t\t<div class=\"elementor-element elementor-element-69d8aea elementor-widget elementor-widget-heading\" data-id=\"69d8aea\" data-element_type=\"widget\" data-widget_type=\"heading.default\">\n\t\t\t\t<div class=\"elementor-widget-container\">\n\t\t\t<h2 class=\"elementor-heading-title elementor-size-default\">Xave'VTC \u2013 Votre chauffeur priv\u00e9 \u00e0 Lille<\/h2>\t\t<\/div>\n\t\t\t\t<\/div>\n\t\t\t\t<div class=\"elementor-element elementor-element-401eea1 elementor-widget elementor-widget-text-editor\" data-id=\"401eea1\" data-element_type=\"widget\" data-widget_type=\"text-editor.default\">\n\t\t\t\t<div class=\"elementor-widget-container\">\n\t\t\t\t\t\t\t<div class=\"page\" title=\"Page 2\"><div class=\"section\"><div class=\"layoutArea\"><div class=\"column\"><p class=\"Textbody\" style=\"text-align: center;\">Ponctualit\u00e9, confort et professionnalisme pour tous vos d\u00e9placements<\/p><\/div><\/div><\/div><\/div>\t\t\t\t\t\t<\/div>\n\t\t\t\t<\/div>\n\t\t\t\t\t<\/div>\n\t\t<\/div>\n\t\t\t\t\t<\/div>\n\t\t<\/section>\n\t\t\t\t\t<\/div>\n\t\t<\/div>\n\t\t\t\t\t<\/div>\n\t\t<\/section>\n\t\t\t\t<\/div>\n\t\t","protected":false},"excerpt":{"rendered":"<p>Votre chauffeur priv\u00e9 local \u00e0 Lille Vous recherchez un chauffeur fiable, ponctuel et professionnel ?Xave&rsquo;VTC vous propose un service de transport priv\u00e9 \u00e0 Lille, adapt\u00e9 aussi bien aux particuliers qu&rsquo;aux professionnels.Bas\u00e9 dans la r\u00e9gion, Xave&rsquo;VTC conna\u00eet parfaitement Lille et sa m\u00e9tropole, garantissant des trajets fluides, confortables et sans stress, m\u00eame aux heures de pointe. VTC<br \/><a class=\"moretag\" href=\"https:\/\/www.xave-vtc.com\/index.php\/vtc-lille\/\">+ Read More<\/a><\/p>\n","protected":false},"author":1,"featured_media":0,"parent":0,"menu_order":0,"comment_status":"closed","ping_status":"closed","template":"templates\/page-builder.php","meta":{"footnotes":""},"class_list":["post-1612","page","type-page","status-publish","hentry"],"_links":{"self":[{"href":"https:\/\/www.xave-vtc.com\/index.php\/wp-json\/wp\/v2\/pages\/1612","targetHints":{"allow":["GET"]}}],"collection":[{"href":"https:\/\/www.xave-vtc.com\/index.php\/wp-json\/wp\/v2\/pages"}],"about":[{"href":"https:\/\/www.xave-vtc.com\/index.php\/wp-json\/wp\/v2\/types\/page"}],"author":[{"embeddable":true,"href":"https:\/\/www.xave-vtc.com\/index.php\/wp-json\/wp\/v2\/users\/1"}],"replies":[{"embeddable":true,"href":"https:\/\/www.xave-vtc.com\/index.php\/wp-json\/wp\/v2\/comments?post=1612"}],"version-history":[{"count":22,"href":"https:\/\/www.xave-vtc.com\/index.php\/wp-json\/wp\/v2\/pages\/1612\/revisions"}],"predecessor-version":[{"id":1801,"href":"https:\/\/www.xave-vtc.com\/index.php\/wp-json\/wp\/v2\/pages\/1612\/revisions\/1801"}],"wp:attachment":[{"href":"https:\/\/www.xave-vtc.com\/index.php\/wp-json\/wp\/v2\/media?parent=1612"}],"curies":[{"name":"wp","href":"https:\/\/api.w.org\/{rel}","templated":true}]}}