{"id":1619,"date":"2026-01-16T15:33:30","date_gmt":"2026-01-16T14:33:30","guid":{"rendered":"https:\/\/www.xave-vtc.com\/?page_id=1619"},"modified":"2026-02-11T09:35:47","modified_gmt":"2026-02-11T08:35:47","slug":"avis-clients","status":"publish","type":"page","link":"https:\/\/www.xave-vtc.com\/index.php\/avis-clients\/","title":{"rendered":"Avis Clients"},"content":{"rendered":"\t\t<div data-elementor-type=\"wp-page\" data-elementor-id=\"1619\" class=\"elementor elementor-1619\">\n\t\t\t\t<div class=\"elementor-element elementor-element-ce491f0 e-flex e-con-boxed e-con e-parent\" data-id=\"ce491f0\" data-element_type=\"container\" data-settings=\"{&quot;background_background&quot;:&quot;classic&quot;}\">\n\t\t\t\t\t<div class=\"e-con-inner\">\n\t\t<div class=\"elementor-element elementor-element-34de8ca e-con-full e-flex e-con e-child\" data-id=\"34de8ca\" data-element_type=\"container\">\n\t\t\t\t<div class=\"elementor-element elementor-element-64eb96a elementor-widget elementor-widget-text-editor\" data-id=\"64eb96a\" data-element_type=\"widget\" data-widget_type=\"text-editor.default\">\n\t\t\t\t<div class=\"elementor-widget-container\">\n\t\t\t\t\t\t\t<h2><span style=\"color: #ffffff;\">\u2b50 Ce que disent nos clients<\/span><\/h2><p class=\"Textbody\">Chez <span class=\"StrongEmphasis\">Xave\u2019VTC<\/span>, la satisfaction client est notre priorit\u00e9. Nos clients nous font confiance pour notre <span class=\"StrongEmphasis\">ponctualit\u00e9, notre professionnalisme et la qualit\u00e9 de notre service VTC<\/span> \u00e0 B\u00e9thune, Lens, Arras et dans toute la r\u00e9gion.<\/p><p class=\"Textbody\">\u00a0<\/p><p class=\"Textbody\">Les avis publi\u00e9s ci-dessous sont issus de <span class=\"StrongEmphasis\">Google Business Profile<\/span>, o\u00f9 nos clients partagent leur exp\u00e9rience apr\u00e8s chaque trajet.<\/p>\t\t\t\t\t\t<\/div>\n\t\t\t\t<\/div>\n\t\t\t\t<\/div>\n\t\t<div class=\"elementor-element elementor-element-eb37508 e-con-full e-flex e-con e-child\" data-id=\"eb37508\" data-element_type=\"container\">\n\t\t\t\t<div class=\"elementor-element elementor-element-de41558 elementor-widget elementor-widget-image\" data-id=\"de41558\" data-element_type=\"widget\" data-widget_type=\"image.default\">\n\t\t\t\t<div class=\"elementor-widget-container\">\n\t\t\t\t\t\t\t\t\t\t\t\t\t<img fetchpriority=\"high\" decoding=\"async\" width=\"690\" height=\"469\" src=\"https:\/\/www.xave-vtc.com\/wp-content\/uploads\/2026\/01\/Capture-decran-2026-01-16-a-15.34.27.png\" class=\"attachment-large size-large wp-image-1621\" alt=\"\" srcset=\"https:\/\/www.xave-vtc.com\/wp-content\/uploads\/2026\/01\/Capture-decran-2026-01-16-a-15.34.27.png 832w, https:\/\/www.xave-vtc.com\/wp-content\/uploads\/2026\/01\/Capture-decran-2026-01-16-a-15.34.27-300x204.png 300w, https:\/\/www.xave-vtc.com\/wp-content\/uploads\/2026\/01\/Capture-decran-2026-01-16-a-15.34.27-768x522.png 768w\" sizes=\"(max-width: 690px) 100vw, 690px\" \/>\t\t\t\t\t\t\t\t\t\t\t\t\t<\/div>\n\t\t\t\t<\/div>\n\t\t\t\t<\/div>\n\t\t\t\t\t<\/div>\n\t\t\t\t<\/div>\n\t\t<div class=\"elementor-element elementor-element-50764a4 e-flex e-con-boxed e-con e-parent\" data-id=\"50764a4\" data-element_type=\"container\" data-settings=\"{&quot;background_background&quot;:&quot;classic&quot;}\">\n\t\t\t\t\t<div class=\"e-con-inner\">\n\t\t\t\t<div class=\"elementor-element elementor-element-8f31a19 elementor-widget elementor-widget-text-editor\" data-id=\"8f31a19\" data-element_type=\"widget\" data-widget_type=\"text-editor.default\">\n\t\t\t\t<div class=\"elementor-widget-container\">\n\t\t\t\t\t\t\t<h2><span style=\"color: yellow;\">\u2b50\u2b50\u2b50\u2b50\u2b50<\/span> Avis clients Google<\/h2><p class=\"Textbody\">\u00a0<\/p><h3><span style=\"color: yellow;\">\u2b50\u2b50\u2b50\u2b50\u2b50<\/span> \u00ab Service impeccable \u00bb<\/h3><p class=\"Quotations\">Chauffeur tr\u00e8s professionnel, ponctuel et agr\u00e9able. Trajet confortable et sans stress. Je recommande vivement Xave\u2019VTC.<\/p><h3>\u00a0<\/h3><h3><span style=\"color: yellow;\">\u2b50\u2b50\u2b50\u2b50\u2b50<\/span> \u00ab Ponctuel et s\u00e9rieux \u00bb<\/h3><p class=\"Quotations\">Tr\u00e8s bonne exp\u00e9rience, chauffeur \u00e0 l\u2019heure, conduite agr\u00e9able et v\u00e9hicule propre. Parfait pour un trajet vers l\u2019a\u00e9roport.<\/p><h3>\u00a0<\/h3><h3><span style=\"color: yellow;\">\u2b50\u2b50\u2b50\u2b50\u2b50<\/span> \u00ab Excellent service \u00bb<\/h3><p class=\"Quotations\">Service au top du d\u00e9but \u00e0 la fin. Tr\u00e8s bon contact, rassurant et professionnel. Je referai appel \u00e0 Xave\u2019VTC sans h\u00e9siter.<\/p><h3>\u00a0<\/h3><h3><span style=\"color: yellow;\">\u2b50\u2b50\u2b50\u2b50\u2b50<\/span> \u00ab Chauffeur de confiance \u00bb<\/h3><p class=\"Quotations\">Un vrai professionnel, ponctuel et tr\u00e8s sympathique. Je recommande fortement pour tous types de trajets.<\/p>\t\t\t\t\t\t<\/div>\n\t\t\t\t<\/div>\n\t\t\t\t\t<\/div>\n\t\t\t\t<\/div>\n\t\t<div class=\"elementor-element elementor-element-d0ef5e0 e-flex e-con-boxed e-con e-parent\" data-id=\"d0ef5e0\" data-element_type=\"container\" data-settings=\"{&quot;background_background&quot;:&quot;gradient&quot;}\">\n\t\t\t\t\t<div class=\"e-con-inner\">\n\t\t<div class=\"elementor-element elementor-element-613a61c e-con-full e-flex e-con e-child\" data-id=\"613a61c\" data-element_type=\"container\">\n\t\t\t\t<div class=\"elementor-element elementor-element-0bc0a58 elementor-widget elementor-widget-image\" data-id=\"0bc0a58\" data-element_type=\"widget\" data-widget_type=\"image.default\">\n\t\t\t\t<div class=\"elementor-widget-container\">\n\t\t\t\t\t\t\t\t\t\t\t\t\t<img decoding=\"async\" width=\"690\" height=\"380\" src=\"https:\/\/www.xave-vtc.com\/wp-content\/uploads\/2025\/10\/Capture-decran-2025-10-24-a-15.24.02-1024x564.png\" class=\"attachment-large size-large wp-image-1519\" alt=\"\" srcset=\"https:\/\/www.xave-vtc.com\/wp-content\/uploads\/2025\/10\/Capture-decran-2025-10-24-a-15.24.02-1024x564.png 1024w, https:\/\/www.xave-vtc.com\/wp-content\/uploads\/2025\/10\/Capture-decran-2025-10-24-a-15.24.02-300x165.png 300w, https:\/\/www.xave-vtc.com\/wp-content\/uploads\/2025\/10\/Capture-decran-2025-10-24-a-15.24.02-768x423.png 768w, https:\/\/www.xave-vtc.com\/wp-content\/uploads\/2025\/10\/Capture-decran-2025-10-24-a-15.24.02-1536x846.png 1536w, https:\/\/www.xave-vtc.com\/wp-content\/uploads\/2025\/10\/Capture-decran-2025-10-24-a-15.24.02.png 1626w\" sizes=\"(max-width: 690px) 100vw, 690px\" \/>\t\t\t\t\t\t\t\t\t\t\t\t\t<\/div>\n\t\t\t\t<\/div>\n\t\t\t\t<\/div>\n\t\t\t\t<div class=\"elementor-element elementor-element-495db29 elementor-widget__width-initial elementor-widget elementor-widget-text-editor\" data-id=\"495db29\" data-element_type=\"widget\" data-widget_type=\"text-editor.default\">\n\t\t\t\t<div class=\"elementor-widget-container\">\n\t\t\t\t\t\t\t<h2><span style=\"color: #ffffff;\">Pourquoi nos clients nous recommandent ?<\/span><\/h2><ul><li>Chauffeur VTC ponctuel et fiable<\/li><li>V\u00e9hicule confortable, propre et climatis\u00e9<\/li><li>Excellente connaissance de la r\u00e9gion<\/li><li>Service humain et professionnel<\/li><li>Disponibilit\u00e9 7j\/7 sur r\u00e9servation<\/li><\/ul>\t\t\t\t\t\t<\/div>\n\t\t\t\t<\/div>\n\t\t\t\t\t<\/div>\n\t\t\t\t<\/div>\n\t\t<div class=\"elementor-element elementor-element-5e318aa e-flex e-con-boxed e-con e-parent\" data-id=\"5e318aa\" data-element_type=\"container\" data-settings=\"{&quot;background_background&quot;:&quot;classic&quot;}\">\n\t\t\t\t\t<div class=\"e-con-inner\">\n\t\t\t\t<div class=\"elementor-element elementor-element-47c7af8 elementor-widget elementor-widget-text-editor\" data-id=\"47c7af8\" data-element_type=\"widget\" data-widget_type=\"text-editor.default\">\n\t\t\t\t<div class=\"elementor-widget-container\">\n\t\t\t\t\t\t\t<h2><span style=\"color: #343b55;\">Une r\u00e9putation locale solide<\/span><\/h2><p class=\"Textbody\">Nos clients viennent principalement de : <span class=\"StrongEmphasis\">B\u00e9thune, Lens, Arras, Bruay-la-Buissi\u00e8re, Li\u00e9vin<\/span>, et des communes voisines.<\/p><p class=\"Textbody\">Nous assurons \u00e9galement des <span class=\"StrongEmphasis\">trajets longue distance<\/span> en France et en Belgique.<\/p>\t\t\t\t\t\t<\/div>\n\t\t\t\t<\/div>\n\t\t\t\t\t<\/div>\n\t\t\t\t<\/div>\n\t\t\t\t<section class=\"elementor-section elementor-top-section elementor-element elementor-element-72874b3 elementor-section-boxed elementor-section-height-default elementor-section-height-default\" data-id=\"72874b3\" data-element_type=\"section\" data-settings=\"{&quot;background_background&quot;:&quot;classic&quot;}\">\n\t\t\t\t\t\t<div class=\"elementor-container elementor-column-gap-default\">\n\t\t\t\t\t<div class=\"elementor-column elementor-col-100 elementor-top-column elementor-element elementor-element-c74b3f2\" data-id=\"c74b3f2\" data-element_type=\"column\">\n\t\t\t<div class=\"elementor-widget-wrap elementor-element-populated\">\n\t\t\t\t\t\t<div class=\"elementor-element elementor-element-e5ca6ee elementor-widget elementor-widget-heading\" data-id=\"e5ca6ee\" data-element_type=\"widget\" data-widget_type=\"heading.default\">\n\t\t\t\t<div class=\"elementor-widget-container\">\n\t\t\t<h2 class=\"elementor-heading-title elementor-size-default\">Vous aussi, laissez votre avis !<\/h2>\t\t<\/div>\n\t\t\t\t<\/div>\n\t\t\t\t<div class=\"elementor-element elementor-element-5f51c52 taxi-banner-button elementor-mobile-align-center elementor-align-center elementor-widget__width-initial elementor-widget elementor-widget-button\" data-id=\"5f51c52\" data-element_type=\"widget\" data-widget_type=\"button.default\">\n\t\t\t\t<div class=\"elementor-widget-container\">\n\t\t\t\t\t\t\t<div class=\"elementor-button-wrapper\">\n\t\t\t\t\t<a class=\"elementor-button elementor-button-link elementor-size-sm\" href=\"https:\/\/g.page\/r\/CVzd2ziUIqqxEBM\/review\" target=\"_blank\">\n\t\t\t\t\t\t<span class=\"elementor-button-content-wrapper\">\n\t\t\t\t\t\t\t\t\t<span class=\"elementor-button-text\">Avis sur Google<\/span>\n\t\t\t\t\t<\/span>\n\t\t\t\t\t<\/a>\n\t\t\t\t<\/div>\n\t\t\t\t\t\t<\/div>\n\t\t\t\t<\/div>\n\t\t\t\t<div class=\"elementor-element elementor-element-b52b36d elementor-widget__width-initial elementor-widget elementor-widget-spacer\" data-id=\"b52b36d\" data-element_type=\"widget\" data-widget_type=\"spacer.default\">\n\t\t\t\t<div class=\"elementor-widget-container\">\n\t\t\t\t\t<div class=\"elementor-spacer\">\n\t\t\t<div class=\"elementor-spacer-inner\"><\/div>\n\t\t<\/div>\n\t\t\t\t<\/div>\n\t\t\t\t<\/div>\n\t\t\t\t<div class=\"elementor-element elementor-element-c07cf75 elementor-widget elementor-widget-text-editor\" data-id=\"c07cf75\" data-element_type=\"widget\" data-widget_type=\"text-editor.default\">\n\t\t\t\t<div class=\"elementor-widget-container\">\n\t\t\t\t\t\t\t<div class=\"page\" style=\"text-align: center;\" title=\"Page 2\">Votre retour est important pour nous\u00a0<\/div><div title=\"Page 2\">\u00a0<\/div><div title=\"Page 2\">\u00a0<\/div><div title=\"Page 2\">\u00a0<\/div>\t\t\t\t\t\t<\/div>\n\t\t\t\t<\/div>\n\t\t\t\t\t<\/div>\n\t\t<\/div>\n\t\t\t\t\t<\/div>\n\t\t<\/section>\n\t\t\t\t<\/div>\n\t\t","protected":false},"excerpt":{"rendered":"<p>\u2b50 Ce que disent nos clients Chez Xave\u2019VTC, la satisfaction client est notre priorit\u00e9. Nos clients nous font confiance pour notre ponctualit\u00e9, notre professionnalisme et la qualit\u00e9 de notre service VTC \u00e0 B\u00e9thune, Lens, Arras et dans toute la r\u00e9gion. \u00a0 Les avis publi\u00e9s ci-dessous sont issus de Google Business Profile, o\u00f9 nos clients partagent<br \/><a class=\"moretag\" href=\"https:\/\/www.xave-vtc.com\/index.php\/avis-clients\/\">+ Read More<\/a><\/p>\n","protected":false},"author":1,"featured_media":0,"parent":0,"menu_order":0,"comment_status":"closed","ping_status":"closed","template":"templates\/page-builder.php","meta":{"footnotes":""},"class_list":["post-1619","page","type-page","status-publish","hentry"],"_links":{"self":[{"href":"https:\/\/www.xave-vtc.com\/index.php\/wp-json\/wp\/v2\/pages\/1619","targetHints":{"allow":["GET"]}}],"collection":[{"href":"https:\/\/www.xave-vtc.com\/index.php\/wp-json\/wp\/v2\/pages"}],"about":[{"href":"https:\/\/www.xave-vtc.com\/index.php\/wp-json\/wp\/v2\/types\/page"}],"author":[{"embeddable":true,"href":"https:\/\/www.xave-vtc.com\/index.php\/wp-json\/wp\/v2\/users\/1"}],"replies":[{"embeddable":true,"href":"https:\/\/www.xave-vtc.com\/index.php\/wp-json\/wp\/v2\/comments?post=1619"}],"version-history":[{"count":19,"href":"https:\/\/www.xave-vtc.com\/index.php\/wp-json\/wp\/v2\/pages\/1619\/revisions"}],"predecessor-version":[{"id":1786,"href":"https:\/\/www.xave-vtc.com\/index.php\/wp-json\/wp\/v2\/pages\/1619\/revisions\/1786"}],"wp:attachment":[{"href":"https:\/\/www.xave-vtc.com\/index.php\/wp-json\/wp\/v2\/media?parent=1619"}],"curies":[{"name":"wp","href":"https:\/\/api.w.org\/{rel}","templated":true}]}}