{"id":1625,"date":"2026-01-16T15:52:14","date_gmt":"2026-01-16T14:52:14","guid":{"rendered":"https:\/\/www.xave-vtc.com\/?page_id=1625"},"modified":"2026-02-11T10:32:57","modified_gmt":"2026-02-11T09:32:57","slug":"ils-nous-font-confiance-partenaires","status":"publish","type":"page","link":"https:\/\/www.xave-vtc.com\/index.php\/ils-nous-font-confiance-partenaires\/","title":{"rendered":"Partenaires"},"content":{"rendered":"\t\t<div data-elementor-type=\"wp-page\" data-elementor-id=\"1625\" class=\"elementor elementor-1625\">\n\t\t\t\t<div class=\"elementor-element elementor-element-2d14e68 e-flex e-con-boxed e-con e-parent\" data-id=\"2d14e68\" data-element_type=\"container\" data-settings=\"{&quot;background_background&quot;:&quot;classic&quot;}\">\n\t\t\t\t\t<div class=\"e-con-inner\">\n\t\t\t\t<div class=\"elementor-element elementor-element-89b954e elementor-widget elementor-widget-text-editor\" data-id=\"89b954e\" data-element_type=\"widget\" data-widget_type=\"text-editor.default\">\n\t\t\t\t<div class=\"elementor-widget-container\">\n\t\t\t\t\t\t\t<h2><span style=\"color: #ffffff;\">Des partenaires locaux qui nous font confiance<\/span><\/h2><p class=\"Textbody\">Chez <span class=\"StrongEmphasis\">Xave\u2019VTC<\/span>, la confiance est au c\u0153ur de notre engagement. Nous collaborons avec des <span class=\"StrongEmphasis\">partenaires locaux, professionnels et institutionnels<\/span> qui partagent nos valeurs : ponctualit\u00e9, s\u00e9rieux, qualit\u00e9 de service et satisfaction client.<\/p><p class=\"Textbody\">Nos partenaires nous font confiance pour assurer leurs d\u00e9placements, ceux de leurs clients, collaborateurs ou invit\u00e9s, en toute s\u00e9r\u00e9nit\u00e9.<\/p>\t\t\t\t\t\t<\/div>\n\t\t\t\t<\/div>\n\t\t\t\t\t<\/div>\n\t\t\t\t<\/div>\n\t\t<div class=\"elementor-element elementor-element-9e7dd45 e-flex e-con-boxed e-con e-parent\" data-id=\"9e7dd45\" data-element_type=\"container\" data-settings=\"{&quot;background_background&quot;:&quot;classic&quot;}\">\n\t\t\t\t\t<div class=\"e-con-inner\">\n\t\t\t\t<div class=\"elementor-element elementor-element-0f91b3e elementor-widget elementor-widget-text-editor\" data-id=\"0f91b3e\" data-element_type=\"widget\" data-widget_type=\"text-editor.default\">\n\t\t\t\t<div class=\"elementor-widget-container\">\n\t\t\t\t\t\t\t<h2><span style=\"color: #343b55;\">Nos partenaires professionnels<\/span><\/h2><p>Nous travaillons r\u00e9guli\u00e8rement avec :<\/p><ul><li>Entreprises locales et PME<\/li><li>H\u00f4tels, g\u00eetes et maisons d\u2019h\u00f4tes<\/li><li>Restaurants et \u00e9tablissements \u00e9v\u00e9nementiels<\/li><li>Agences de voyage et conciergeries<\/li><li>Organisateurs d\u2019\u00e9v\u00e9nements priv\u00e9s et professionnels<\/li><\/ul><p>Ces partenariats nous permettent de proposer un service VTC fiable, r\u00e9actif et de qualit\u00e9, adapt\u00e9 aux besoins de chaque structure.<\/p>\t\t\t\t\t\t<\/div>\n\t\t\t\t<\/div>\n\t\t\t\t\t<\/div>\n\t\t\t\t<\/div>\n\t\t<div class=\"elementor-element elementor-element-f946e41 e-flex e-con-boxed e-con e-parent\" data-id=\"f946e41\" data-element_type=\"container\" data-settings=\"{&quot;background_background&quot;:&quot;gradient&quot;}\">\n\t\t\t\t\t<div class=\"e-con-inner\">\n\t\t\t\t<div class=\"elementor-element elementor-element-3a014ff elementor-widget__width-initial elementor-widget elementor-widget-image\" data-id=\"3a014ff\" data-element_type=\"widget\" data-widget_type=\"image.default\">\n\t\t\t\t<div class=\"elementor-widget-container\">\n\t\t\t\t\t\t\t\t\t\t\t\t\t<img fetchpriority=\"high\" decoding=\"async\" width=\"690\" height=\"518\" src=\"https:\/\/www.xave-vtc.com\/wp-content\/uploads\/2025\/01\/20241128_101606-1024x768.jpg\" class=\"attachment-large size-large wp-image-1128\" alt=\"\" srcset=\"https:\/\/www.xave-vtc.com\/wp-content\/uploads\/2025\/01\/20241128_101606-1024x768.jpg 1024w, https:\/\/www.xave-vtc.com\/wp-content\/uploads\/2025\/01\/20241128_101606-300x225.jpg 300w, https:\/\/www.xave-vtc.com\/wp-content\/uploads\/2025\/01\/20241128_101606-768x576.jpg 768w, https:\/\/www.xave-vtc.com\/wp-content\/uploads\/2025\/01\/20241128_101606-1536x1152.jpg 1536w, https:\/\/www.xave-vtc.com\/wp-content\/uploads\/2025\/01\/20241128_101606-2048x1536.jpg 2048w\" sizes=\"(max-width: 690px) 100vw, 690px\" \/>\t\t\t\t\t\t\t\t\t\t\t\t\t<\/div>\n\t\t\t\t<\/div>\n\t\t\t\t<div class=\"elementor-element elementor-element-b552a43 elementor-widget elementor-widget-text-editor\" data-id=\"b552a43\" data-element_type=\"widget\" data-widget_type=\"text-editor.default\">\n\t\t\t\t<div class=\"elementor-widget-container\">\n\t\t\t\t\t\t\t<h2><span style=\"color: #ffffff;\">H\u00f4tels &amp; h\u00e9bergements partenaires<\/span><\/h2><p>Nos partenaires h\u00f4teliers font appel \u00e0 Xave\u2019VTC pour assurer :<\/p><ul><li>les transferts a\u00e9roportuaires<\/li><li>les arriv\u00e9es et d\u00e9parts de clients<\/li><li>les d\u00e9placements professionnels ou touristiques<\/li><\/ul><p>Nous garantissons un accueil soign\u00e9 et une prise en charge ponctuelle.<\/p>\t\t\t\t\t\t<\/div>\n\t\t\t\t<\/div>\n\t\t\t\t\t<\/div>\n\t\t\t\t<\/div>\n\t\t<div class=\"elementor-element elementor-element-249d9bd e-flex e-con-boxed e-con e-parent\" data-id=\"249d9bd\" data-element_type=\"container\" data-settings=\"{&quot;background_background&quot;:&quot;classic&quot;}\">\n\t\t\t\t\t<div class=\"e-con-inner\">\n\t\t\t\t<div class=\"elementor-element elementor-element-1c4fc43 elementor-widget elementor-widget-text-editor\" data-id=\"1c4fc43\" data-element_type=\"widget\" data-widget_type=\"text-editor.default\">\n\t\t\t\t<div class=\"elementor-widget-container\">\n\t\t\t\t\t\t\t<h2><span style=\"color: #ffffff;\">Entreprises &amp; professionnels<\/span><\/h2><p>Nous accompagnons les entreprises pour :<\/p><ul><li>les rendez-vous professionnels<\/li><li>les s\u00e9minaires et \u00e9v\u00e9nements<\/li><li>les d\u00e9placements de collaborateurs<\/li><\/ul><p>Un chauffeur VTC discret et ponctuel est un v\u00e9ritable atout pour votre image professionnelle.<\/p>\t\t\t\t\t\t<\/div>\n\t\t\t\t<\/div>\n\t\t\t\t<div class=\"elementor-element elementor-element-2225a6b elementor-widget__width-initial elementor-widget elementor-widget-image\" data-id=\"2225a6b\" data-element_type=\"widget\" data-widget_type=\"image.default\">\n\t\t\t\t<div class=\"elementor-widget-container\">\n\t\t\t\t\t\t\t\t\t\t\t\t\t<img decoding=\"async\" width=\"690\" height=\"493\" src=\"https:\/\/www.xave-vtc.com\/wp-content\/uploads\/2026\/01\/Capture-decran-2026-01-16-a-11.58.20.png\" class=\"attachment-large size-large wp-image-1592\" alt=\"\" srcset=\"https:\/\/www.xave-vtc.com\/wp-content\/uploads\/2026\/01\/Capture-decran-2026-01-16-a-11.58.20.png 812w, https:\/\/www.xave-vtc.com\/wp-content\/uploads\/2026\/01\/Capture-decran-2026-01-16-a-11.58.20-300x214.png 300w, https:\/\/www.xave-vtc.com\/wp-content\/uploads\/2026\/01\/Capture-decran-2026-01-16-a-11.58.20-768x549.png 768w\" sizes=\"(max-width: 690px) 100vw, 690px\" \/>\t\t\t\t\t\t\t\t\t\t\t\t\t<\/div>\n\t\t\t\t<\/div>\n\t\t\t\t\t<\/div>\n\t\t\t\t<\/div>\n\t\t<div class=\"elementor-element elementor-element-60cc67f e-flex e-con-boxed e-con e-parent\" data-id=\"60cc67f\" data-element_type=\"container\" data-settings=\"{&quot;background_background&quot;:&quot;classic&quot;}\">\n\t\t\t\t\t<div class=\"e-con-inner\">\n\t\t\t\t<div class=\"elementor-element elementor-element-585c2ea elementor-widget__width-initial elementor-widget elementor-widget-image\" data-id=\"585c2ea\" data-element_type=\"widget\" data-widget_type=\"image.default\">\n\t\t\t\t<div class=\"elementor-widget-container\">\n\t\t\t\t\t\t\t\t\t\t\t\t\t<img fetchpriority=\"high\" decoding=\"async\" width=\"690\" height=\"518\" src=\"https:\/\/www.xave-vtc.com\/wp-content\/uploads\/2025\/01\/20241128_101606-1024x768.jpg\" class=\"attachment-large size-large wp-image-1128\" alt=\"\" srcset=\"https:\/\/www.xave-vtc.com\/wp-content\/uploads\/2025\/01\/20241128_101606-1024x768.jpg 1024w, https:\/\/www.xave-vtc.com\/wp-content\/uploads\/2025\/01\/20241128_101606-300x225.jpg 300w, https:\/\/www.xave-vtc.com\/wp-content\/uploads\/2025\/01\/20241128_101606-768x576.jpg 768w, https:\/\/www.xave-vtc.com\/wp-content\/uploads\/2025\/01\/20241128_101606-1536x1152.jpg 1536w, https:\/\/www.xave-vtc.com\/wp-content\/uploads\/2025\/01\/20241128_101606-2048x1536.jpg 2048w\" sizes=\"(max-width: 690px) 100vw, 690px\" \/>\t\t\t\t\t\t\t\t\t\t\t\t\t<\/div>\n\t\t\t\t<\/div>\n\t\t\t\t<div class=\"elementor-element elementor-element-f71e9fe elementor-widget elementor-widget-text-editor\" data-id=\"f71e9fe\" data-element_type=\"widget\" data-widget_type=\"text-editor.default\">\n\t\t\t\t<div class=\"elementor-widget-container\">\n\t\t\t\t\t\t\t<h2><span style=\"color: #343b55;\">\u00c9v\u00e9nementiel &amp; occasions sp\u00e9ciales<\/span><\/h2><p class=\"Textbody\">Mariages, soir\u00e9es, \u00e9v\u00e9nements priv\u00e9s ou professionnels :<br \/><span class=\"StrongEmphasis\">Xave\u2019VTC<\/span> assure un transport s\u00e9curis\u00e9 et \u00e9l\u00e9gant pour vos invit\u00e9s.<\/p>\t\t\t\t\t\t<\/div>\n\t\t\t\t<\/div>\n\t\t\t\t\t<\/div>\n\t\t\t\t<\/div>\n\t\t<div class=\"elementor-element elementor-element-0cf1b16 e-flex e-con-boxed e-con e-parent\" data-id=\"0cf1b16\" data-element_type=\"container\" data-settings=\"{&quot;background_background&quot;:&quot;classic&quot;}\">\n\t\t\t\t\t<div class=\"e-con-inner\">\n\t\t\t\t<div class=\"elementor-element elementor-element-5dda83f elementor-widget elementor-widget-text-editor\" data-id=\"5dda83f\" data-element_type=\"widget\" data-widget_type=\"text-editor.default\">\n\t\t\t\t<div class=\"elementor-widget-container\">\n\t\t\t\t\t\t\t<h2>\u2b50<span style=\"color: #ffffff;\"> Pourquoi nos partenaires nous font confiance ?<\/span><\/h2><ul><li>Chauffeur professionnel et exp\u00e9riment\u00e9<\/li><li>V\u00e9hicule confortable, propre et climatis\u00e9<\/li><li>Respect des horaires et engagement qualit\u00e9<\/li><li>Tarifs clairs et transparents<\/li><li>Service local, humain et fiable<\/li><\/ul><h2><span style=\"color: #ffffff;\">Une pr\u00e9sence locale forte<\/span><\/h2><p class=\"Textbody\">Nous intervenons principalement sur :<br \/><span class=\"StrongEmphasis\">B\u00e9thune, Lens, Arras, Bruay-la-Buissi\u00e8re, Li\u00e9vin<\/span> et l\u2019ensemble des Hauts-de-France.<\/p><p class=\"Textbody\">Des trajets longue distance sont \u00e9galement possibles en France et en Belgique.<\/p>\t\t\t\t\t\t<\/div>\n\t\t\t\t<\/div>\n\t\t\t\t\t<\/div>\n\t\t\t\t<\/div>\n\t\t<div class=\"elementor-element elementor-element-2718aa9 e-flex e-con-boxed e-con e-parent\" data-id=\"2718aa9\" data-element_type=\"container\">\n\t\t\t\t\t<div class=\"e-con-inner\">\n\t\t\t\t<div class=\"elementor-element elementor-element-18387f8 elementor-widget elementor-widget-heading\" data-id=\"18387f8\" data-element_type=\"widget\" data-widget_type=\"heading.default\">\n\t\t\t\t<div class=\"elementor-widget-container\">\n\t\t\t<h2 class=\"elementor-heading-title elementor-size-default\">Quelques Partenaires :<\/h2>\t\t<\/div>\n\t\t\t\t<\/div>\n\t\t\t\t<div class=\"elementor-element elementor-element-2e86167 elementor-widget elementor-widget-image\" data-id=\"2e86167\" data-element_type=\"widget\" data-widget_type=\"image.default\">\n\t\t\t\t<div class=\"elementor-widget-container\">\n\t\t\t\t\t\t\t\t\t\t\t\t\t<img decoding=\"async\" width=\"690\" height=\"379\" src=\"https:\/\/www.xave-vtc.com\/wp-content\/uploads\/2026\/01\/Capture-decran-2026-01-16-a-15.53.50-1024x562.png\" class=\"attachment-large size-large wp-image-1627\" alt=\"\" srcset=\"https:\/\/www.xave-vtc.com\/wp-content\/uploads\/2026\/01\/Capture-decran-2026-01-16-a-15.53.50-1024x562.png 1024w, https:\/\/www.xave-vtc.com\/wp-content\/uploads\/2026\/01\/Capture-decran-2026-01-16-a-15.53.50-300x165.png 300w, https:\/\/www.xave-vtc.com\/wp-content\/uploads\/2026\/01\/Capture-decran-2026-01-16-a-15.53.50-768x421.png 768w, https:\/\/www.xave-vtc.com\/wp-content\/uploads\/2026\/01\/Capture-decran-2026-01-16-a-15.53.50-1536x843.png 1536w, https:\/\/www.xave-vtc.com\/wp-content\/uploads\/2026\/01\/Capture-decran-2026-01-16-a-15.53.50.png 1604w\" sizes=\"(max-width: 690px) 100vw, 690px\" \/>\t\t\t\t\t\t\t\t\t\t\t\t\t<\/div>\n\t\t\t\t<\/div>\n\t\t\t\t\t<\/div>\n\t\t\t\t<\/div>\n\t\t\t\t<section class=\"elementor-section elementor-top-section elementor-element elementor-element-5d4e4f1 elementor-section-boxed elementor-section-height-default elementor-section-height-default\" data-id=\"5d4e4f1\" data-element_type=\"section\" data-settings=\"{&quot;background_background&quot;:&quot;gradient&quot;}\">\n\t\t\t\t\t\t<div class=\"elementor-container elementor-column-gap-default\">\n\t\t\t\t\t<div class=\"elementor-column elementor-col-100 elementor-top-column elementor-element elementor-element-4f2a28d\" data-id=\"4f2a28d\" data-element_type=\"column\">\n\t\t\t<div class=\"elementor-widget-wrap elementor-element-populated\">\n\t\t\t\t\t\t<div class=\"elementor-element elementor-element-8586556 elementor-widget elementor-widget-heading\" data-id=\"8586556\" data-element_type=\"widget\" data-widget_type=\"heading.default\">\n\t\t\t\t<div class=\"elementor-widget-container\">\n\t\t\t<h2 class=\"elementor-heading-title elementor-size-default\">Devenez partenaire Xave\u2019VTC<\/h2>\t\t<\/div>\n\t\t\t\t<\/div>\n\t\t\t\t<div class=\"elementor-element elementor-element-804e94d elementor-widget elementor-widget-text-editor\" data-id=\"804e94d\" data-element_type=\"widget\" data-widget_type=\"text-editor.default\">\n\t\t\t\t<div class=\"elementor-widget-container\">\n\t\t\t\t\t\t\t<p class=\"Textbody\">Vous souhaitez collaborer avec un <span class=\"StrongEmphasis\">chauffeur VTC de confiance<\/span> ?<\/p><p class=\"Textbody\">Contactez-nous pour mettre en place un partenariat sur mesure, adapt\u00e9 \u00e0 vos besoins et \u00e0 ceux de vos clients.<\/p>\t\t\t\t\t\t<\/div>\n\t\t\t\t<\/div>\n\t\t\t\t<div class=\"elementor-element elementor-element-1c4f13f taxi-banner-button elementor-mobile-align-center elementor-align-center elementor-widget__width-initial elementor-widget elementor-widget-button\" data-id=\"1c4f13f\" data-element_type=\"widget\" data-widget_type=\"button.default\">\n\t\t\t\t<div class=\"elementor-widget-container\">\n\t\t\t\t\t\t\t<div class=\"elementor-button-wrapper\">\n\t\t\t\t\t<a class=\"elementor-button elementor-button-link elementor-size-sm\" href=\"https:\/\/www.xave-vtc.com\/index.php\/contact\/\">\n\t\t\t\t\t\t<span class=\"elementor-button-content-wrapper\">\n\t\t\t\t\t\t\t\t\t<span class=\"elementor-button-text\">Nous contacter<\/span>\n\t\t\t\t\t<\/span>\n\t\t\t\t\t<\/a>\n\t\t\t\t<\/div>\n\t\t\t\t\t\t<\/div>\n\t\t\t\t<\/div>\n\t\t\t\t<div class=\"elementor-element elementor-element-267812d elementor-widget__width-initial elementor-widget elementor-widget-spacer\" data-id=\"267812d\" data-element_type=\"widget\" data-widget_type=\"spacer.default\">\n\t\t\t\t<div class=\"elementor-widget-container\">\n\t\t\t\t\t<div class=\"elementor-spacer\">\n\t\t\t<div class=\"elementor-spacer-inner\"><\/div>\n\t\t<\/div>\n\t\t\t\t<\/div>\n\t\t\t\t<\/div>\n\t\t\t\t<div class=\"elementor-element elementor-element-4dcaaf3 elementor-widget elementor-widget-text-editor\" data-id=\"4dcaaf3\" data-element_type=\"widget\" data-widget_type=\"text-editor.default\">\n\t\t\t\t<div class=\"elementor-widget-container\">\n\t\t\t\t\t\t\t<h3><span style=\"color: #ffffff;\">Xave\u2019VTC \u2013 Un partenaire de confiance pour vos d\u00e9placements<\/span><\/h3><p>\u00a0<\/p>\t\t\t\t\t\t<\/div>\n\t\t\t\t<\/div>\n\t\t\t\t\t<\/div>\n\t\t<\/div>\n\t\t\t\t\t<\/div>\n\t\t<\/section>\n\t\t\t\t<\/div>\n\t\t","protected":false},"excerpt":{"rendered":"<p>Des partenaires locaux qui nous font confiance Chez Xave\u2019VTC, la confiance est au c\u0153ur de notre engagement. Nous collaborons avec des partenaires locaux, professionnels et institutionnels qui partagent nos valeurs : ponctualit\u00e9, s\u00e9rieux, qualit\u00e9 de service et satisfaction client. Nos partenaires nous font confiance pour assurer leurs d\u00e9placements, ceux de leurs clients, collaborateurs ou invit\u00e9s,<br \/><a class=\"moretag\" href=\"https:\/\/www.xave-vtc.com\/index.php\/ils-nous-font-confiance-partenaires\/\">+ Read More<\/a><\/p>\n","protected":false},"author":1,"featured_media":0,"parent":0,"menu_order":0,"comment_status":"closed","ping_status":"closed","template":"templates\/page-builder.php","meta":{"footnotes":""},"class_list":["post-1625","page","type-page","status-publish","hentry"],"_links":{"self":[{"href":"https:\/\/www.xave-vtc.com\/index.php\/wp-json\/wp\/v2\/pages\/1625","targetHints":{"allow":["GET"]}}],"collection":[{"href":"https:\/\/www.xave-vtc.com\/index.php\/wp-json\/wp\/v2\/pages"}],"about":[{"href":"https:\/\/www.xave-vtc.com\/index.php\/wp-json\/wp\/v2\/types\/page"}],"author":[{"embeddable":true,"href":"https:\/\/www.xave-vtc.com\/index.php\/wp-json\/wp\/v2\/users\/1"}],"replies":[{"embeddable":true,"href":"https:\/\/www.xave-vtc.com\/index.php\/wp-json\/wp\/v2\/comments?post=1625"}],"version-history":[{"count":23,"href":"https:\/\/www.xave-vtc.com\/index.php\/wp-json\/wp\/v2\/pages\/1625\/revisions"}],"predecessor-version":[{"id":1815,"href":"https:\/\/www.xave-vtc.com\/index.php\/wp-json\/wp\/v2\/pages\/1625\/revisions\/1815"}],"wp:attachment":[{"href":"https:\/\/www.xave-vtc.com\/index.php\/wp-json\/wp\/v2\/media?parent=1625"}],"curies":[{"name":"wp","href":"https:\/\/api.w.org\/{rel}","templated":true}]}}