{"id":1741,"date":"2026-02-11T08:36:25","date_gmt":"2026-02-11T07:36:25","guid":{"rendered":"https:\/\/www.xave-vtc.com\/?page_id=1741"},"modified":"2026-02-11T10:28:16","modified_gmt":"2026-02-11T09:28:16","slug":"lhistoire-des-vtc","status":"publish","type":"page","link":"https:\/\/www.xave-vtc.com\/index.php\/lhistoire-des-vtc\/","title":{"rendered":"L&rsquo;histoire des VTC"},"content":{"rendered":"\t\t<div data-elementor-type=\"wp-page\" data-elementor-id=\"1741\" class=\"elementor elementor-1741\">\n\t\t\t\t<div class=\"elementor-element elementor-element-db63ab8 e-flex e-con-boxed e-con e-parent\" data-id=\"db63ab8\" data-element_type=\"container\" data-settings=\"{&quot;background_background&quot;:&quot;gradient&quot;}\">\n\t\t\t\t\t<div class=\"e-con-inner\">\n\t\t<div class=\"elementor-element elementor-element-889c940 e-con-full e-flex e-con e-child\" data-id=\"889c940\" data-element_type=\"container\">\n\t\t\t\t<div class=\"elementor-element elementor-element-e669d1d elementor-widget__width-initial elementor-widget elementor-widget-heading\" data-id=\"e669d1d\" data-element_type=\"widget\" data-widget_type=\"heading.default\">\n\t\t\t\t<div class=\"elementor-widget-container\">\n\t\t\t<h2 class=\"elementor-heading-title elementor-size-default\">L'histoire r\u00e9elle des VTC : d'un service de prestige \u00e0 une r\u00e9volution du transport<\/h2>\t\t<\/div>\n\t\t\t\t<\/div>\n\t\t\t\t<div class=\"elementor-element elementor-element-6390711 elementor-widget__width-initial elementor-widget elementor-widget-text-editor\" data-id=\"6390711\" data-element_type=\"widget\" data-widget_type=\"text-editor.default\">\n\t\t\t\t<div class=\"elementor-widget-container\">\n\t\t\t\t\t\t\t<p class=\"Textbody\" style=\"text-align: center;\" align=\"center\">L&rsquo;histoire des VTC ne commence pas avec les smartphones ni avec Uber. Elle d\u00e9bute bien plus t\u00f4t, \u00e0 une \u00e9poque o\u00f9 se d\u00e9placer en ville \u00e9tait un privil\u00e8ge r\u00e9serv\u00e9 \u00e0 une minorit\u00e9.<\/p>\t\t\t\t\t\t<\/div>\n\t\t\t\t<\/div>\n\t\t\t\t<\/div>\n\t\t\t\t<div class=\"elementor-element elementor-element-86ff30f elementor-widget__width-initial elementor-widget elementor-widget-image\" data-id=\"86ff30f\" data-element_type=\"widget\" data-widget_type=\"image.default\">\n\t\t\t\t<div class=\"elementor-widget-container\">\n\t\t\t\t\t\t\t\t\t\t\t\t\t<img fetchpriority=\"high\" decoding=\"async\" width=\"447\" height=\"306\" src=\"https:\/\/www.xave-vtc.com\/wp-content\/uploads\/2026\/02\/VTC.png\" class=\"attachment-large size-large wp-image-1744\" alt=\"\" srcset=\"https:\/\/www.xave-vtc.com\/wp-content\/uploads\/2026\/02\/VTC.png 447w, https:\/\/www.xave-vtc.com\/wp-content\/uploads\/2026\/02\/VTC-300x205.png 300w\" sizes=\"(max-width: 447px) 100vw, 447px\" \/>\t\t\t\t\t\t\t\t\t\t\t\t\t<\/div>\n\t\t\t\t<\/div>\n\t\t\t\t\t<\/div>\n\t\t\t\t<\/div>\n\t\t\t\t<section class=\"elementor-section elementor-top-section elementor-element elementor-element-a1c6836 elementor-section-boxed elementor-section-height-default elementor-section-height-default\" data-id=\"a1c6836\" data-element_type=\"section\" data-settings=\"{&quot;background_background&quot;:&quot;classic&quot;}\">\n\t\t\t\t\t\t<div class=\"elementor-container elementor-column-gap-default\">\n\t\t\t\t\t<div class=\"elementor-column elementor-col-100 elementor-top-column elementor-element elementor-element-1d06756\" data-id=\"1d06756\" data-element_type=\"column\">\n\t\t\t<div class=\"elementor-widget-wrap elementor-element-populated\">\n\t\t\t\t\t\t<div class=\"elementor-element elementor-element-516000b elementor-widget elementor-widget-heading\" data-id=\"516000b\" data-element_type=\"widget\" data-widget_type=\"heading.default\">\n\t\t\t\t<div class=\"elementor-widget-container\">\n\t\t\t<h2 class=\"elementor-heading-title elementor-size-default\">\nDes fiacres aux premi\u00e8res voitures avec chauffeur\n<\/h2>\t\t<\/div>\n\t\t\t\t<\/div>\n\t\t\t\t<div class=\"elementor-element elementor-element-e119a3f elementor-widget elementor-widget-text-editor\" data-id=\"e119a3f\" data-element_type=\"widget\" data-widget_type=\"text-editor.default\">\n\t\t\t\t<div class=\"elementor-widget-container\">\n\t\t\t\t\t\t\t<div class=\"page\" title=\"Page 2\"><div class=\"section\"><div class=\"layoutArea\"><div class=\"column\"><p class=\"Textbody\">D\u00e8s le XIX\u1d49 si\u00e8cle, dans les grandes villes comme Paris ou Londres, les personnes ais\u00e9es pouvaient d\u00e9j\u00e0 faire appel \u00e0 des voitures de remise ou \u00e0 des fiacres. Ces v\u00e9hicules, tir\u00e9s par des chevaux et conduits par des cochers professionnels, offriraient un service personnalis\u00e9 : horaires libres, parcours sur mesure et discr\u00e9tion. Contrairement aux transports publics naissants, ils garantissaient confort et flexibilit\u00e9.<\/p><p>Avec l&rsquo;arriv\u00e9e du moteur \u00e0 combustion \u00e0 la fin du XIX\u1d49 si\u00e8cle, ces services \u00e9voluent naturellement vers l&rsquo;automobile avec chauffeur. Le principe reste le m\u00eame : un client r\u00e9serve un v\u00e9hicule priv\u00e9 pour un d\u00e9placement pr\u00e9cis. Les bases du VTC moderne sont d\u00e9j\u00e0 l\u00e0.<\/p><p>\u00a0<\/p><\/div><\/div><\/div><\/div>\t\t\t\t\t\t<\/div>\n\t\t\t\t<\/div>\n\t\t\t\t\t<\/div>\n\t\t<\/div>\n\t\t\t\t\t<\/div>\n\t\t<\/section>\n\t\t\t\t<section class=\"elementor-section elementor-top-section elementor-element elementor-element-7f5b29f elementor-section-boxed elementor-section-height-default elementor-section-height-default\" data-id=\"7f5b29f\" data-element_type=\"section\">\n\t\t\t\t\t\t<div class=\"elementor-container elementor-column-gap-default\">\n\t\t\t\t\t<div class=\"elementor-column elementor-col-50 elementor-top-column elementor-element elementor-element-85d9e52\" data-id=\"85d9e52\" data-element_type=\"column\">\n\t\t\t<div class=\"elementor-widget-wrap elementor-element-populated\">\n\t\t\t\t\t\t<div class=\"elementor-element elementor-element-0036c77 elementor-widget elementor-widget-heading\" data-id=\"0036c77\" data-element_type=\"widget\" data-widget_type=\"heading.default\">\n\t\t\t\t<div class=\"elementor-widget-container\">\n\t\t\t<h2 class=\"elementor-heading-title elementor-size-default\">L'\u00e8re du taxi et la naissance des r\u00e8gles<\/h2>\t\t<\/div>\n\t\t\t\t<\/div>\n\t\t\t\t<div class=\"elementor-element elementor-element-e48300c elementor-widget elementor-widget-text-editor\" data-id=\"e48300c\" data-element_type=\"widget\" data-widget_type=\"text-editor.default\">\n\t\t\t\t<div class=\"elementor-widget-container\">\n\t\t\t\t\t\t\t<div class=\"page\" title=\"Page 2\"><div class=\"section\"><div class=\"layoutArea\"><div class=\"column\"><p class=\"Textbody\">Au d\u00e9but du XX\u1d49 si\u00e8cle, les taxis motoris\u00e9s se d\u00e9veloppent rapidement. \u00c0 Paris, Londres ou New York, ils deviennent un moyen de transport populaire. Mais ce succ\u00e8s entra\u00eene aussi des abus : tarifs flous, concurrence anarchique, conflits entre chauffeurs.<\/p><p class=\"Textbody\">Les autorit\u00e9s r\u00e9agissent en mettant en place des <span class=\"StrongEmphasis\">licences<\/span> et une r\u00e9glementation stricte. \u00c0 Paris, la fameuse \u00ab plaque de taxi \u00bb devient obligatoire. Le m\u00e9tier se structure, mais cette organisation limite fortement l&rsquo;acc\u00e8s au march\u00e9 et fige les tarifs.<\/p><p class=\"Textbody\">C&rsquo;est dans cet espace laiss\u00e9 libre que le futur VTC va trouver sa place.<\/p><p>\u00a0<\/p><\/div><\/div><\/div><\/div>\t\t\t\t\t\t<\/div>\n\t\t\t\t<\/div>\n\t\t\t\t\t<\/div>\n\t\t<\/div>\n\t\t\t\t<div class=\"elementor-column elementor-col-50 elementor-top-column elementor-element elementor-element-2791b97\" data-id=\"2791b97\" data-element_type=\"column\">\n\t\t\t<div class=\"elementor-widget-wrap elementor-element-populated\">\n\t\t\t\t\t\t<div class=\"elementor-element elementor-element-d3fe6b7 elementor-widget elementor-widget-heading\" data-id=\"d3fe6b7\" data-element_type=\"widget\" data-widget_type=\"heading.default\">\n\t\t\t\t<div class=\"elementor-widget-container\">\n\t\t\t<h2 class=\"elementor-heading-title elementor-size-default\">Les premiers services de transport priv\u00e9 haut de gamme<\/h2>\t\t<\/div>\n\t\t\t\t<\/div>\n\t\t\t\t<div class=\"elementor-element elementor-element-ebb8d3b elementor-widget elementor-widget-text-editor\" data-id=\"ebb8d3b\" data-element_type=\"widget\" data-widget_type=\"text-editor.default\">\n\t\t\t\t<div class=\"elementor-widget-container\">\n\t\t\t\t\t\t\t<div class=\"page\" title=\"Page 2\"><div class=\"section\"><div class=\"layoutArea\"><div class=\"column\"><p class=\"Textbody\">\u00c0 partir des ann\u00e9es 1970 et 1980, en Europe comme aux \u00c9tats-Unis, apparaissent des services de <span class=\"StrongEmphasis\">voitures avec chauffeur destin\u00e9s \u00e0 une client\u00e8le professionnelle ou touristique haut de gamme<\/span> . On ne parle pas encore de VTC, mais le concept est l\u00e0 : r\u00e9servation \u00e0 l&rsquo;avance, v\u00e9hicules confortables, chauffeurs form\u00e9s au service client.<\/p><p class=\"Textbody\">Aux \u00c9tats-Unis, les <span class=\"StrongEmphasis\">services de limousine<\/span> et les \u00ab voitures noires \u00bb se d\u00e9veloppent, notamment pour les d\u00e9placements d&rsquo;affaires. En Europe, ces services restent discrets mais tr\u00e8s appr\u00e9ci\u00e9s pour leur fiabilit\u00e9 et leur image premium.<\/p><\/div><\/div><\/div><\/div>\t\t\t\t\t\t<\/div>\n\t\t\t\t<\/div>\n\t\t\t\t\t<\/div>\n\t\t<\/div>\n\t\t\t\t\t<\/div>\n\t\t<\/section>\n\t\t<div class=\"elementor-element elementor-element-f96bec0 e-flex e-con-boxed e-con e-parent\" data-id=\"f96bec0\" data-element_type=\"container\" data-settings=\"{&quot;background_background&quot;:&quot;gradient&quot;}\">\n\t\t\t\t\t<div class=\"e-con-inner\">\n\t\t\t\t<div class=\"elementor-element elementor-element-faedd91 elementor-widget__width-initial elementor-widget elementor-widget-image\" data-id=\"faedd91\" data-element_type=\"widget\" data-widget_type=\"image.default\">\n\t\t\t\t<div class=\"elementor-widget-container\">\n\t\t\t\t\t\t\t\t\t\t\t\t\t<img decoding=\"async\" width=\"576\" height=\"1024\" src=\"https:\/\/www.xave-vtc.com\/wp-content\/uploads\/2025\/01\/455847374_122110307504429833_5045844053303053744_n-576x1024.jpg\" class=\"attachment-large size-large wp-image-1135\" alt=\"\" srcset=\"https:\/\/www.xave-vtc.com\/wp-content\/uploads\/2025\/01\/455847374_122110307504429833_5045844053303053744_n-576x1024.jpg 576w, https:\/\/www.xave-vtc.com\/wp-content\/uploads\/2025\/01\/455847374_122110307504429833_5045844053303053744_n-169x300.jpg 169w, https:\/\/www.xave-vtc.com\/wp-content\/uploads\/2025\/01\/455847374_122110307504429833_5045844053303053744_n.jpg 720w\" sizes=\"(max-width: 576px) 100vw, 576px\" \/>\t\t\t\t\t\t\t\t\t\t\t\t\t<\/div>\n\t\t\t\t<\/div>\n\t\t\t\t<div class=\"elementor-element elementor-element-41ecf4d elementor-widget__width-initial elementor-widget elementor-widget-spacer\" data-id=\"41ecf4d\" data-element_type=\"widget\" data-widget_type=\"spacer.default\">\n\t\t\t\t<div class=\"elementor-widget-container\">\n\t\t\t\t\t<div class=\"elementor-spacer\">\n\t\t\t<div class=\"elementor-spacer-inner\"><\/div>\n\t\t<\/div>\n\t\t\t\t<\/div>\n\t\t\t\t<\/div>\n\t\t<div class=\"elementor-element elementor-element-66f743f e-con-full e-flex e-con e-child\" data-id=\"66f743f\" data-element_type=\"container\">\n\t\t\t\t<div class=\"elementor-element elementor-element-620f972 elementor-widget__width-initial elementor-widget elementor-widget-heading\" data-id=\"620f972\" data-element_type=\"widget\" data-widget_type=\"heading.default\">\n\t\t\t\t<div class=\"elementor-widget-container\">\n\t\t\t<h2 class=\"elementor-heading-title elementor-size-default\">La reconnaissance officielle des VTC en France<\/h2>\t\t<\/div>\n\t\t\t\t<\/div>\n\t\t\t\t<div class=\"elementor-element elementor-element-c350ecf elementor-widget__width-initial elementor-widget elementor-widget-text-editor\" data-id=\"c350ecf\" data-element_type=\"widget\" data-widget_type=\"text-editor.default\">\n\t\t\t\t<div class=\"elementor-widget-container\">\n\t\t\t\t\t\t\t<p>En France, le terme VTC (V\u00e9hicule de Transport avec Chauffeur) appara\u00eet apparemment dans les ann\u00e9es 2000. Il sert \u00e0 distinguer clairement ces services des taxis traditionnels.<\/p><p>La loi d\u00e9finit alors deux mod\u00e8les bien s\u00e9par\u00e9s :<\/p><ul><li>Le taxi , autoris\u00e9 \u00e0 prendre des clients dans la rue, avec des tarifs r\u00e9glement\u00e9s.<\/li><li>Le VTC , obligatoirement r\u00e9serv\u00e9 \u00e0 l&rsquo;avance, sans maraude, mais avec une grande libert\u00e9 commerciale.<\/li><\/ul><p>Pour devenir chauffeur VTC, il faut d\u00e9sormais une carte professionnelle , r\u00e9ussir un examen, respectant les normes de v\u00e9hicule et offrir un service irr\u00e9prochable. Le m\u00e9tier se professionnalise et gagne en cr\u00e9dibilit\u00e9.<\/p>\t\t\t\t\t\t<\/div>\n\t\t\t\t<\/div>\n\t\t\t\t<\/div>\n\t\t\t\t\t<\/div>\n\t\t\t\t<\/div>\n\t\t\t\t<section class=\"elementor-section elementor-top-section elementor-element elementor-element-70527b0 elementor-section-boxed elementor-section-height-default elementor-section-height-default\" data-id=\"70527b0\" data-element_type=\"section\">\n\t\t\t\t\t\t<div class=\"elementor-container elementor-column-gap-default\">\n\t\t\t\t\t<div class=\"elementor-column elementor-col-33 elementor-top-column elementor-element elementor-element-90fcf16\" data-id=\"90fcf16\" data-element_type=\"column\">\n\t\t\t<div class=\"elementor-widget-wrap elementor-element-populated\">\n\t\t\t\t\t\t<div class=\"elementor-element elementor-element-a59b10e elementor-widget__width-initial elementor-widget elementor-widget-heading\" data-id=\"a59b10e\" data-element_type=\"widget\" data-widget_type=\"heading.default\">\n\t\t\t\t<div class=\"elementor-widget-container\">\n\t\t\t<h2 class=\"elementor-heading-title elementor-size-default\">La r\u00e9volution num\u00e9rique : un tournant historique<\/h2>\t\t<\/div>\n\t\t\t\t<\/div>\n\t\t\t\t<div class=\"elementor-element elementor-element-5ea0466 elementor-widget elementor-widget-text-editor\" data-id=\"5ea0466\" data-element_type=\"widget\" data-widget_type=\"text-editor.default\">\n\t\t\t\t<div class=\"elementor-widget-container\">\n\t\t\t\t\t\t\t<div class=\"page\" title=\"Page 2\"><div class=\"section\"><div class=\"layoutArea\"><div class=\"column\"><p class=\"Textbody\">Le v\u00e9ritable bouleversement arrive dans les ann\u00e9es 2010 avec les applications mobiles. La g\u00e9olocalisation, le paiement d\u00e9mat\u00e9rialis\u00e9 et la r\u00e9servation instantan\u00e9e changent radicalement l&rsquo;exp\u00e9rience client.<\/p><p class=\"Textbody\">Des plateformes comme Uber, Bolt ou Chauffeur Priv\u00e9 d\u00e9mocratisent le VTC. En quelques secondes, un utilisateur peut commander un v\u00e9hicule, conna\u00eetre le prix \u00e0 l&rsquo;avance et son trajet en temps r\u00e9el. Ce qui \u00e9tait autrefois r\u00e9serv\u00e9 \u00e0 une \u00e9lite devient accessible au grand public.<\/p><p class=\"Textbody\">Cette transformation provoque une forte concurrence avec les taxis et de nombreuses tensions sociales, mais elle installe d\u00e9finitivement les VTC comme un acteur central de la mobilit\u00e9 urbaine.<\/p><\/div><\/div><\/div><\/div>\t\t\t\t\t\t<\/div>\n\t\t\t\t<\/div>\n\t\t\t\t\t<\/div>\n\t\t<\/div>\n\t\t\t\t<div class=\"elementor-column elementor-col-33 elementor-top-column elementor-element elementor-element-42897f5\" data-id=\"42897f5\" data-element_type=\"column\">\n\t\t\t<div class=\"elementor-widget-wrap elementor-element-populated\">\n\t\t\t\t\t\t<div class=\"elementor-element elementor-element-13ae927 elementor-widget elementor-widget-heading\" data-id=\"13ae927\" data-element_type=\"widget\" data-widget_type=\"heading.default\">\n\t\t\t\t<div class=\"elementor-widget-container\">\n\t\t\t<h2 class=\"elementor-heading-title elementor-size-default\">Un mod\u00e8le qui fait d\u00e9bat<\/h2>\t\t<\/div>\n\t\t\t\t<\/div>\n\t\t\t\t<div class=\"elementor-element elementor-element-99fcf90 elementor-widget elementor-widget-text-editor\" data-id=\"99fcf90\" data-element_type=\"widget\" data-widget_type=\"text-editor.default\">\n\t\t\t\t<div class=\"elementor-widget-container\">\n\t\t\t\t\t\t\t<div class=\"page\" title=\"Page 2\"><div class=\"section\"><div class=\"layoutArea\"><div class=\"column\"><p class=\"Textbody\">Le succ\u00e8s des VTC soul\u00e8ve rapidement des questions \u00e9conomiques et sociales. Les taxis d\u00e9noncent une concurrence injuste, tandis que les chauffeurs VTC revendiquent plus de reconnaissance et de protection sociale.<\/p><p class=\"Textbody\">Les pouvoirs publics interviennent progressivement pour encadrer les plateformes, renforcer les contr\u00f4les et clarifier les r\u00e8gles. Le secteur continue d&rsquo;\u00e9voluer, entre ind\u00e9pendance, flexibilit\u00e9 et recherche de stabilit\u00e9.<\/p><\/div><\/div><\/div><\/div>\t\t\t\t\t\t<\/div>\n\t\t\t\t<\/div>\n\t\t\t\t\t<\/div>\n\t\t<\/div>\n\t\t\t\t<div class=\"elementor-column elementor-col-33 elementor-top-column elementor-element elementor-element-f6577cb\" data-id=\"f6577cb\" data-element_type=\"column\">\n\t\t\t<div class=\"elementor-widget-wrap elementor-element-populated\">\n\t\t\t\t\t\t<div class=\"elementor-element elementor-element-b6bb93c elementor-widget elementor-widget-heading\" data-id=\"b6bb93c\" data-element_type=\"widget\" data-widget_type=\"heading.default\">\n\t\t\t\t<div class=\"elementor-widget-container\">\n\t\t\t<h2 class=\"elementor-heading-title elementor-size-default\">Les VTC aujourd'hui et demain<\/h2>\t\t<\/div>\n\t\t\t\t<\/div>\n\t\t\t\t<div class=\"elementor-element elementor-element-97a2a81 elementor-widget elementor-widget-text-editor\" data-id=\"97a2a81\" data-element_type=\"widget\" data-widget_type=\"text-editor.default\">\n\t\t\t\t<div class=\"elementor-widget-container\">\n\t\t\t\t\t\t\t<div class=\"page\" title=\"Page 2\"><div class=\"section\"><div class=\"layoutArea\"><div class=\"column\"><p>Aujourd&rsquo;hui, les VTC jouent un r\u00f4le cl\u00e9 dans les d\u00e9placements urbains. Ils compl\u00e8tent les transports publics, offrent des solutions dans les zones peu desservies et r\u00e9pondent \u00e0 une demande croissante de services personnalis\u00e9s.<\/p>L&rsquo;avenir du VTC s&rsquo;oriente vers :<\/div><ul><li class=\"column\">Des v\u00e9hicules plus \u00e9cologiques (\u00e9lectriques ou hybrides),<\/li><li class=\"column\">Des technologies avanc\u00e9es (applications intelligentes, IA),<\/li><li class=\"column\">Une exp\u00e9rience client toujours plus qualitative.<\/li><\/ul><div class=\"column\"><br \/><p>\u00c0 long terme, les v\u00e9hicules autonomes pourraient encore transformer le m\u00e9tier, comme le moteur automobile l&rsquo;a fait autrefois pour les fiacres.<\/p><\/div><\/div><\/div><\/div>\t\t\t\t\t\t<\/div>\n\t\t\t\t<\/div>\n\t\t\t\t\t<\/div>\n\t\t<\/div>\n\t\t\t\t\t<\/div>\n\t\t<\/section>\n\t\t\t\t<section class=\"elementor-section elementor-top-section elementor-element elementor-element-972551c elementor-section-boxed elementor-section-height-default elementor-section-height-default\" data-id=\"972551c\" data-element_type=\"section\" data-settings=\"{&quot;background_background&quot;:&quot;gradient&quot;}\">\n\t\t\t\t\t\t<div class=\"elementor-container elementor-column-gap-default\">\n\t\t\t\t\t<div class=\"elementor-column elementor-col-100 elementor-top-column elementor-element elementor-element-565d2ba\" data-id=\"565d2ba\" data-element_type=\"column\">\n\t\t\t<div class=\"elementor-widget-wrap elementor-element-populated\">\n\t\t\t\t\t\t<div class=\"elementor-element elementor-element-a235458 elementor-widget elementor-widget-heading\" data-id=\"a235458\" data-element_type=\"widget\" data-widget_type=\"heading.default\">\n\t\t\t\t<div class=\"elementor-widget-container\">\n\t\t\t<h2 class=\"elementor-heading-title elementor-size-default\">Une \u00e9volution continue\n<\/h2>\t\t<\/div>\n\t\t\t\t<\/div>\n\t\t\t\t<div class=\"elementor-element elementor-element-7545061 elementor-widget elementor-widget-text-editor\" data-id=\"7545061\" data-element_type=\"widget\" data-widget_type=\"text-editor.default\">\n\t\t\t\t<div class=\"elementor-widget-container\">\n\t\t\t\t\t\t\t<div class=\"page\" title=\"Page 2\"><div class=\"section\"><div class=\"layoutArea\"><div class=\"column\"><p class=\"Textbody\">L&rsquo;histoire r\u00e9elle des VTC est celle d&rsquo;une adaptation permanente aux besoins des clients et aux \u00e9volutions technologiques. Du fiacre au v\u00e9hicule \u00e9lectrique r\u00e9serv\u00e9 en ligne, le principe reste maintenu : proposer un transport fiable, confortable et sur mesure.<\/p><p class=\"Textbody\">Ce service, autrefois discret, est aujourd&rsquo;hui au c\u0153ur de la mobilit\u00e9 moderne \u2014 et son histoire continue de s&rsquo;\u00e9crire chaque jour sur les routes.<\/p><\/div><\/div><\/div><\/div>\t\t\t\t\t\t<\/div>\n\t\t\t\t<\/div>\n\t\t\t\t\t<\/div>\n\t\t<\/div>\n\t\t\t\t\t<\/div>\n\t\t<\/section>\n\t\t\t\t<\/div>\n\t\t","protected":false},"excerpt":{"rendered":"<p>L&rsquo;histoire r\u00e9elle des VTC : d&rsquo;un service de prestige \u00e0 une r\u00e9volution du transport L&rsquo;histoire des VTC ne commence pas avec les smartphones ni avec Uber. Elle d\u00e9bute bien plus t\u00f4t, \u00e0 une \u00e9poque o\u00f9 se d\u00e9placer en ville \u00e9tait un privil\u00e8ge r\u00e9serv\u00e9 \u00e0 une minorit\u00e9. Des fiacres aux premi\u00e8res voitures avec chauffeur D\u00e8s le<br \/><a class=\"moretag\" href=\"https:\/\/www.xave-vtc.com\/index.php\/lhistoire-des-vtc\/\">+ Read More<\/a><\/p>\n","protected":false},"author":1,"featured_media":0,"parent":0,"menu_order":0,"comment_status":"closed","ping_status":"closed","template":"templates\/page-builder.php","meta":{"footnotes":""},"class_list":["post-1741","page","type-page","status-publish","hentry"],"_links":{"self":[{"href":"https:\/\/www.xave-vtc.com\/index.php\/wp-json\/wp\/v2\/pages\/1741","targetHints":{"allow":["GET"]}}],"collection":[{"href":"https:\/\/www.xave-vtc.com\/index.php\/wp-json\/wp\/v2\/pages"}],"about":[{"href":"https:\/\/www.xave-vtc.com\/index.php\/wp-json\/wp\/v2\/types\/page"}],"author":[{"embeddable":true,"href":"https:\/\/www.xave-vtc.com\/index.php\/wp-json\/wp\/v2\/users\/1"}],"replies":[{"embeddable":true,"href":"https:\/\/www.xave-vtc.com\/index.php\/wp-json\/wp\/v2\/comments?post=1741"}],"version-history":[{"count":10,"href":"https:\/\/www.xave-vtc.com\/index.php\/wp-json\/wp\/v2\/pages\/1741\/revisions"}],"predecessor-version":[{"id":1812,"href":"https:\/\/www.xave-vtc.com\/index.php\/wp-json\/wp\/v2\/pages\/1741\/revisions\/1812"}],"wp:attachment":[{"href":"https:\/\/www.xave-vtc.com\/index.php\/wp-json\/wp\/v2\/media?parent=1741"}],"curies":[{"name":"wp","href":"https:\/\/api.w.org\/{rel}","templated":true}]}}