{"id":851,"date":"2024-12-09T09:32:56","date_gmt":"2024-12-09T08:32:56","guid":{"rendered":"https:\/\/www.xave-vtc.com\/?page_id=851"},"modified":"2025-02-20T15:13:44","modified_gmt":"2025-02-20T14:13:44","slug":"destinations","status":"publish","type":"page","link":"https:\/\/www.xave-vtc.com\/index.php\/destinations\/","title":{"rendered":"Destinations"},"content":{"rendered":"\t\t<div data-elementor-type=\"wp-page\" data-elementor-id=\"851\" class=\"elementor elementor-851\">\n\t\t\t\t\t\t<section class=\"elementor-section elementor-top-section elementor-element elementor-element-d6564f5 elementor-section-boxed elementor-section-height-default elementor-section-height-default\" data-id=\"d6564f5\" data-element_type=\"section\" data-settings=\"{&quot;background_background&quot;:&quot;classic&quot;}\">\n\t\t\t\t\t\t\t<div class=\"elementor-background-overlay\"><\/div>\n\t\t\t\t\t\t\t<div class=\"elementor-container elementor-column-gap-default\">\n\t\t\t\t\t<div class=\"elementor-column elementor-col-50 elementor-top-column elementor-element elementor-element-2e5593f0 elementor-invisible\" data-id=\"2e5593f0\" data-element_type=\"column\" data-settings=\"{&quot;background_background&quot;:&quot;classic&quot;,&quot;animation&quot;:&quot;fadeInLeft&quot;}\">\n\t\t\t<div class=\"elementor-widget-wrap elementor-element-populated\">\n\t\t\t\t\t<div class=\"elementor-background-overlay\"><\/div>\n\t\t\t\t\t\t<div class=\"elementor-element elementor-element-3f987259 elementor-widget elementor-widget-heading\" data-id=\"3f987259\" data-element_type=\"widget\" data-widget_type=\"heading.default\">\n\t\t\t\t<div class=\"elementor-widget-container\">\n\t\t\t<h2 class=\"elementor-heading-title elementor-size-default\">A\u00e9roports &amp; Gares<\/h2>\t\t<\/div>\n\t\t\t\t<\/div>\n\t\t\t\t\t<\/div>\n\t\t<\/div>\n\t\t\t\t<div class=\"elementor-column elementor-col-50 elementor-top-column elementor-element elementor-element-21f4117\" data-id=\"21f4117\" data-element_type=\"column\">\n\t\t\t<div class=\"elementor-widget-wrap elementor-element-populated\">\n\t\t\t\t<div class=\"elementor-element elementor-element-55e5cd2 e-grid animated-slow e-con-boxed elementor-invisible e-con e-parent\" data-id=\"55e5cd2\" data-element_type=\"container\" data-settings=\"{&quot;animation&quot;:&quot;fadeIn&quot;}\">\n\t\t\t\t\t<div class=\"e-con-inner\">\n\t\t\t\t<div class=\"elementor-element elementor-element-6d628714 elementor-widget elementor-widget-image\" data-id=\"6d628714\" data-element_type=\"widget\" data-widget_type=\"image.default\">\n\t\t\t\t<div class=\"elementor-widget-container\">\n\t\t\t\t\t\t\t\t\t\t\t\t\t<img fetchpriority=\"high\" decoding=\"async\" width=\"400\" height=\"400\" src=\"https:\/\/www.xave-vtc.com\/wp-content\/uploads\/2025\/01\/Fichier-10-1-1.jpg\" class=\"attachment-large size-large wp-image-1006\" alt=\"\" srcset=\"https:\/\/www.xave-vtc.com\/wp-content\/uploads\/2025\/01\/Fichier-10-1-1.jpg 400w, https:\/\/www.xave-vtc.com\/wp-content\/uploads\/2025\/01\/Fichier-10-1-1-300x300.jpg 300w, https:\/\/www.xave-vtc.com\/wp-content\/uploads\/2025\/01\/Fichier-10-1-1-150x150.jpg 150w\" sizes=\"(max-width: 400px) 100vw, 400px\" \/>\t\t\t\t\t\t\t\t\t\t\t\t\t<\/div>\n\t\t\t\t<\/div>\n\t\t\t\t<div class=\"elementor-element elementor-element-7e502e64 elementor-widget elementor-widget-image\" data-id=\"7e502e64\" data-element_type=\"widget\" data-widget_type=\"image.default\">\n\t\t\t\t<div class=\"elementor-widget-container\">\n\t\t\t\t\t\t\t\t\t\t\t\t\t<img decoding=\"async\" width=\"400\" height=\"400\" src=\"https:\/\/www.xave-vtc.com\/wp-content\/uploads\/2025\/01\/Fichier-6.jpg\" class=\"attachment-large size-large wp-image-1012\" alt=\"\" srcset=\"https:\/\/www.xave-vtc.com\/wp-content\/uploads\/2025\/01\/Fichier-6.jpg 400w, https:\/\/www.xave-vtc.com\/wp-content\/uploads\/2025\/01\/Fichier-6-300x300.jpg 300w, https:\/\/www.xave-vtc.com\/wp-content\/uploads\/2025\/01\/Fichier-6-150x150.jpg 150w\" sizes=\"(max-width: 400px) 100vw, 400px\" \/>\t\t\t\t\t\t\t\t\t\t\t\t\t<\/div>\n\t\t\t\t<\/div>\n\t\t\t\t<div class=\"elementor-element elementor-element-156df2f elementor-widget elementor-widget-image\" data-id=\"156df2f\" data-element_type=\"widget\" data-widget_type=\"image.default\">\n\t\t\t\t<div class=\"elementor-widget-container\">\n\t\t\t\t\t\t\t\t\t\t\t\t\t<img decoding=\"async\" width=\"400\" height=\"400\" src=\"https:\/\/www.xave-vtc.com\/wp-content\/uploads\/2025\/01\/Fichier-5.jpg\" class=\"attachment-large size-large wp-image-1007\" alt=\"\" srcset=\"https:\/\/www.xave-vtc.com\/wp-content\/uploads\/2025\/01\/Fichier-5.jpg 400w, https:\/\/www.xave-vtc.com\/wp-content\/uploads\/2025\/01\/Fichier-5-300x300.jpg 300w, https:\/\/www.xave-vtc.com\/wp-content\/uploads\/2025\/01\/Fichier-5-150x150.jpg 150w\" sizes=\"(max-width: 400px) 100vw, 400px\" \/>\t\t\t\t\t\t\t\t\t\t\t\t\t<\/div>\n\t\t\t\t<\/div>\n\t\t\t\t<div class=\"elementor-element elementor-element-5fe0d2e5 elementor-widget elementor-widget-image\" data-id=\"5fe0d2e5\" data-element_type=\"widget\" data-widget_type=\"image.default\">\n\t\t\t\t<div class=\"elementor-widget-container\">\n\t\t\t\t\t\t\t\t\t\t\t\t\t<img loading=\"lazy\" decoding=\"async\" width=\"400\" height=\"400\" src=\"https:\/\/www.xave-vtc.com\/wp-content\/uploads\/2025\/01\/Fichier-9-1.jpg\" class=\"attachment-large size-large wp-image-1014\" alt=\"\" srcset=\"https:\/\/www.xave-vtc.com\/wp-content\/uploads\/2025\/01\/Fichier-9-1.jpg 400w, https:\/\/www.xave-vtc.com\/wp-content\/uploads\/2025\/01\/Fichier-9-1-300x300.jpg 300w, https:\/\/www.xave-vtc.com\/wp-content\/uploads\/2025\/01\/Fichier-9-1-150x150.jpg 150w\" sizes=\"(max-width: 400px) 100vw, 400px\" \/>\t\t\t\t\t\t\t\t\t\t\t\t\t<\/div>\n\t\t\t\t<\/div>\n\t\t\t\t<div class=\"elementor-element elementor-element-2ed1299c elementor-widget elementor-widget-image\" data-id=\"2ed1299c\" data-element_type=\"widget\" data-widget_type=\"image.default\">\n\t\t\t\t<div class=\"elementor-widget-container\">\n\t\t\t\t\t\t\t\t\t\t\t\t\t<img loading=\"lazy\" decoding=\"async\" width=\"400\" height=\"400\" src=\"https:\/\/www.xave-vtc.com\/wp-content\/uploads\/2025\/01\/Fichier-7-1.jpg\" class=\"attachment-large size-large wp-image-1016\" alt=\"\" srcset=\"https:\/\/www.xave-vtc.com\/wp-content\/uploads\/2025\/01\/Fichier-7-1.jpg 400w, https:\/\/www.xave-vtc.com\/wp-content\/uploads\/2025\/01\/Fichier-7-1-300x300.jpg 300w, https:\/\/www.xave-vtc.com\/wp-content\/uploads\/2025\/01\/Fichier-7-1-150x150.jpg 150w\" sizes=\"(max-width: 400px) 100vw, 400px\" \/>\t\t\t\t\t\t\t\t\t\t\t\t\t<\/div>\n\t\t\t\t<\/div>\n\t\t\t\t<div class=\"elementor-element elementor-element-49aa142 elementor-view-default elementor-widget elementor-widget-icon\" data-id=\"49aa142\" data-element_type=\"widget\" data-widget_type=\"icon.default\">\n\t\t\t\t<div class=\"elementor-widget-container\">\n\t\t\t\t\t<div class=\"elementor-icon-wrapper\">\n\t\t\t<div class=\"elementor-icon\">\n\t\t\t<svg aria-hidden=\"true\" class=\"e-font-icon-svg e-fas-plus-circle\" viewBox=\"0 0 512 512\" xmlns=\"http:\/\/www.w3.org\/2000\/svg\"><path d=\"M256 8C119 8 8 119 8 256s111 248 248 248 248-111 248-248S393 8 256 8zm144 276c0 6.6-5.4 12-12 12h-92v92c0 6.6-5.4 12-12 12h-56c-6.6 0-12-5.4-12-12v-92h-92c-6.6 0-12-5.4-12-12v-56c0-6.6 5.4-12 12-12h92v-92c0-6.6 5.4-12 12-12h56c6.6 0 12 5.4 12 12v92h92c6.6 0 12 5.4 12 12v56z\"><\/path><\/svg>\t\t\t<\/div>\n\t\t<\/div>\n\t\t\t\t<\/div>\n\t\t\t\t<\/div>\n\t\t\t\t\t<\/div>\n\t\t\t\t<\/div>\n\t\t\t\t\t<\/div>\n\t\t<\/div>\n\t\t\t\t\t<\/div>\n\t\t<\/section>\n\t\t\t\t<section class=\"elementor-section elementor-top-section elementor-element elementor-element-1cb4ac3 elementor-section-boxed elementor-section-height-default elementor-section-height-default\" data-id=\"1cb4ac3\" data-element_type=\"section\" data-settings=\"{&quot;background_background&quot;:&quot;classic&quot;}\">\n\t\t\t\t\t\t\t<div class=\"elementor-background-overlay\"><\/div>\n\t\t\t\t\t\t\t<div class=\"elementor-container elementor-column-gap-default\">\n\t\t\t\t\t<div class=\"elementor-column elementor-col-50 elementor-top-column elementor-element elementor-element-a2c5ddf\" data-id=\"a2c5ddf\" data-element_type=\"column\">\n\t\t\t<div class=\"elementor-widget-wrap elementor-element-populated\">\n\t\t\t\t<div class=\"elementor-element elementor-element-a3aa9ec e-grid animated-slow e-con-boxed elementor-invisible e-con e-parent\" data-id=\"a3aa9ec\" data-element_type=\"container\" data-settings=\"{&quot;animation&quot;:&quot;fadeIn&quot;}\">\n\t\t\t\t\t<div class=\"e-con-inner\">\n\t\t\t\t<div class=\"elementor-element elementor-element-f800bbf elementor-widget elementor-widget-image\" data-id=\"f800bbf\" data-element_type=\"widget\" data-widget_type=\"image.default\">\n\t\t\t\t<div class=\"elementor-widget-container\">\n\t\t\t\t\t\t\t\t\t\t\t\t\t<img loading=\"lazy\" decoding=\"async\" width=\"129\" height=\"130\" src=\"https:\/\/www.xave-vtc.com\/wp-content\/uploads\/2025\/01\/Fichier-3@2x-100.jpg\" class=\"attachment-large size-large wp-image-1032\" alt=\"\" \/>\t\t\t\t\t\t\t\t\t\t\t\t\t<\/div>\n\t\t\t\t<\/div>\n\t\t\t\t<div class=\"elementor-element elementor-element-d8c10a3 elementor-widget elementor-widget-image\" data-id=\"d8c10a3\" data-element_type=\"widget\" data-widget_type=\"image.default\">\n\t\t\t\t<div class=\"elementor-widget-container\">\n\t\t\t\t\t\t\t\t\t\t\t\t\t<img decoding=\"async\" width=\"400\" height=\"400\" src=\"https:\/\/www.xave-vtc.com\/wp-content\/uploads\/2025\/01\/Fichier-6.jpg\" class=\"attachment-large size-large wp-image-1012\" alt=\"\" srcset=\"https:\/\/www.xave-vtc.com\/wp-content\/uploads\/2025\/01\/Fichier-6.jpg 400w, https:\/\/www.xave-vtc.com\/wp-content\/uploads\/2025\/01\/Fichier-6-300x300.jpg 300w, https:\/\/www.xave-vtc.com\/wp-content\/uploads\/2025\/01\/Fichier-6-150x150.jpg 150w\" sizes=\"(max-width: 400px) 100vw, 400px\" \/>\t\t\t\t\t\t\t\t\t\t\t\t\t<\/div>\n\t\t\t\t<\/div>\n\t\t\t\t<div class=\"elementor-element elementor-element-da57ae1 elementor-widget elementor-widget-image\" data-id=\"da57ae1\" data-element_type=\"widget\" data-widget_type=\"image.default\">\n\t\t\t\t<div class=\"elementor-widget-container\">\n\t\t\t\t\t\t\t\t\t\t\t\t\t<img decoding=\"async\" width=\"400\" height=\"400\" src=\"https:\/\/www.xave-vtc.com\/wp-content\/uploads\/2025\/01\/Fichier-5.jpg\" class=\"attachment-large size-large wp-image-1007\" alt=\"\" srcset=\"https:\/\/www.xave-vtc.com\/wp-content\/uploads\/2025\/01\/Fichier-5.jpg 400w, https:\/\/www.xave-vtc.com\/wp-content\/uploads\/2025\/01\/Fichier-5-300x300.jpg 300w, https:\/\/www.xave-vtc.com\/wp-content\/uploads\/2025\/01\/Fichier-5-150x150.jpg 150w\" sizes=\"(max-width: 400px) 100vw, 400px\" \/>\t\t\t\t\t\t\t\t\t\t\t\t\t<\/div>\n\t\t\t\t<\/div>\n\t\t\t\t<div class=\"elementor-element elementor-element-1b87405 elementor-widget elementor-widget-image\" data-id=\"1b87405\" data-element_type=\"widget\" data-widget_type=\"image.default\">\n\t\t\t\t<div class=\"elementor-widget-container\">\n\t\t\t\t\t\t\t\t\t\t\t\t\t<img loading=\"lazy\" decoding=\"async\" width=\"400\" height=\"400\" src=\"https:\/\/www.xave-vtc.com\/wp-content\/uploads\/2025\/01\/Fichier-9-1.jpg\" class=\"attachment-large size-large wp-image-1014\" alt=\"\" srcset=\"https:\/\/www.xave-vtc.com\/wp-content\/uploads\/2025\/01\/Fichier-9-1.jpg 400w, https:\/\/www.xave-vtc.com\/wp-content\/uploads\/2025\/01\/Fichier-9-1-300x300.jpg 300w, https:\/\/www.xave-vtc.com\/wp-content\/uploads\/2025\/01\/Fichier-9-1-150x150.jpg 150w\" sizes=\"(max-width: 400px) 100vw, 400px\" \/>\t\t\t\t\t\t\t\t\t\t\t\t\t<\/div>\n\t\t\t\t<\/div>\n\t\t\t\t<div class=\"elementor-element elementor-element-6f06538 elementor-widget elementor-widget-image\" data-id=\"6f06538\" data-element_type=\"widget\" data-widget_type=\"image.default\">\n\t\t\t\t<div class=\"elementor-widget-container\">\n\t\t\t\t\t\t\t\t\t\t\t\t\t<img loading=\"lazy\" decoding=\"async\" width=\"400\" height=\"400\" src=\"https:\/\/www.xave-vtc.com\/wp-content\/uploads\/2025\/01\/Fichier-7-1.jpg\" class=\"attachment-large size-large wp-image-1016\" alt=\"\" srcset=\"https:\/\/www.xave-vtc.com\/wp-content\/uploads\/2025\/01\/Fichier-7-1.jpg 400w, https:\/\/www.xave-vtc.com\/wp-content\/uploads\/2025\/01\/Fichier-7-1-300x300.jpg 300w, https:\/\/www.xave-vtc.com\/wp-content\/uploads\/2025\/01\/Fichier-7-1-150x150.jpg 150w\" sizes=\"(max-width: 400px) 100vw, 400px\" \/>\t\t\t\t\t\t\t\t\t\t\t\t\t<\/div>\n\t\t\t\t<\/div>\n\t\t\t\t<div class=\"elementor-element elementor-element-6d75ede elementor-view-default elementor-widget elementor-widget-icon\" data-id=\"6d75ede\" data-element_type=\"widget\" data-widget_type=\"icon.default\">\n\t\t\t\t<div class=\"elementor-widget-container\">\n\t\t\t\t\t<div class=\"elementor-icon-wrapper\">\n\t\t\t<div class=\"elementor-icon\">\n\t\t\t<svg aria-hidden=\"true\" class=\"e-font-icon-svg e-fas-plus-circle\" viewBox=\"0 0 512 512\" xmlns=\"http:\/\/www.w3.org\/2000\/svg\"><path d=\"M256 8C119 8 8 119 8 256s111 248 248 248 248-111 248-248S393 8 256 8zm144 276c0 6.6-5.4 12-12 12h-92v92c0 6.6-5.4 12-12 12h-56c-6.6 0-12-5.4-12-12v-92h-92c-6.6 0-12-5.4-12-12v-56c0-6.6 5.4-12 12-12h92v-92c0-6.6 5.4-12 12-12h56c6.6 0 12 5.4 12 12v92h92c6.6 0 12 5.4 12 12v56z\"><\/path><\/svg>\t\t\t<\/div>\n\t\t<\/div>\n\t\t\t\t<\/div>\n\t\t\t\t<\/div>\n\t\t\t\t\t<\/div>\n\t\t\t\t<\/div>\n\t\t\t\t\t<\/div>\n\t\t<\/div>\n\t\t\t\t<div class=\"elementor-column elementor-col-50 elementor-top-column elementor-element elementor-element-c180851 elementor-invisible\" data-id=\"c180851\" data-element_type=\"column\" data-settings=\"{&quot;background_background&quot;:&quot;classic&quot;,&quot;animation&quot;:&quot;fadeInRight&quot;}\">\n\t\t\t<div class=\"elementor-widget-wrap elementor-element-populated\">\n\t\t\t\t\t<div class=\"elementor-background-overlay\"><\/div>\n\t\t\t\t\t\t<div class=\"elementor-element elementor-element-64836b0 elementor-widget elementor-widget-heading\" data-id=\"64836b0\" data-element_type=\"widget\" data-widget_type=\"heading.default\">\n\t\t\t\t<div class=\"elementor-widget-container\">\n\t\t\t<h2 class=\"elementor-heading-title elementor-size-default\">Stades &amp; \u00c9v\u00e9nements<\/h2>\t\t<\/div>\n\t\t\t\t<\/div>\n\t\t\t\t\t<\/div>\n\t\t<\/div>\n\t\t\t\t\t<\/div>\n\t\t<\/section>\n\t\t\t\t<section class=\"elementor-section elementor-top-section elementor-element elementor-element-4c1dfdd0 elementor-section-full_width elementor-section-height-default elementor-section-height-default\" data-id=\"4c1dfdd0\" data-element_type=\"section\" data-settings=\"{&quot;background_background&quot;:&quot;gradient&quot;}\">\n\t\t\t\t\t\t<div class=\"elementor-container elementor-column-gap-default\">\n\t\t\t\t\t<div class=\"elementor-column elementor-col-100 elementor-top-column elementor-element elementor-element-4a6353d2\" data-id=\"4a6353d2\" data-element_type=\"column\">\n\t\t\t<div class=\"elementor-widget-wrap elementor-element-populated\">\n\t\t\t\t\t\t<section class=\"elementor-section elementor-inner-section elementor-element elementor-element-3b3682e elementor-section-boxed elementor-section-height-default elementor-section-height-default\" data-id=\"3b3682e\" data-element_type=\"section\">\n\t\t\t\t\t\t<div class=\"elementor-container elementor-column-gap-default\">\n\t\t\t\t\t<div class=\"elementor-column elementor-col-50 elementor-inner-column elementor-element elementor-element-780c5e74\" data-id=\"780c5e74\" data-element_type=\"column\">\n\t\t\t<div class=\"elementor-widget-wrap elementor-element-populated\">\n\t\t\t\t\t\t<div class=\"elementor-element elementor-element-6f01143e elementor-widget elementor-widget-heading\" data-id=\"6f01143e\" data-element_type=\"widget\" data-widget_type=\"heading.default\">\n\t\t\t\t<div class=\"elementor-widget-container\">\n\t\t\t<h2 class=\"elementor-heading-title elementor-size-default\">R\u00e9servez votre trajet d\u00e8s aujourd'hui<\/h2>\t\t<\/div>\n\t\t\t\t<\/div>\n\t\t\t\t<div class=\"elementor-element elementor-element-7d1a78eb elementor-widget elementor-widget-text-editor\" data-id=\"7d1a78eb\" data-element_type=\"widget\" data-widget_type=\"text-editor.default\">\n\t\t\t\t<div class=\"elementor-widget-container\">\n\t\t\t\t\t\t\t<p>Pr\u00eat \u00e0 voyager en toute confiance ? Remplissez notre formulaire en ligne ou contactez-nous directement. Nous sommes disponibles 24\/7 pour r\u00e9pondre \u00e0 vos besoins.<br \/><br \/>Possibilit\u00e9 de r\u00e9servation van pour famille nombreuses ou groupe et plusieurs berlines avec chauffeur disponibles sur demande.<\/p>\t\t\t\t\t\t<\/div>\n\t\t\t\t<\/div>\n\t\t\t\t<div class=\"elementor-element elementor-element-36e2f934 taxi-banner-button elementor-mobile-align-center elementor-widget elementor-widget-button\" data-id=\"36e2f934\" data-element_type=\"widget\" data-widget_type=\"button.default\">\n\t\t\t\t<div class=\"elementor-widget-container\">\n\t\t\t\t\t\t\t<div class=\"elementor-button-wrapper\">\n\t\t\t\t\t<a class=\"elementor-button elementor-button-link elementor-size-sm\" href=\"https:\/\/www.xave-vtc.com\/index.php\/contact\/\">\n\t\t\t\t\t\t<span class=\"elementor-button-content-wrapper\">\n\t\t\t\t\t\t\t\t\t<span class=\"elementor-button-text\">Demander une r\u00e9servation<\/span>\n\t\t\t\t\t<\/span>\n\t\t\t\t\t<\/a>\n\t\t\t\t<\/div>\n\t\t\t\t\t\t<\/div>\n\t\t\t\t<\/div>\n\t\t\t\t\t<\/div>\n\t\t<\/div>\n\t\t\t\t<div class=\"elementor-column elementor-col-50 elementor-inner-column elementor-element elementor-element-66ac87f1\" data-id=\"66ac87f1\" data-element_type=\"column\">\n\t\t\t<div class=\"elementor-widget-wrap elementor-element-populated\">\n\t\t\t\t\t\t<div class=\"elementor-element elementor-element-2e1e1cd7 elementor-invisible elementor-widget elementor-widget-image\" data-id=\"2e1e1cd7\" data-element_type=\"widget\" data-settings=\"{&quot;_animation&quot;:&quot;fadeInRight&quot;}\" data-widget_type=\"image.default\">\n\t\t\t\t<div class=\"elementor-widget-container\">\n\t\t\t\t\t\t\t\t\t\t\t\t\t<img loading=\"lazy\" decoding=\"async\" width=\"654\" height=\"454\" src=\"https:\/\/www.xave-vtc.com\/wp-content\/uploads\/2025\/02\/Fichier-3.png\" class=\"elementor-animation-grow attachment-large size-large wp-image-1351\" alt=\"\" srcset=\"https:\/\/www.xave-vtc.com\/wp-content\/uploads\/2025\/02\/Fichier-3.png 654w, https:\/\/www.xave-vtc.com\/wp-content\/uploads\/2025\/02\/Fichier-3-300x208.png 300w\" sizes=\"(max-width: 654px) 100vw, 654px\" \/>\t\t\t\t\t\t\t\t\t\t\t\t\t<\/div>\n\t\t\t\t<\/div>\n\t\t\t\t<div class=\"elementor-element elementor-element-1b45dc3e taxi-column-img animated-slow elementor-invisible elementor-widget elementor-widget-image\" data-id=\"1b45dc3e\" data-element_type=\"widget\" data-settings=\"{&quot;_animation&quot;:&quot;slideInRight&quot;}\" data-widget_type=\"image.default\">\n\t\t\t\t<div class=\"elementor-widget-container\">\n\t\t\t\t\t\t\t\t\t\t\t\t\t<img loading=\"lazy\" decoding=\"async\" width=\"760\" height=\"451\" src=\"https:\/\/www.xave-vtc.com\/wp-content\/uploads\/2024\/12\/GUID-BEE67A59-6DD7-460C-9C49-0DD47E707A02-online-en-US.png\" class=\"elementor-animation-grow attachment-full size-full wp-image-892\" alt=\"\" srcset=\"https:\/\/www.xave-vtc.com\/wp-content\/uploads\/2024\/12\/GUID-BEE67A59-6DD7-460C-9C49-0DD47E707A02-online-en-US.png 760w, https:\/\/www.xave-vtc.com\/wp-content\/uploads\/2024\/12\/GUID-BEE67A59-6DD7-460C-9C49-0DD47E707A02-online-en-US-300x178.png 300w\" sizes=\"(max-width: 760px) 100vw, 760px\" \/>\t\t\t\t\t\t\t\t\t\t\t\t\t<\/div>\n\t\t\t\t<\/div>\n\t\t\t\t\t<\/div>\n\t\t<\/div>\n\t\t\t\t\t<\/div>\n\t\t<\/section>\n\t\t\t\t\t<\/div>\n\t\t<\/div>\n\t\t\t\t\t<\/div>\n\t\t<\/section>\n\t\t\t\t<\/div>\n\t\t","protected":false},"excerpt":{"rendered":"<p>A\u00e9roports &amp; Gares Stades &amp; \u00c9v\u00e9nements R\u00e9servez votre trajet d\u00e8s aujourd&rsquo;hui Pr\u00eat \u00e0 voyager en toute confiance ? Remplissez notre formulaire en ligne ou contactez-nous directement. Nous sommes disponibles 24\/7 pour r\u00e9pondre \u00e0 vos besoins. Possibilit\u00e9 de r\u00e9servation van pour famille nombreuses ou groupe et plusieurs berlines avec chauffeur disponibles sur demande. Demander une r\u00e9servation<\/p>\n","protected":false},"author":1,"featured_media":0,"parent":0,"menu_order":0,"comment_status":"closed","ping_status":"closed","template":"templates\/page-builder.php","meta":{"footnotes":""},"class_list":["post-851","page","type-page","status-publish","hentry"],"_links":{"self":[{"href":"https:\/\/www.xave-vtc.com\/index.php\/wp-json\/wp\/v2\/pages\/851","targetHints":{"allow":["GET"]}}],"collection":[{"href":"https:\/\/www.xave-vtc.com\/index.php\/wp-json\/wp\/v2\/pages"}],"about":[{"href":"https:\/\/www.xave-vtc.com\/index.php\/wp-json\/wp\/v2\/types\/page"}],"author":[{"embeddable":true,"href":"https:\/\/www.xave-vtc.com\/index.php\/wp-json\/wp\/v2\/users\/1"}],"replies":[{"embeddable":true,"href":"https:\/\/www.xave-vtc.com\/index.php\/wp-json\/wp\/v2\/comments?post=851"}],"version-history":[{"count":52,"href":"https:\/\/www.xave-vtc.com\/index.php\/wp-json\/wp\/v2\/pages\/851\/revisions"}],"predecessor-version":[{"id":1405,"href":"https:\/\/www.xave-vtc.com\/index.php\/wp-json\/wp\/v2\/pages\/851\/revisions\/1405"}],"wp:attachment":[{"href":"https:\/\/www.xave-vtc.com\/index.php\/wp-json\/wp\/v2\/media?parent=851"}],"curies":[{"name":"wp","href":"https:\/\/api.w.org\/{rel}","templated":true}]}}